{"id":9368,"date":"2025-11-15T12:01:48","date_gmt":"2025-11-15T12:01:48","guid":{"rendered":"https:\/\/mikeladzenailstore.com\/p\/modeling-gel-frappe-15ml\/"},"modified":"2026-03-27T07:53:53","modified_gmt":"2026-03-27T07:53:53","slug":"modeling-gel-frappe-15ml","status":"publish","type":"product","link":"https:\/\/mikeladzenailstore.com\/sk\/produkt\/modeling-gel-frappe-15ml\/","title":{"rendered":"Modeling gel FRAPPE Trendy nails 15ml"},"content":{"rendered":"<p data-start=\"78\" data-end=\"144\"><strong data-start=\"78\" data-end=\"144\">Balletti Modeling Gel \u2013 samovyrovn\u00e1vac\u00ed gel pro modelaci neht\u016f<\/strong><\/p>\n<p data-start=\"146\" data-end=\"410\"><strong data-start=\"146\" data-end=\"167\">Balletti Modeling<\/strong> je <strong data-start=\"171\" data-end=\"206\">vysoce kvalitn\u00ed gel costruttore<\/strong>, navr\u017een\u00fd tak, aby umo\u017enil <strong data-start=\"234\" data-end=\"263\">prodlu\u017eov\u00e1n\u00ed bez pilov\u00e1n\u00ed<\/strong> a perfektn\u00ed zpracov\u00e1n\u00ed v ka\u017ed\u00e9 f\u00e1zi. Jeho <strong data-start=\"306\" data-end=\"327\">modern\u00ed formulace<\/strong> zaji\u0161\u0165uje <strong data-start=\"338\" data-end=\"372\">jednoduchou a rychlou aplikaci<\/strong> bez kompromis\u016f na kvalit\u011b v\u00fdsledku.<\/p>\n<h3 data-start=\"412\" data-end=\"434\">Hlavn\u00ed vlastnosti:<\/h3>\n<ul data-start=\"435\" data-end=\"1262\">\n<li data-start=\"435\" data-end=\"570\">\n<p data-start=\"437\" data-end=\"570\"><strong data-start=\"437\" data-end=\"464\">Jemn\u00fd broskvov\u00fd odst\u00edn:<\/strong> Elegantn\u00ed a univerz\u00e1ln\u00ed, lichot\u00ed v\u0161em t\u00f3n\u016fm pleti a dod\u00e1v\u00e1 neht\u016fm <strong data-start=\"531\" data-end=\"567\">p\u0159irozen\u00fd a sofistikovan\u00fd vzhled<\/strong>.<\/p>\n<\/li>\n<li data-start=\"571\" data-end=\"700\">\n<p data-start=\"573\" data-end=\"700\"><strong data-start=\"573\" data-end=\"614\">Obohacen mikro t\u0159pytkami (&#8222;shimmer&#8220;):<\/strong> Dod\u00e1v\u00e1 neht\u016fm <strong data-start=\"629\" data-end=\"665\">jemn\u00fd lesk a sofistikovan\u00fd efekt<\/strong>, ide\u00e1ln\u00ed pro elegantn\u00ed manicure.<\/p>\n<\/li>\n<li data-start=\"701\" data-end=\"876\">\n<p data-start=\"703\" data-end=\"876\"><strong data-start=\"703\" data-end=\"743\">Medov\u00e1, samovyrovn\u00e1vac\u00ed konzistence:<\/strong> Gel se snadno nan\u00e1\u0161\u00ed rovnom\u011brn\u011b, <strong data-start=\"777\" data-end=\"787\">nekap\u00e1<\/strong> a <strong data-start=\"790\" data-end=\"813\">nevy\u017eaduje pilov\u00e1n\u00ed<\/strong>, \u010d\u00edm\u017e se <strong data-start=\"823\" data-end=\"846\">zkracuje doba pr\u00e1ce<\/strong> a zvy\u0161uje kvalita v\u00fdsledku.<\/p>\n<\/li>\n<li data-start=\"877\" data-end=\"984\">\n<p data-start=\"879\" data-end=\"984\"><strong data-start=\"879\" data-end=\"908\">Perfektn\u00ed udr\u017een\u00ed C-luku:<\/strong> Zaji\u0161\u0165uje <strong data-start=\"919\" data-end=\"953\">pevnou a definovanou strukturu<\/strong>, udr\u017euje tvar oblouku nehtu.<\/p>\n<\/li>\n<li data-start=\"985\" data-end=\"1122\">\n<p data-start=\"987\" data-end=\"1122\"><strong data-start=\"987\" data-end=\"1018\">Extr\u00e9mn\u011b stabiln\u00ed a odoln\u00fd:<\/strong> Gel je <strong data-start=\"1026\" data-end=\"1061\">stabiln\u00ed i na n\u00e1ro\u010dn\u00fdch nehtech<\/strong> a poskytuje <strong data-start=\"1074\" data-end=\"1119\">vynikaj\u00edc\u00ed v\u00fddr\u017e p\u0159es 4 t\u00fddny bez zved\u00e1n\u00ed<\/strong>.<\/p>\n<\/li>\n<li data-start=\"1123\" data-end=\"1219\">\n<p data-start=\"1125\" data-end=\"1219\"><strong data-start=\"1125\" data-end=\"1140\">V\u0161estrann\u00fd:<\/strong> Vhodn\u00fd pro <strong data-start=\"1152\" data-end=\"1170\">r\u016fzn\u00e9 techniky<\/strong>, v\u010detn\u011b <strong data-start=\"1179\" data-end=\"1216\">obr\u00e1cen\u00e9ho french, refill a kryt\u00ed<\/strong>.<\/p>\n<\/li>\n<li data-start=\"1220\" data-end=\"1262\">\n<p data-start=\"1222\" data-end=\"1262\"><strong data-start=\"1222\" data-end=\"1242\">Dostupn\u00e9 balen\u00ed:<\/strong> 15 ml nebo 30 ml.<\/p>\n<\/li>\n<\/ul>\n<h3 data-start=\"1264\" data-end=\"1282\">Hlavn\u00ed v\u00fdhody:<\/h3>\n<ul data-start=\"1283\" data-end=\"1836\">\n<li data-start=\"1283\" data-end=\"1387\">\n<p data-start=\"1285\" data-end=\"1387\"><strong data-start=\"1285\" data-end=\"1316\">V\u00fdborn\u00e1 v\u00fddr\u017e p\u0159es 4 t\u00fddny:<\/strong> Bez zved\u00e1n\u00ed \u010di prask\u00e1n\u00ed, udr\u017euje perfektn\u00ed v\u00fdsledek po dlouhou dobu.<\/p>\n<\/li>\n<li data-start=\"1388\" data-end=\"1478\">\n<p data-start=\"1390\" data-end=\"1478\"><strong data-start=\"1390\" data-end=\"1415\">Stabilita a odolnost:<\/strong> Gel <strong data-start=\"1420\" data-end=\"1433\">ne\u017eloutne<\/strong> a je spolehliv\u00fd i na probl\u00e9mov\u00fdch nehtech.<\/p>\n<\/li>\n<li data-start=\"1479\" data-end=\"1544\">\n<p data-start=\"1481\" data-end=\"1544\"><strong data-start=\"1481\" data-end=\"1499\">Udr\u017euje C-luk:<\/strong> Struktura z\u016fst\u00e1v\u00e1 stabiln\u00ed, bez deformac\u00ed.<\/p>\n<\/li>\n<li data-start=\"1545\" data-end=\"1645\">\n<p data-start=\"1547\" data-end=\"1645\"><strong data-start=\"1547\" data-end=\"1573\">Flexibilita a pohodl\u00ed:<\/strong> Elastick\u00fd a odoln\u00fd, umo\u017e\u0148uje komfortn\u00ed pr\u00e1ci bez prasklin \u010di zved\u00e1n\u00ed.<\/p>\n<\/li>\n<li data-start=\"1646\" data-end=\"1736\">\n<p data-start=\"1648\" data-end=\"1736\"><strong data-start=\"1648\" data-end=\"1670\">Nezpaluje v lamp\u011b:<\/strong> Jemn\u00e1 formula zaru\u010duje <strong data-start=\"1694\" data-end=\"1718\">komfortn\u00ed polymeraci<\/strong> bez p\u0159eh\u0159\u00edv\u00e1n\u00ed.<\/p>\n<\/li>\n<li data-start=\"1737\" data-end=\"1836\">\n<p data-start=\"1739\" data-end=\"1836\"><strong data-start=\"1739\" data-end=\"1759\">Samovyrovn\u00e1vac\u00ed:<\/strong> Nevy\u017eaduje pilov\u00e1n\u00ed, \u0161et\u0159\u00ed \u010das a zaji\u0161\u0165uje <strong data-start=\"1803\" data-end=\"1833\">dokonal\u00fd finish bez n\u00e1mahy<\/strong>.<\/p>\n<\/li>\n<\/ul>\n<h3 data-start=\"1838\" data-end=\"1856\">Jak aplikovat:<\/h3>\n<ol data-start=\"1857\" data-end=\"2313\">\n<li data-start=\"1857\" data-end=\"2008\">\n<p data-start=\"1860\" data-end=\"2008\"><strong data-start=\"1860\" data-end=\"1890\">P\u0159\u00edprava p\u0159\u00edrodn\u00edho nehtu:<\/strong> mechanick\u00e9 a chemick\u00e9 o\u010di\u0161t\u011bn\u00ed nehtu, aplikace <strong data-start=\"1938\" data-end=\"1951\">Nail Prep<\/strong>. Na obt\u00ed\u017en\u00e9 nehty doporu\u010dujeme i <strong data-start=\"1985\" data-end=\"2005\">Multibond Primer<\/strong>.<\/p>\n<\/li>\n<li data-start=\"2009\" data-end=\"2087\">\n<p data-start=\"2012\" data-end=\"2087\"><strong data-start=\"2012\" data-end=\"2031\">Pr\u016fhledn\u00e1 b\u00e1ze:<\/strong> tenk\u00e1 vrstva <strong data-start=\"2045\" data-end=\"2059\">Base Light<\/strong> nebo <strong data-start=\"2065\" data-end=\"2084\">Dream Base Elsa<\/strong>.<\/p>\n<\/li>\n<li data-start=\"2088\" data-end=\"2313\">\n<p data-start=\"2091\" data-end=\"2313\"><strong data-start=\"2091\" data-end=\"2118\">Nanesen\u00ed Modeling Gelu:<\/strong> aplikujte <strong data-start=\"2129\" data-end=\"2146\">perli\u010dku gelu<\/strong> na nehet, jemn\u011b rozet\u0159ete od k\u016f\u017ei\u010dky ke \u0161pi\u010dce a vytvo\u0159te <strong data-start=\"2205\" data-end=\"2230\">rovnom\u011brnou strukturu<\/strong>. Polymerujte v lamp\u011b. U <strong data-start=\"2255\" data-end=\"2268\">dual form<\/strong> doporu\u010dujeme pracovat <strong data-start=\"2291\" data-end=\"2310\">po jednom nehtu<\/strong>.<\/p>\n<\/li>\n<\/ol>\n<h3 data-start=\"2315\" data-end=\"2335\">Doba polymerace:<\/h3>\n<ul data-start=\"2336\" data-end=\"2384\">\n<li data-start=\"2336\" data-end=\"2361\">\n<p data-start=\"2338\" data-end=\"2361\"><strong data-start=\"2338\" data-end=\"2349\">LED\/UV:<\/strong> 60 sekund<\/p>\n<\/li>\n<li data-start=\"2362\" data-end=\"2384\">\n<p data-start=\"2364\" data-end=\"2384\"><strong data-start=\"2364\" data-end=\"2371\">UV:<\/strong> 120 sekund<\/p>\n<\/li>\n<\/ul>\n<h3 data-start=\"2386\" data-end=\"2408\">Pinzov\u00e1n\u00ed oblouku:<\/h3>\n<ul data-start=\"2409\" data-end=\"2427\">\n<li data-start=\"2409\" data-end=\"2427\">\n<p data-start=\"2411\" data-end=\"2427\"><strong data-start=\"2411\" data-end=\"2427\">10\u201320 sekund<\/strong><\/p>\n<\/li>\n<\/ul>\n","protected":false},"excerpt":{"rendered":"<p>Balletti Modeling Gel \u2013 samovyrovn\u00e1vac\u00ed gel pro modelaci neht\u016f Balletti Modeling je vysoce kvalitn\u00ed gel costruttore, navr\u017een\u00fd tak, aby umo\u017enil prodlu\u017eov\u00e1n\u00ed bez pilov\u00e1n\u00ed a perfektn\u00ed zpracov\u00e1n\u00ed v ka\u017ed\u00e9 f\u00e1zi. Jeho modern\u00ed formulace zaji\u0161\u0165uje jednoduchou a rychlou aplikaci bez kompromis\u016f na kvalit\u011b v\u00fdsledku. Hlavn\u00ed vlastnosti: Jemn\u00fd broskvov\u00fd odst\u00edn: Elegantn\u00ed a univerz\u00e1ln\u00ed, lichot\u00ed v\u0161em t\u00f3n\u016fm pleti a [&hellip;]<\/p>\n","protected":false},"featured_media":4530,"comment_status":"open","ping_status":"closed","template":"","meta":[],"pwb-brand":[],"product_brand":[],"product_cat":[656],"product_tag":[],"berocket_brand":[437],"class_list":{"0":"post-9368","1":"product","2":"type-product","3":"status-publish","4":"has-post-thumbnail","6":"product_cat-modeling-gel-trendy-nails","7":"berocket_brand-trendy-nails","9":"first","10":"outofstock","11":"taxable","12":"shipping-taxable","13":"purchasable","14":"product-type-simple"},"acf":[],"brands":[],"_links":{"self":[{"href":"https:\/\/mikeladzenailstore.com\/sk\/wp-json\/wp\/v2\/product\/9368","targetHints":{"allow":["GET"]}}],"collection":[{"href":"https:\/\/mikeladzenailstore.com\/sk\/wp-json\/wp\/v2\/product"}],"about":[{"href":"https:\/\/mikeladzenailstore.com\/sk\/wp-json\/wp\/v2\/types\/product"}],"replies":[{"embeddable":true,"href":"https:\/\/mikeladzenailstore.com\/sk\/wp-json\/wp\/v2\/comments?post=9368"}],"version-history":[{"count":0,"href":"https:\/\/mikeladzenailstore.com\/sk\/wp-json\/wp\/v2\/product\/9368\/revisions"}],"wp:featuredmedia":[{"embeddable":true,"href":"https:\/\/mikeladzenailstore.com\/sk\/wp-json\/wp\/v2\/media\/4530"}],"wp:attachment":[{"href":"https:\/\/mikeladzenailstore.com\/sk\/wp-json\/wp\/v2\/media?parent=9368"}],"wp:term":[{"taxonomy":"pwb-brand","embeddable":true,"href":"https:\/\/mikeladzenailstore.com\/sk\/wp-json\/wp\/v2\/pwb-brand?post=9368"},{"taxonomy":"product_brand","embeddable":true,"href":"https:\/\/mikeladzenailstore.com\/sk\/wp-json\/wp\/v2\/product_brand?post=9368"},{"taxonomy":"product_cat","embeddable":true,"href":"https:\/\/mikeladzenailstore.com\/sk\/wp-json\/wp\/v2\/product_cat?post=9368"},{"taxonomy":"product_tag","embeddable":true,"href":"https:\/\/mikeladzenailstore.com\/sk\/wp-json\/wp\/v2\/product_tag?post=9368"},{"taxonomy":"berocket_brand","embeddable":true,"href":"https:\/\/mikeladzenailstore.com\/sk\/wp-json\/wp\/v2\/berocket_brand?post=9368"}],"curies":[{"name":"wp","href":"https:\/\/api.w.org\/{rel}","templated":true}]}}