{"id":9443,"date":"2025-11-15T12:01:30","date_gmt":"2025-11-15T12:01:30","guid":{"rendered":"https:\/\/mikeladzenailstore.com\/p\/no-tpo-modeling-gel-flower-5-50-ml\/"},"modified":"2026-01-20T10:34:53","modified_gmt":"2026-01-20T10:34:53","slug":"no-tpo-modeling-gel-flower-5-50-ml","status":"publish","type":"product","link":"https:\/\/mikeladzenailstore.com\/sk\/produkt\/no-tpo-modeling-gel-flower-5-50-ml\/","title":{"rendered":"No TPO Modeling gel \u201cFlower 5\u201d\/50 ml"},"content":{"rendered":"<p>Flower in milk \u2013 ml\u00e9\u010dn\u00e1 kolekce pevn\u00fdch tekut\u00fdch gel\u016f \u0159ady Super Gel<\/p>\n<\/p>\n<p>Gel m\u00e1 tekutou konzistenci, d\u00edky kter\u00e9 se rychle samovyrovn\u00e1v\u00e1 a nan\u00e1\u0161\u00ed se v tenk\u00e9 vrstv\u011b. Jedn\u00e1 se o pevn\u00e9 gely, kter\u00e9 jsou ide\u00e1ln\u00ed pro prodlu\u017eov\u00e1n\u00ed, zpevn\u011bn\u00ed nebo modelaci jak\u00e9koli d\u00e9lky a techniky, v\u010detn\u011b pr\u00e1ce s horn\u00edmi formami. Dob\u0159e dr\u017e\u00ed oblouk.<\/p>\n<\/p>\n<p>Konzistence: tekut\u00e1<\/p>\n<p>V\u016fn\u011b: neutr\u00e1ln\u00ed<\/p>\n<p>Barva: ml\u00e9\u010dn\u011b r\u016f\u017eov\u00e1 s r\u016f\u017eov\u00fdmi su\u0161en\u00fdmi kv\u011bty<\/p>\n<p>V\u00fdrobce: TOV \u201cPink beauty professional\u201d<\/p>\n<\/p>\n<p>Zp\u016fsob pou\u017eit\u00ed:<\/p>\n<p>\t\u2022\tNa p\u0159ipravenou nehtovou plot\u00e9nku (mechanick\u00e9 opracov\u00e1n\u00ed piln\u00edkem nebo buffrem, manik\u00fara);<\/p>\n<p>\t\u2022\tNaneste Nail prep, pot\u00e9 polosu\u0161en\u00fdm \u0161t\u011btcem Ultrabond;<\/p>\n<p>\t\u2022\tNaneste pot\u0159ebn\u00e9 mno\u017estv\u00ed gelu, vymodelujte po\u017eadovan\u00fd tvar a d\u00e9lku, vytvr\u010fte v lamp\u011b 2 minuty;<\/p>\n<p>\t\u2022\tOdstra\u0148te v\u00fdpotek, v p\u0159\u00edpad\u011b pot\u0159eby opilujte do tvaru;<\/p>\n<p>\t\u2022\tD\u016fkladn\u011b odstra\u0148te prach \u0161t\u011btcem, p\u0159et\u0159ete topem a vytvr\u010fte 2 minuty.<\/p>\n","protected":false},"excerpt":{"rendered":"<p>Flower in milk \u2013 ml\u00e9\u010dn\u00e1 kolekce pevn\u00fdch tekut\u00fdch gel\u016f \u0159ady Super Gel Gel m\u00e1 tekutou konzistenci, d\u00edky kter\u00e9 se rychle samovyrovn\u00e1v\u00e1 a nan\u00e1\u0161\u00ed se v tenk\u00e9 vrstv\u011b. Jedn\u00e1 se o pevn\u00e9 gely, kter\u00e9 jsou ide\u00e1ln\u00ed pro prodlu\u017eov\u00e1n\u00ed, zpevn\u011bn\u00ed nebo modelaci jak\u00e9koli d\u00e9lky a techniky, v\u010detn\u011b pr\u00e1ce s horn\u00edmi formami. Dob\u0159e dr\u017e\u00ed oblouk. Konzistence: tekut\u00e1 V\u016fn\u011b: [&hellip;]<\/p>\n","protected":false},"featured_media":4509,"comment_status":"open","ping_status":"closed","template":"","meta":[],"pwb-brand":[],"product_brand":[],"product_cat":[508,704],"product_tag":[],"berocket_brand":[560],"class_list":{"0":"post-9443","1":"product","2":"type-product","3":"status-publish","4":"has-post-thumbnail","6":"product_cat-builder-gel-gel-jelly","7":"product_cat-slevy","8":"berocket_brand-pink","10":"first","11":"outofstock","12":"sale","13":"taxable","14":"shipping-taxable","15":"purchasable","16":"product-type-simple"},"acf":[],"brands":[],"_links":{"self":[{"href":"https:\/\/mikeladzenailstore.com\/sk\/wp-json\/wp\/v2\/product\/9443","targetHints":{"allow":["GET"]}}],"collection":[{"href":"https:\/\/mikeladzenailstore.com\/sk\/wp-json\/wp\/v2\/product"}],"about":[{"href":"https:\/\/mikeladzenailstore.com\/sk\/wp-json\/wp\/v2\/types\/product"}],"replies":[{"embeddable":true,"href":"https:\/\/mikeladzenailstore.com\/sk\/wp-json\/wp\/v2\/comments?post=9443"}],"version-history":[{"count":0,"href":"https:\/\/mikeladzenailstore.com\/sk\/wp-json\/wp\/v2\/product\/9443\/revisions"}],"wp:featuredmedia":[{"embeddable":true,"href":"https:\/\/mikeladzenailstore.com\/sk\/wp-json\/wp\/v2\/media\/4509"}],"wp:attachment":[{"href":"https:\/\/mikeladzenailstore.com\/sk\/wp-json\/wp\/v2\/media?parent=9443"}],"wp:term":[{"taxonomy":"pwb-brand","embeddable":true,"href":"https:\/\/mikeladzenailstore.com\/sk\/wp-json\/wp\/v2\/pwb-brand?post=9443"},{"taxonomy":"product_brand","embeddable":true,"href":"https:\/\/mikeladzenailstore.com\/sk\/wp-json\/wp\/v2\/product_brand?post=9443"},{"taxonomy":"product_cat","embeddable":true,"href":"https:\/\/mikeladzenailstore.com\/sk\/wp-json\/wp\/v2\/product_cat?post=9443"},{"taxonomy":"product_tag","embeddable":true,"href":"https:\/\/mikeladzenailstore.com\/sk\/wp-json\/wp\/v2\/product_tag?post=9443"},{"taxonomy":"berocket_brand","embeddable":true,"href":"https:\/\/mikeladzenailstore.com\/sk\/wp-json\/wp\/v2\/berocket_brand?post=9443"}],"curies":[{"name":"wp","href":"https:\/\/api.w.org\/{rel}","templated":true}]}}