{"id":9461,"date":"2025-11-15T12:01:21","date_gmt":"2025-11-15T12:01:21","guid":{"rendered":"https:\/\/mikeladzenailstore.com\/p\/modeling-gel-clear-trendy-nails-15-ml\/"},"modified":"2026-01-02T17:00:42","modified_gmt":"2026-01-02T17:00:42","slug":"modeling-gel-clear-trendy-nails-15-ml","status":"publish","type":"product","link":"https:\/\/mikeladzenailstore.com\/sk\/produkt\/modeling-gel-clear-trendy-nails-15-ml\/","title":{"rendered":"Modeling gel CLEAR Trendy nails 15 ml"},"content":{"rendered":"<p data-start=\"58\" data-end=\"237\"><strong data-start=\"58\" data-end=\"97\">Objevte novou \u00farove\u0148 modelace neht\u016f<\/strong> s na\u0161\u00edm <strong data-start=\"106\" data-end=\"132\">Modeling gelem \u201eClear\u201c<\/strong> \u2013 profesion\u00e1ln\u00ed formul\u00ed <strong data-start=\"157\" data-end=\"175\">bez HEMA a TPO<\/strong>, kter\u00e1 spojuje <strong data-start=\"191\" data-end=\"234\">bezpe\u010dnost, vysok\u00fd v\u00fdkon a v\u0161estrannost<\/strong>.<\/p>\n<p data-start=\"239\" data-end=\"383\">D\u00edky <strong data-start=\"244\" data-end=\"284\">st\u0159edn\u00ed, samovyrovn\u00e1vac\u00ed konzistenci<\/strong> je ide\u00e1ln\u00ed pro <strong data-start=\"300\" data-end=\"345\">zpevn\u011bn\u00ed, refill, modelaci i prodlu\u017eov\u00e1n\u00ed<\/strong> na \u0161ablon\u00e1ch nebo <strong data-start=\"364\" data-end=\"380\">dual form\u00e1ch<\/strong>.<\/p>\n<p data-start=\"385\" data-end=\"519\">Jeho <strong data-start=\"390\" data-end=\"410\">hedv\u00e1bn\u00e1 textura<\/strong> se snadno tvaruje, vytv\u00e1\u0159\u00ed <strong data-start=\"438\" data-end=\"468\">rovnom\u011brn\u00fd a odoln\u00fd povrch<\/strong> a z\u00e1rove\u0148 si zachov\u00e1v\u00e1 <strong data-start=\"492\" data-end=\"516\">vyv\u00e1\u017eenou elasticitu<\/strong>.<\/p>\n<p data-start=\"521\" data-end=\"687\">Odst\u00edn <strong data-start=\"528\" data-end=\"537\">Clear<\/strong> \u2013 <strong data-start=\"540\" data-end=\"568\">zcela pr\u016fhledn\u00fd a leskl\u00fd<\/strong> \u2013 je ide\u00e1ln\u00ed pro <strong data-start=\"586\" data-end=\"629\">inkapsulace, dekorace a sklen\u011bn\u00e9 efekty<\/strong>, zaji\u0161\u0165uj\u00edc\u00ed <strong data-start=\"643\" data-end=\"684\">\u010dist\u00fd a k\u0159i\u0161\u0165\u00e1lov\u011b pr\u016fhledn\u00fd v\u00fdsledek<\/strong>.<\/p>\n<p data-start=\"689\" data-end=\"866\">D\u00edky <strong data-start=\"694\" data-end=\"756\">vysok\u00e9 p\u0159ilnavosti, dlouh\u00e9 v\u00fddr\u017ei a struktur\u00e1ln\u00ed stabilit\u011b<\/strong> je tento gel <strong data-start=\"770\" data-end=\"813\">dokonal\u00fdm spojencem ka\u017ed\u00e9 profesion\u00e1lky<\/strong>, kter\u00e1 chce <strong data-start=\"826\" data-end=\"863\">bezchybn\u00e9 v\u00fdsledky bez kompromis\u016f<\/strong>.<\/p>\n","protected":false},"excerpt":{"rendered":"<p>Objevte novou \u00farove\u0148 modelace neht\u016f s na\u0161\u00edm Modeling gelem \u201eClear\u201c \u2013 profesion\u00e1ln\u00ed formul\u00ed bez HEMA a TPO, kter\u00e1 spojuje bezpe\u010dnost, vysok\u00fd v\u00fdkon a v\u0161estrannost. D\u00edky st\u0159edn\u00ed, samovyrovn\u00e1vac\u00ed konzistenci je ide\u00e1ln\u00ed pro zpevn\u011bn\u00ed, refill, modelaci i prodlu\u017eov\u00e1n\u00ed na \u0161ablon\u00e1ch nebo dual form\u00e1ch. Jeho hedv\u00e1bn\u00e1 textura se snadno tvaruje, vytv\u00e1\u0159\u00ed rovnom\u011brn\u00fd a odoln\u00fd povrch a z\u00e1rove\u0148 si [&hellip;]<\/p>\n","protected":false},"featured_media":4478,"comment_status":"open","ping_status":"closed","template":"","meta":[],"pwb-brand":[],"product_brand":[],"product_cat":[656],"product_tag":[],"berocket_brand":[437],"class_list":{"0":"post-9461","1":"product","2":"type-product","3":"status-publish","4":"has-post-thumbnail","6":"product_cat-modeling-gel-trendy-nails","7":"berocket_brand-trendy-nails","9":"first","10":"instock","11":"taxable","12":"shipping-taxable","13":"purchasable","14":"product-type-simple"},"acf":[],"brands":[],"_links":{"self":[{"href":"https:\/\/mikeladzenailstore.com\/sk\/wp-json\/wp\/v2\/product\/9461","targetHints":{"allow":["GET"]}}],"collection":[{"href":"https:\/\/mikeladzenailstore.com\/sk\/wp-json\/wp\/v2\/product"}],"about":[{"href":"https:\/\/mikeladzenailstore.com\/sk\/wp-json\/wp\/v2\/types\/product"}],"replies":[{"embeddable":true,"href":"https:\/\/mikeladzenailstore.com\/sk\/wp-json\/wp\/v2\/comments?post=9461"}],"version-history":[{"count":0,"href":"https:\/\/mikeladzenailstore.com\/sk\/wp-json\/wp\/v2\/product\/9461\/revisions"}],"wp:featuredmedia":[{"embeddable":true,"href":"https:\/\/mikeladzenailstore.com\/sk\/wp-json\/wp\/v2\/media\/4478"}],"wp:attachment":[{"href":"https:\/\/mikeladzenailstore.com\/sk\/wp-json\/wp\/v2\/media?parent=9461"}],"wp:term":[{"taxonomy":"pwb-brand","embeddable":true,"href":"https:\/\/mikeladzenailstore.com\/sk\/wp-json\/wp\/v2\/pwb-brand?post=9461"},{"taxonomy":"product_brand","embeddable":true,"href":"https:\/\/mikeladzenailstore.com\/sk\/wp-json\/wp\/v2\/product_brand?post=9461"},{"taxonomy":"product_cat","embeddable":true,"href":"https:\/\/mikeladzenailstore.com\/sk\/wp-json\/wp\/v2\/product_cat?post=9461"},{"taxonomy":"product_tag","embeddable":true,"href":"https:\/\/mikeladzenailstore.com\/sk\/wp-json\/wp\/v2\/product_tag?post=9461"},{"taxonomy":"berocket_brand","embeddable":true,"href":"https:\/\/mikeladzenailstore.com\/sk\/wp-json\/wp\/v2\/berocket_brand?post=9461"}],"curies":[{"name":"wp","href":"https:\/\/api.w.org\/{rel}","templated":true}]}}