{"id":9482,"date":"2025-11-15T12:01:12","date_gmt":"2025-11-15T12:01:12","guid":{"rendered":"https:\/\/mikeladzenailstore.com\/p\/colour-base-034-trendy-nails-15-ml\/"},"modified":"2025-11-15T12:01:12","modified_gmt":"2025-11-15T12:01:12","slug":"colour-base-034-trendy-nails-15-ml","status":"publish","type":"product","link":"https:\/\/mikeladzenailstore.com\/sk\/produkt\/colour-base-034-trendy-nails-15-ml\/","title":{"rendered":"Colour  base 034 Trendy nails 15 ml"},"content":{"rendered":"<p>Color Base \u211634 \u2013 jemn\u00fd pastelov\u011b \u017elut\u00fd odst\u00edn barevn\u00e9 b\u00e1ze<\/p>\n<\/p>\n<p>Barevn\u00e9 b\u00e1ze od Trendy Nails se vyzna\u010duj\u00ed sytou pigmentac\u00ed a pohodlnou samovyrovn\u00e1vac\u00ed konzistenc\u00ed.<\/p>\n<\/p>\n<p>Doporu\u010den\u00ed:<\/p>\n<p>P\u0159ed aplikac\u00ed Color Base naneste podkladovou vrstvu Base nebo Base Light.<\/p>\n<p>Tento krok neovliv\u0148uje v\u00fddr\u017e materi\u00e1lu, ale vytv\u00e1\u0159\u00ed ochrannou bari\u00e9ru pro snadn\u011bj\u0161\u00ed odstran\u011bn\u00ed p\u0159i sejmut\u00ed b\u00e1ze.<\/p>\n<\/p>\n<p>Doba vytvrzen\u00ed:<\/p>\n<p>\t\u2022\tUV lampa: 2 minuty<\/p>\n<p>\t\u2022\tLED lampa: 60 sekund<\/p><\/p>\n","protected":false},"excerpt":{"rendered":"<p>Color Base \u211634 \u2013 jemn\u00fd pastelov\u011b \u017elut\u00fd odst\u00edn barevn\u00e9 b\u00e1ze Barevn\u00e9 b\u00e1ze od Trendy Nails se vyzna\u010duj\u00ed sytou pigmentac\u00ed a pohodlnou samovyrovn\u00e1vac\u00ed konzistenc\u00ed. Doporu\u010den\u00ed: P\u0159ed aplikac\u00ed Color Base naneste podkladovou vrstvu Base nebo Base Light. Tento krok neovliv\u0148uje v\u00fddr\u017e materi\u00e1lu, ale vytv\u00e1\u0159\u00ed ochrannou bari\u00e9ru pro snadn\u011bj\u0161\u00ed odstran\u011bn\u00ed p\u0159i sejmut\u00ed b\u00e1ze. Doba vytvrzen\u00ed: \u2022 UV lampa: [&hellip;]<\/p>\n","protected":false},"featured_media":0,"comment_status":"open","ping_status":"open","template":"","meta":[],"pwb-brand":[],"product_brand":[],"product_cat":[168],"product_tag":[],"berocket_brand":[],"class_list":{"0":"post-9482","1":"product","2":"type-product","3":"status-publish","5":"product_cat-baze-a-topy-pro-manikuru-pedikuru","7":"first","8":"outofstock","9":"taxable","10":"shipping-taxable","11":"purchasable","12":"product-type-simple"},"acf":[],"brands":[],"_links":{"self":[{"href":"https:\/\/mikeladzenailstore.com\/sk\/wp-json\/wp\/v2\/product\/9482","targetHints":{"allow":["GET"]}}],"collection":[{"href":"https:\/\/mikeladzenailstore.com\/sk\/wp-json\/wp\/v2\/product"}],"about":[{"href":"https:\/\/mikeladzenailstore.com\/sk\/wp-json\/wp\/v2\/types\/product"}],"replies":[{"embeddable":true,"href":"https:\/\/mikeladzenailstore.com\/sk\/wp-json\/wp\/v2\/comments?post=9482"}],"version-history":[{"count":0,"href":"https:\/\/mikeladzenailstore.com\/sk\/wp-json\/wp\/v2\/product\/9482\/revisions"}],"wp:attachment":[{"href":"https:\/\/mikeladzenailstore.com\/sk\/wp-json\/wp\/v2\/media?parent=9482"}],"wp:term":[{"taxonomy":"pwb-brand","embeddable":true,"href":"https:\/\/mikeladzenailstore.com\/sk\/wp-json\/wp\/v2\/pwb-brand?post=9482"},{"taxonomy":"product_brand","embeddable":true,"href":"https:\/\/mikeladzenailstore.com\/sk\/wp-json\/wp\/v2\/product_brand?post=9482"},{"taxonomy":"product_cat","embeddable":true,"href":"https:\/\/mikeladzenailstore.com\/sk\/wp-json\/wp\/v2\/product_cat?post=9482"},{"taxonomy":"product_tag","embeddable":true,"href":"https:\/\/mikeladzenailstore.com\/sk\/wp-json\/wp\/v2\/product_tag?post=9482"},{"taxonomy":"berocket_brand","embeddable":true,"href":"https:\/\/mikeladzenailstore.com\/sk\/wp-json\/wp\/v2\/berocket_brand?post=9482"}],"curies":[{"name":"wp","href":"https:\/\/api.w.org\/{rel}","templated":true}]}}