{"id":9527,"date":"2025-11-15T12:01:04","date_gmt":"2025-11-15T12:01:04","guid":{"rendered":"https:\/\/mikeladzenailstore.com\/p\/dry-cuticle-oil-trendy-nails-10-ml\/"},"modified":"2026-01-12T17:48:33","modified_gmt":"2026-01-12T17:48:33","slug":"dry-cuticle-oil-trendy-nails-10-ml","status":"publish","type":"product","link":"https:\/\/mikeladzenailstore.com\/sk\/produkt\/dry-cuticle-oil-trendy-nails-10-ml\/","title":{"rendered":"Dry cuticle oil Trendy nails 10 ml"},"content":{"rendered":"<p data-start=\"106\" data-end=\"186\"><strong data-start=\"106\" data-end=\"186\">Ide\u00e1ln\u00ed \u0159e\u0161en\u00ed pro zachov\u00e1n\u00ed kr\u00e1sy a zdrav\u00ed rukou a neht\u016f po ka\u017ed\u00e9 manik\u00fa\u0159e.<\/strong><\/p>\n<p data-start=\"188\" data-end=\"598\"><strong data-start=\"188\" data-end=\"213\">Such\u00fd olej na k\u016f\u017ei\u010dku<\/strong> je obohacen o <strong data-start=\"228\" data-end=\"241\">vitam\u00edn E<\/strong> s antioxida\u010dn\u00edmi \u00fa\u010dinky, <strong data-start=\"267\" data-end=\"285\">jalovcov\u00fd olej<\/strong>, kter\u00fd vy\u017eivuje a chr\u00e1n\u00ed poko\u017eku, a <strong data-start=\"322\" data-end=\"339\">p\u0159\u00edrodn\u00ed v\u016fn\u011b<\/strong>, je\u017e dod\u00e1vaj\u00ed jemnou a elegantn\u00ed parfemaci.<br data-start=\"383\" data-end=\"386\" \/>Jeho <strong data-start=\"391\" data-end=\"408\">lehk\u00e9 slo\u017een\u00ed<\/strong> se rychle vst\u0159eb\u00e1v\u00e1, nezanech\u00e1v\u00e1 mastn\u00fd film a zaji\u0161\u0165uje hlubokou a dlouhotrvaj\u00edc\u00ed hydrataci. Ide\u00e1ln\u00ed pro ka\u017edodenn\u00ed pou\u017eit\u00ed \u2013 pom\u00e1h\u00e1 udr\u017eovat k\u016f\u017ei\u010dku m\u011bkkou, zdravou a viditeln\u011b upravenou.<\/p>\n<h3 data-start=\"600\" data-end=\"618\">Aktivn\u00ed slo\u017eky<\/h3>\n<ul data-start=\"619\" data-end=\"926\">\n<li data-start=\"619\" data-end=\"768\">\n<p data-start=\"621\" data-end=\"768\"><strong data-start=\"621\" data-end=\"673\">P\u0159\u00edrodn\u00ed oleje (nap\u0159. Juniperus Virginiana Oil):<\/strong> intenzivn\u011b hydratuj\u00ed a vy\u017eivuj\u00ed poko\u017eku i nehtovou k\u016f\u017ei\u010dku, zlep\u0161uj\u00ed jejich vzhled a odolnost.<\/p>\n<\/li>\n<li data-start=\"769\" data-end=\"926\">\n<p data-start=\"771\" data-end=\"926\"><strong data-start=\"771\" data-end=\"785\">Vitam\u00edn E:<\/strong> siln\u00fd antioxidant, kter\u00fd chr\u00e1n\u00ed poko\u017eku p\u0159ed po\u0161kozen\u00edm voln\u00fdmi radik\u00e1ly, zpomaluje proces st\u00e1rnut\u00ed a zlep\u0161uje elasticitu a hebkost poko\u017eky.<\/p>\n<\/li>\n<\/ul>\n<h3 data-start=\"928\" data-end=\"945\">P\u0159\u00edjemn\u00e1 v\u016fn\u011b<\/h3>\n<p data-start=\"946\" data-end=\"1125\">H\u0159ejiv\u00e1 a obklopuj\u00edc\u00ed v\u016fn\u011b inspirovan\u00e1 <strong data-start=\"985\" data-end=\"1008\">o\u0159echov\u00fdmi esencemi<\/strong>, s vyv\u00e1\u017eenou kombinac\u00ed p\u0159irozen\u00e9 sladkosti a kr\u00e9mov\u00e9 jemnosti, kter\u00e1 vytv\u00e1\u0159\u00ed elegantn\u00ed a relaxa\u010dn\u00ed smyslov\u00fd z\u00e1\u017eitek.<\/p>\n<h3 data-start=\"1127\" data-end=\"1144\">Lehk\u00e1 textura<\/h3>\n<p data-start=\"1145\" data-end=\"1248\">Rychle se vst\u0159eb\u00e1v\u00e1, zanech\u00e1v\u00e1 poko\u017eku jemnou, hedv\u00e1bnou a komfortn\u00ed po cel\u00fd den \u2013 bez mastn\u00e9ho pocitu.<\/p>\n","protected":false},"excerpt":{"rendered":"<p>Ide\u00e1ln\u00ed \u0159e\u0161en\u00ed pro zachov\u00e1n\u00ed kr\u00e1sy a zdrav\u00ed rukou a neht\u016f po ka\u017ed\u00e9 manik\u00fa\u0159e. Such\u00fd olej na k\u016f\u017ei\u010dku je obohacen o vitam\u00edn E s antioxida\u010dn\u00edmi \u00fa\u010dinky, jalovcov\u00fd olej, kter\u00fd vy\u017eivuje a chr\u00e1n\u00ed poko\u017eku, a p\u0159\u00edrodn\u00ed v\u016fn\u011b, je\u017e dod\u00e1vaj\u00ed jemnou a elegantn\u00ed parfemaci.Jeho lehk\u00e9 slo\u017een\u00ed se rychle vst\u0159eb\u00e1v\u00e1, nezanech\u00e1v\u00e1 mastn\u00fd film a zaji\u0161\u0165uje hlubokou a dlouhotrvaj\u00edc\u00ed hydrataci. [&hellip;]<\/p>\n","protected":false},"featured_media":4453,"comment_status":"open","ping_status":"closed","template":"","meta":[],"pwb-brand":[],"product_brand":[],"product_cat":[496],"product_tag":[],"berocket_brand":[437],"class_list":{"0":"post-9527","1":"product","2":"type-product","3":"status-publish","4":"has-post-thumbnail","6":"product_cat-bestseller","7":"berocket_brand-trendy-nails","9":"first","10":"instock","11":"taxable","12":"shipping-taxable","13":"purchasable","14":"product-type-simple"},"acf":[],"brands":[],"_links":{"self":[{"href":"https:\/\/mikeladzenailstore.com\/sk\/wp-json\/wp\/v2\/product\/9527","targetHints":{"allow":["GET"]}}],"collection":[{"href":"https:\/\/mikeladzenailstore.com\/sk\/wp-json\/wp\/v2\/product"}],"about":[{"href":"https:\/\/mikeladzenailstore.com\/sk\/wp-json\/wp\/v2\/types\/product"}],"replies":[{"embeddable":true,"href":"https:\/\/mikeladzenailstore.com\/sk\/wp-json\/wp\/v2\/comments?post=9527"}],"version-history":[{"count":0,"href":"https:\/\/mikeladzenailstore.com\/sk\/wp-json\/wp\/v2\/product\/9527\/revisions"}],"wp:featuredmedia":[{"embeddable":true,"href":"https:\/\/mikeladzenailstore.com\/sk\/wp-json\/wp\/v2\/media\/4453"}],"wp:attachment":[{"href":"https:\/\/mikeladzenailstore.com\/sk\/wp-json\/wp\/v2\/media?parent=9527"}],"wp:term":[{"taxonomy":"pwb-brand","embeddable":true,"href":"https:\/\/mikeladzenailstore.com\/sk\/wp-json\/wp\/v2\/pwb-brand?post=9527"},{"taxonomy":"product_brand","embeddable":true,"href":"https:\/\/mikeladzenailstore.com\/sk\/wp-json\/wp\/v2\/product_brand?post=9527"},{"taxonomy":"product_cat","embeddable":true,"href":"https:\/\/mikeladzenailstore.com\/sk\/wp-json\/wp\/v2\/product_cat?post=9527"},{"taxonomy":"product_tag","embeddable":true,"href":"https:\/\/mikeladzenailstore.com\/sk\/wp-json\/wp\/v2\/product_tag?post=9527"},{"taxonomy":"berocket_brand","embeddable":true,"href":"https:\/\/mikeladzenailstore.com\/sk\/wp-json\/wp\/v2\/berocket_brand?post=9527"}],"curies":[{"name":"wp","href":"https:\/\/api.w.org\/{rel}","templated":true}]}}