{"id":9572,"date":"2025-11-15T11:58:57","date_gmt":"2025-11-15T11:58:57","guid":{"rendered":"https:\/\/mikeladzenailstore.com\/p\/nuzky-s-hackem-expert-51-3\/"},"modified":"2026-01-11T11:50:32","modified_gmt":"2026-01-11T11:50:32","slug":"nuzky-s-hackem-expert-51-3","status":"publish","type":"product","link":"https:\/\/mikeladzenailstore.com\/sk\/produkt\/nuzky-s-hackem-expert-51-3\/","title":{"rendered":"N\u016f\u017eky s h\u00e1\u010dkem Expert 51\/3"},"content":{"rendered":"<div class=\"gs_p\"><strong><span class=\"gs_tkn\">N\u016f\u017eky\u00a0<\/span><span class=\"gs_tkn\">s\u00a0<\/span><span class=\"gs_tkn\">h\u00e1\u010dkem\u00a0<\/span><span class=\"gs_tkn\">Expert\u00a0<\/span><span class=\"gs_tkn\">51\/3<\/span><\/strong><span class=\"gs_tkn\">\u00a0<\/span><span class=\"gs_tkn\">jsou\u00a0<\/span><span class=\"gs_tkn\">speci\u00e1ln\u011b\u00a0<\/span><span class=\"gs_tkn\">navr\u017een\u00e9\u00a0<\/span><span class=\"gs_tkn\">pro\u00a0<\/span><strong><span class=\"gs_tkn\">p\u0159esn\u00e9\u00a0<\/span><span class=\"gs_tkn\">a\u00a0<\/span><span class=\"gs_tkn\">efektivn\u00ed\u00a0<\/span><span class=\"gs_tkn\">odstran\u011bn\u00ed\u00a0<\/span><span class=\"gs_tkn\">nehtov\u00e9\u00a0<\/span><span class=\"gs_tkn\">k\u016f\u017ei\u010dky<\/span><\/strong><span class=\"gs_tkn\">.<\/span><\/div>\n<ul class=\"gs_cit_stry_pre gs_cit_stry_sm\">\n<li class=\"gs_tkn\">\n<div class=\"gs_p\"><a class=\"gs_mdlink\" tabindex=\"0\" href=\"https:\/\/www.bing.com\/ck\/a?!&amp;&amp;p=999763ada67f09fc600e8d00a20dc50370f5c92ca74389fb22d0ca439d34496aJmltdHM9MTc2ODA4OTYwMA&amp;ptn=3&amp;ver=2&amp;hsh=4&amp;fclid=2aa93218-dbf3-6166-3530-2496da216084&amp;u=a1aHR0cHM6Ly9rb3NtZXRpY2tlLW51emt5LmhldXJla2EuY3ovc3RhbGVrcy1wcm9mZXNpb25hbG5pLW51emt5LW5hLWt1emlja3Utcy1oYWNrZW0tZXhwZXJ0LTUxLTMv&amp;ntb=1\" target=\"_blank\" rel=\"noopener nofollow\"><span class=\"gs_cit_txt\" tabindex=\"-1\" data-sups=\"1,2\" data-hover-id=\"1\"><strong><span class=\"gs_tkn\">Zahnut\u00e1\u00a0<\/span><span class=\"gs_tkn\">\u0161pi\u010dka<\/span><\/strong><span class=\"gs_tkn\">\u00a0<\/span><span class=\"gs_tkn\">umo\u017e\u0148uje\u00a0<\/span><span class=\"gs_tkn\">p\u0159esn\u00fd\u00a0<\/span><span class=\"gs_tkn\">st\u0159ih\u00a0<\/span><span class=\"gs_tkn\">a\u00a0<\/span><span class=\"gs_tkn\">eliminuje\u00a0<\/span><span class=\"gs_tkn\">pot\u0159ebu\u00a0<\/span><span class=\"gs_tkn\">kroutit\u00a0<\/span><span class=\"gs_tkn\">kart\u00e1\u010dem\u00a0<\/span><span class=\"gs_tkn\">v\u00a0<\/span><span class=\"gs_tkn\">oblasti\u00a0<\/span><span class=\"gs_tkn\">dutin.\u00a0<\/span><\/span><\/a><\/p>\n<div class=\"gs_tkn gs_sup_cit gs_sup_cit1\" tabindex=\"0\" data-priority=\"2\" data-hover-id=\"1\">\n<div class=\"gs_sm_cit\" tabindex=\"-1\" role=\"button\" aria-label=\"2 citations\">\n<div class=\"cico gs_sm_cit_favicon\"><\/div>\n<div class=\"gs_sm_cit_dom\" data-friendly-url=\"kosmeticke-nuzky.heureka.cz\" data-sups=\"1,2\"><strong aria-hidden=\"true\">2<\/strong><\/div>\n<\/div>\n<\/div>\n<\/div>\n<\/li>\n<li class=\"gs_tkn\">\n<div class=\"gs_p\"><a class=\"gs_mdlink\" tabindex=\"0\" href=\"https:\/\/www.bing.com\/ck\/a?!&amp;&amp;p=999763ada67f09fc600e8d00a20dc50370f5c92ca74389fb22d0ca439d34496aJmltdHM9MTc2ODA4OTYwMA&amp;ptn=3&amp;ver=2&amp;hsh=4&amp;fclid=2aa93218-dbf3-6166-3530-2496da216084&amp;u=a1aHR0cHM6Ly9rb3NtZXRpY2tlLW51emt5LmhldXJla2EuY3ovc3RhbGVrcy1wcm9mZXNpb25hbG5pLW51emt5LW5hLWt1emlja3Utcy1oYWNrZW0tZXhwZXJ0LTUxLTMv&amp;ntb=1\" target=\"_blank\" rel=\"noopener nofollow\"><span class=\"gs_cit_txt\" tabindex=\"-1\" data-sups=\"1,2\" data-hover-id=\"2\"><strong><span class=\"gs_tkn\">Dokonal\u00e9\u00a0<\/span><span class=\"gs_tkn\">zarovn\u00e1n\u00ed<\/span><\/strong><span class=\"gs_tkn\">\u00a0<\/span><span class=\"gs_tkn\">zaji\u0161\u0165uje\u00a0<\/span><span class=\"gs_tkn\">\u010dist\u00fd\u00a0<\/span><span class=\"gs_tkn\">a\u00a0<\/span><span class=\"gs_tkn\">precizn\u00ed\u00a0<\/span><span class=\"gs_tkn\">st\u0159ih,\u00a0<\/span><span class=\"gs_tkn\">co\u017e\u00a0<\/span><span class=\"gs_tkn\">zaji\u0161\u0165uje,\u00a0<\/span><span class=\"gs_tkn\">\u017ee\u00a0<\/span><span class=\"gs_tkn\">ruka\u00a0<\/span><span class=\"gs_tkn\">se\u00a0<\/span><span class=\"gs_tkn\">p\u0159i\u00a0<\/span><span class=\"gs_tkn\">del\u0161\u00ed\u00a0<\/span><span class=\"gs_tkn\">pr\u00e1ci\u00a0<\/span><span class=\"gs_tkn\">neunav\u00ed.\u00a0<\/span><\/span><\/a><\/p>\n<div class=\"gs_tkn gs_sup_cit gs_sup_cit1\" tabindex=\"0\" data-priority=\"2\" data-hover-id=\"2\">\n<div class=\"gs_sm_cit\" tabindex=\"-1\" role=\"button\" aria-label=\"2 citations\">\n<div class=\"cico gs_sm_cit_favicon\"><\/div>\n<div class=\"gs_sm_cit_dom\" data-friendly-url=\"kosmeticke-nuzky.heureka.cz\" data-sups=\"1,2\"><strong aria-hidden=\"true\">2<\/strong><\/div>\n<\/div>\n<\/div>\n<\/div>\n<\/li>\n<li class=\"gs_tkn\">\n<div class=\"gs_p\"><a class=\"gs_mdlink\" tabindex=\"0\" href=\"https:\/\/www.bing.com\/ck\/a?!&amp;&amp;p=999763ada67f09fc600e8d00a20dc50370f5c92ca74389fb22d0ca439d34496aJmltdHM9MTc2ODA4OTYwMA&amp;ptn=3&amp;ver=2&amp;hsh=4&amp;fclid=2aa93218-dbf3-6166-3530-2496da216084&amp;u=a1aHR0cHM6Ly9rb3NtZXRpY2tlLW51emt5LmhldXJla2EuY3ovc3RhbGVrcy1wcm9mZXNpb25hbG5pLW51emt5LW5hLWt1emlja3Utcy1oYWNrZW0tZXhwZXJ0LTUxLTMv&amp;ntb=1\" target=\"_blank\" rel=\"noopener nofollow\"><span class=\"gs_cit_txt\" tabindex=\"-1\" data-sups=\"1,3\" data-hover-id=\"3\"><strong><span class=\"gs_tkn\">Odolnost\u00a0<\/span><span class=\"gs_tkn\">proti\u00a0<\/span><span class=\"gs_tkn\">korozi<\/span><\/strong><span class=\"gs_tkn\">\u00a0<\/span><span class=\"gs_tkn\">a\u00a0<\/span><span class=\"gs_tkn\">sterilizaci\u00a0<\/span><span class=\"gs_tkn\">zaji\u0161\u0165uje\u00a0<\/span><span class=\"gs_tkn\">vysoce\u00a0<\/span><span class=\"gs_tkn\">legovan\u00e1\u00a0<\/span><span class=\"gs_tkn\">nerezov\u00e1\u00a0<\/span><span class=\"gs_tkn\">ocel.\u00a0<\/span><\/span><\/a><\/p>\n<div class=\"gs_tkn gs_sup_cit gs_sup_cit1\" tabindex=\"0\" data-priority=\"2\" data-hover-id=\"3\">\n<div class=\"gs_sm_cit\" tabindex=\"-1\" role=\"button\" aria-label=\"2 citations\">\n<div class=\"cico gs_sm_cit_favicon\"><\/div>\n<div class=\"gs_sm_cit_dom\" data-friendly-url=\"kosmeticke-nuzky.heureka.cz\" data-sups=\"1,3\"><strong aria-hidden=\"true\">2<\/strong><\/div>\n<\/div>\n<\/div>\n<\/div>\n<\/li>\n<li class=\"gs_tkn\">\n<div class=\"gs_p\"><a class=\"gs_mdlink\" tabindex=\"0\" href=\"https:\/\/www.bing.com\/ck\/a?!&amp;&amp;p=999763ada67f09fc600e8d00a20dc50370f5c92ca74389fb22d0ca439d34496aJmltdHM9MTc2ODA4OTYwMA&amp;ptn=3&amp;ver=2&amp;hsh=4&amp;fclid=2aa93218-dbf3-6166-3530-2496da216084&amp;u=a1aHR0cHM6Ly9rb3NtZXRpY2tlLW51emt5LmhldXJla2EuY3ovc3RhbGVrcy1wcm9mZXNpb25hbG5pLW51emt5LW5hLWt1emlja3Utcy1oYWNrZW0tZXhwZXJ0LTUxLTMv&amp;ntb=1\" target=\"_blank\" rel=\"noopener nofollow\"><span class=\"gs_cit_txt\" tabindex=\"-1\" data-sups=\"1,2\" data-hover-id=\"4\"><strong><span class=\"gs_tkn\">Snadn\u00fd\u00a0<\/span><span class=\"gs_tkn\">chod<\/span><\/strong><span class=\"gs_tkn\">\u00a0<\/span><span class=\"gs_tkn\">a\u00a0<\/span><span class=\"gs_tkn\">lehk\u00e1\u00a0<\/span><span class=\"gs_tkn\">konstrukce\u00a0<\/span><span class=\"gs_tkn\">zaji\u0161\u0165uj\u00ed\u00a0<\/span><span class=\"gs_tkn\">plynul\u00fd\u00a0<\/span><span class=\"gs_tkn\">pohyb\u00a0<\/span><span class=\"gs_tkn\">a\u00a0<\/span><span class=\"gs_tkn\">minimalizuj\u00ed\u00a0<\/span><span class=\"gs_tkn\">\u00fanavu\u00a0<\/span><span class=\"gs_tkn\">ruky.\u00a0<\/span><\/span><\/a><\/p>\n<div class=\"gs_tkn gs_sup_cit gs_sup_cit1\" tabindex=\"0\" data-priority=\"2\" data-hover-id=\"4\">\n<div class=\"gs_sm_cit\" tabindex=\"-1\" role=\"button\" aria-label=\"2 citations\">\n<div class=\"cico gs_sm_cit_favicon\"><\/div>\n<div class=\"gs_sm_cit_dom\" data-friendly-url=\"kosmeticke-nuzky.heureka.cz\" data-sups=\"1,2\"><strong aria-hidden=\"true\">2<\/strong><\/div>\n<\/div>\n<\/div>\n<p><span class=\"gs_tkn\">Tyto\u00a0<\/span><span class=\"gs_tkn\">n\u016f\u017eky\u00a0<\/span><span class=\"gs_tkn\">jsou\u00a0<\/span><span class=\"gs_tkn\">ide\u00e1ln\u00ed\u00a0<\/span><span class=\"gs_tkn\">pro\u00a0<\/span><span class=\"gs_tkn\">profesion\u00e1ln\u00ed\u00a0<\/span><span class=\"gs_tkn\">manik\u00faru\u00a0<\/span><span class=\"gs_tkn\">a\u00a0<\/span><span class=\"gs_tkn\">pedik\u00faru.<\/span><\/div>\n<\/li>\n<\/ul>\n","protected":false},"excerpt":{"rendered":"<p>N\u016f\u017eky\u00a0s\u00a0h\u00e1\u010dkem\u00a0Expert\u00a051\/3\u00a0jsou\u00a0speci\u00e1ln\u011b\u00a0navr\u017een\u00e9\u00a0pro\u00a0p\u0159esn\u00e9\u00a0a\u00a0efektivn\u00ed\u00a0odstran\u011bn\u00ed\u00a0nehtov\u00e9\u00a0k\u016f\u017ei\u010dky. Zahnut\u00e1\u00a0\u0161pi\u010dka\u00a0umo\u017e\u0148uje\u00a0p\u0159esn\u00fd\u00a0st\u0159ih\u00a0a\u00a0eliminuje\u00a0pot\u0159ebu\u00a0kroutit\u00a0kart\u00e1\u010dem\u00a0v\u00a0oblasti\u00a0dutin.\u00a0 2 Dokonal\u00e9\u00a0zarovn\u00e1n\u00ed\u00a0zaji\u0161\u0165uje\u00a0\u010dist\u00fd\u00a0a\u00a0precizn\u00ed\u00a0st\u0159ih,\u00a0co\u017e\u00a0zaji\u0161\u0165uje,\u00a0\u017ee\u00a0ruka\u00a0se\u00a0p\u0159i\u00a0del\u0161\u00ed\u00a0pr\u00e1ci\u00a0neunav\u00ed.\u00a0 2 Odolnost\u00a0proti\u00a0korozi\u00a0a\u00a0sterilizaci\u00a0zaji\u0161\u0165uje\u00a0vysoce\u00a0legovan\u00e1\u00a0nerezov\u00e1\u00a0ocel.\u00a0 2 Snadn\u00fd\u00a0chod\u00a0a\u00a0lehk\u00e1\u00a0konstrukce\u00a0zaji\u0161\u0165uj\u00ed\u00a0plynul\u00fd\u00a0pohyb\u00a0a\u00a0minimalizuj\u00ed\u00a0\u00fanavu\u00a0ruky.\u00a0 2 Tyto\u00a0n\u016f\u017eky\u00a0jsou\u00a0ide\u00e1ln\u00ed\u00a0pro\u00a0profesion\u00e1ln\u00ed\u00a0manik\u00faru\u00a0a\u00a0pedik\u00faru.<\/p>\n","protected":false},"featured_media":4217,"comment_status":"open","ping_status":"closed","template":"","meta":[],"pwb-brand":[],"product_brand":[],"product_cat":[684],"product_tag":[],"berocket_brand":[436],"class_list":{"0":"post-9572","1":"product","2":"type-product","3":"status-publish","4":"has-post-thumbnail","6":"product_cat-manikurni-nuzky","7":"berocket_brand-staleks","9":"first","10":"instock","11":"taxable","12":"shipping-taxable","13":"purchasable","14":"product-type-simple"},"acf":[],"brands":[],"_links":{"self":[{"href":"https:\/\/mikeladzenailstore.com\/sk\/wp-json\/wp\/v2\/product\/9572","targetHints":{"allow":["GET"]}}],"collection":[{"href":"https:\/\/mikeladzenailstore.com\/sk\/wp-json\/wp\/v2\/product"}],"about":[{"href":"https:\/\/mikeladzenailstore.com\/sk\/wp-json\/wp\/v2\/types\/product"}],"replies":[{"embeddable":true,"href":"https:\/\/mikeladzenailstore.com\/sk\/wp-json\/wp\/v2\/comments?post=9572"}],"version-history":[{"count":0,"href":"https:\/\/mikeladzenailstore.com\/sk\/wp-json\/wp\/v2\/product\/9572\/revisions"}],"wp:featuredmedia":[{"embeddable":true,"href":"https:\/\/mikeladzenailstore.com\/sk\/wp-json\/wp\/v2\/media\/4217"}],"wp:attachment":[{"href":"https:\/\/mikeladzenailstore.com\/sk\/wp-json\/wp\/v2\/media?parent=9572"}],"wp:term":[{"taxonomy":"pwb-brand","embeddable":true,"href":"https:\/\/mikeladzenailstore.com\/sk\/wp-json\/wp\/v2\/pwb-brand?post=9572"},{"taxonomy":"product_brand","embeddable":true,"href":"https:\/\/mikeladzenailstore.com\/sk\/wp-json\/wp\/v2\/product_brand?post=9572"},{"taxonomy":"product_cat","embeddable":true,"href":"https:\/\/mikeladzenailstore.com\/sk\/wp-json\/wp\/v2\/product_cat?post=9572"},{"taxonomy":"product_tag","embeddable":true,"href":"https:\/\/mikeladzenailstore.com\/sk\/wp-json\/wp\/v2\/product_tag?post=9572"},{"taxonomy":"berocket_brand","embeddable":true,"href":"https:\/\/mikeladzenailstore.com\/sk\/wp-json\/wp\/v2\/berocket_brand?post=9572"}],"curies":[{"name":"wp","href":"https:\/\/api.w.org\/{rel}","templated":true}]}}