{"id":9593,"date":"2025-11-15T11:58:45","date_gmt":"2025-11-15T11:58:45","guid":{"rendered":"https:\/\/mikeladzenailstore.com\/p\/dual-form-stilet-trendy-nails\/"},"modified":"2026-01-12T18:19:12","modified_gmt":"2026-01-12T18:19:12","slug":"dual-form-stilet-trendy-nails","status":"publish","type":"product","link":"https:\/\/mikeladzenailstore.com\/sk\/produkt\/dual-form-stilet-trendy-nails\/","title":{"rendered":"Dual form  \u201cStilet\u201d Trendy nails"},"content":{"rendered":"<p>Horn\u00ed formy Stilett od Trendy Nails jsou vyrobeny z vysoce kvalitn\u00edho plastu a i po v\u00edcen\u00e1sobn\u00e9m pou\u017eit\u00ed si zachov\u00e1vaj\u00ed sv\u016fj tvar.<\/p>\n<p>Sada obsahuje 12 r\u016fzn\u00fdch velikost\u00ed pro dokonal\u00e9 p\u0159izp\u016fsoben\u00ed tvaru prstu.<\/p><\/p>\n","protected":false},"excerpt":{"rendered":"<p>Horn\u00ed formy Stilett od Trendy Nails jsou vyrobeny z vysoce kvalitn\u00edho plastu a i po v\u00edcen\u00e1sobn\u00e9m pou\u017eit\u00ed si zachov\u00e1vaj\u00ed sv\u016fj tvar. Sada obsahuje 12 r\u016fzn\u00fdch velikost\u00ed pro dokonal\u00e9 p\u0159izp\u016fsoben\u00ed tvaru prstu.<\/p>\n","protected":false},"featured_media":4173,"comment_status":"open","ping_status":"closed","template":"","meta":[],"pwb-brand":[],"product_brand":[],"product_cat":[648],"product_tag":[],"berocket_brand":[437],"class_list":{"0":"post-9593","1":"product","2":"type-product","3":"status-publish","4":"has-post-thumbnail","6":"product_cat-upper-forms","7":"berocket_brand-trendy-nails","9":"first","10":"instock","11":"taxable","12":"shipping-taxable","13":"purchasable","14":"product-type-simple"},"acf":[],"brands":[],"_links":{"self":[{"href":"https:\/\/mikeladzenailstore.com\/sk\/wp-json\/wp\/v2\/product\/9593","targetHints":{"allow":["GET"]}}],"collection":[{"href":"https:\/\/mikeladzenailstore.com\/sk\/wp-json\/wp\/v2\/product"}],"about":[{"href":"https:\/\/mikeladzenailstore.com\/sk\/wp-json\/wp\/v2\/types\/product"}],"replies":[{"embeddable":true,"href":"https:\/\/mikeladzenailstore.com\/sk\/wp-json\/wp\/v2\/comments?post=9593"}],"version-history":[{"count":0,"href":"https:\/\/mikeladzenailstore.com\/sk\/wp-json\/wp\/v2\/product\/9593\/revisions"}],"wp:featuredmedia":[{"embeddable":true,"href":"https:\/\/mikeladzenailstore.com\/sk\/wp-json\/wp\/v2\/media\/4173"}],"wp:attachment":[{"href":"https:\/\/mikeladzenailstore.com\/sk\/wp-json\/wp\/v2\/media?parent=9593"}],"wp:term":[{"taxonomy":"pwb-brand","embeddable":true,"href":"https:\/\/mikeladzenailstore.com\/sk\/wp-json\/wp\/v2\/pwb-brand?post=9593"},{"taxonomy":"product_brand","embeddable":true,"href":"https:\/\/mikeladzenailstore.com\/sk\/wp-json\/wp\/v2\/product_brand?post=9593"},{"taxonomy":"product_cat","embeddable":true,"href":"https:\/\/mikeladzenailstore.com\/sk\/wp-json\/wp\/v2\/product_cat?post=9593"},{"taxonomy":"product_tag","embeddable":true,"href":"https:\/\/mikeladzenailstore.com\/sk\/wp-json\/wp\/v2\/product_tag?post=9593"},{"taxonomy":"berocket_brand","embeddable":true,"href":"https:\/\/mikeladzenailstore.com\/sk\/wp-json\/wp\/v2\/berocket_brand?post=9593"}],"curies":[{"name":"wp","href":"https:\/\/api.w.org\/{rel}","templated":true}]}}