{"id":9608,"date":"2025-11-15T11:58:45","date_gmt":"2025-11-15T11:58:45","guid":{"rendered":"https:\/\/mikeladzenailstore.com\/p\/nuzky-pro-manikuru-expert-50-1\/"},"modified":"2026-01-11T11:41:08","modified_gmt":"2026-01-11T11:41:08","slug":"nuzky-pro-manikuru-expert-50-1","status":"publish","type":"product","link":"https:\/\/mikeladzenailstore.com\/sk\/produkt\/nuzky-pro-manikuru-expert-50-1\/","title":{"rendered":"N\u016f\u017eky pro manikuru Expert 50\/1"},"content":{"rendered":"<p dir=\"ltr\">M\u011bjte p\u0159i ruce spolehliv\u00fd n\u00e1stroj pou\u017e\u00edvan\u00fd profesion\u00e1ly. \u0160pi\u010dat\u00e9 n\u016f\u017eky na nehtovou k\u016f\u017ei\u010dku Staleks Expert 50 type 1 v\u00e1m d\u00edky rovn\u00fdm a tenk\u00fdm \u010depel\u00edm umo\u017en\u00ed snadn\u00e9 odstran\u011bn\u00ed ne\u017e\u00e1douc\u00ed k\u016f\u017ee v okol\u00ed nehtov\u00e9ho l\u016f\u017eka. Jejich design br\u00e1n\u00ed rychl\u00e9 \u00fanav\u011b ruky a usnad\u0148uje manipulaci. Zajist\u011bte si dokonal\u00fd vzhled va\u0161\u00ed manik\u00fary.<\/p>\n<p dir=\"ltr\"><strong>Vlastnosti:<\/strong><\/p>\n<ul>\n<li value=\"1\">umo\u017e\u0148uj\u00ed snadn\u00fd p\u0159\u00edstup ke k\u016f\u017ei\u010dce a jej\u00ed \u0161etrn\u00e9 odstran\u011bn\u00ed<\/li>\n<li value=\"2\">ergonomick\u00fd design redukuje \u00fanavu ruky<\/li>\n<li value=\"3\">zaji\u0161\u0165uj\u00ed snadnou a pohodlnou manipulaci<\/li>\n<li value=\"4\">ide\u00e1ln\u00ed pro profesion\u00e1ly a mal\u00e9 dlan\u011b<\/li>\n<li value=\"5\">vhodn\u00e9 pro \u00a0sterilizaci i dezinfekci<\/li>\n<\/ul>\n<p dir=\"ltr\"><strong>Materi\u00e1l:<\/strong><\/p>\n<ul>\n<li value=\"1\">nerezov\u00e1 ocel<\/li>\n<li value=\"2\">odoln\u00e9 proti korozi<\/li>\n<\/ul>\n<p dir=\"ltr\"><strong>Jak pou\u017e\u00edvat:<\/strong><br \/>\nOdmo\u010dte nehtovou k\u016f\u017ei\u010dku ve vodn\u00ed l\u00e1zni nebo pou\u017eijte p\u0159\u00edpravek na jej\u00ed zm\u011bk\u010den\u00ed. Pomoc\u00ed n\u016f\u017eek Staleks Expert 50 type 1 opatrn\u011b odst\u0159ihn\u011bte p\u0159ebyte\u010dnou \u010d\u00e1st nehtov\u00e9 k\u016f\u017ei\u010dky.<\/p>\n","protected":false},"excerpt":{"rendered":"<p>M\u011bjte p\u0159i ruce spolehliv\u00fd n\u00e1stroj pou\u017e\u00edvan\u00fd profesion\u00e1ly. \u0160pi\u010dat\u00e9 n\u016f\u017eky na nehtovou k\u016f\u017ei\u010dku Staleks Expert 50 type 1 v\u00e1m d\u00edky rovn\u00fdm a tenk\u00fdm \u010depel\u00edm umo\u017en\u00ed snadn\u00e9 odstran\u011bn\u00ed ne\u017e\u00e1douc\u00ed k\u016f\u017ee v okol\u00ed nehtov\u00e9ho l\u016f\u017eka. Jejich design br\u00e1n\u00ed rychl\u00e9 \u00fanav\u011b ruky a usnad\u0148uje manipulaci. Zajist\u011bte si dokonal\u00fd vzhled va\u0161\u00ed manik\u00fary. Vlastnosti: umo\u017e\u0148uj\u00ed snadn\u00fd p\u0159\u00edstup ke k\u016f\u017ei\u010dce a jej\u00ed [&hellip;]<\/p>\n","protected":false},"featured_media":4188,"comment_status":"open","ping_status":"closed","template":"","meta":[],"pwb-brand":[],"product_brand":[],"product_cat":[684],"product_tag":[],"berocket_brand":[436],"class_list":{"0":"post-9608","1":"product","2":"type-product","3":"status-publish","4":"has-post-thumbnail","6":"product_cat-manikurni-nuzky","7":"berocket_brand-staleks","9":"first","10":"instock","11":"taxable","12":"shipping-taxable","13":"purchasable","14":"product-type-simple"},"acf":[],"brands":[],"_links":{"self":[{"href":"https:\/\/mikeladzenailstore.com\/sk\/wp-json\/wp\/v2\/product\/9608","targetHints":{"allow":["GET"]}}],"collection":[{"href":"https:\/\/mikeladzenailstore.com\/sk\/wp-json\/wp\/v2\/product"}],"about":[{"href":"https:\/\/mikeladzenailstore.com\/sk\/wp-json\/wp\/v2\/types\/product"}],"replies":[{"embeddable":true,"href":"https:\/\/mikeladzenailstore.com\/sk\/wp-json\/wp\/v2\/comments?post=9608"}],"version-history":[{"count":0,"href":"https:\/\/mikeladzenailstore.com\/sk\/wp-json\/wp\/v2\/product\/9608\/revisions"}],"wp:featuredmedia":[{"embeddable":true,"href":"https:\/\/mikeladzenailstore.com\/sk\/wp-json\/wp\/v2\/media\/4188"}],"wp:attachment":[{"href":"https:\/\/mikeladzenailstore.com\/sk\/wp-json\/wp\/v2\/media?parent=9608"}],"wp:term":[{"taxonomy":"pwb-brand","embeddable":true,"href":"https:\/\/mikeladzenailstore.com\/sk\/wp-json\/wp\/v2\/pwb-brand?post=9608"},{"taxonomy":"product_brand","embeddable":true,"href":"https:\/\/mikeladzenailstore.com\/sk\/wp-json\/wp\/v2\/product_brand?post=9608"},{"taxonomy":"product_cat","embeddable":true,"href":"https:\/\/mikeladzenailstore.com\/sk\/wp-json\/wp\/v2\/product_cat?post=9608"},{"taxonomy":"product_tag","embeddable":true,"href":"https:\/\/mikeladzenailstore.com\/sk\/wp-json\/wp\/v2\/product_tag?post=9608"},{"taxonomy":"berocket_brand","embeddable":true,"href":"https:\/\/mikeladzenailstore.com\/sk\/wp-json\/wp\/v2\/berocket_brand?post=9608"}],"curies":[{"name":"wp","href":"https:\/\/api.w.org\/{rel}","templated":true}]}}