{"id":9614,"date":"2025-11-15T11:58:45","date_gmt":"2025-11-15T11:58:45","guid":{"rendered":"https:\/\/mikeladzenailstore.com\/p\/nuzky-pro-levaky-expert-11-1\/"},"modified":"2026-01-11T11:45:24","modified_gmt":"2026-01-11T11:45:24","slug":"nuzky-pro-levaky-expert-11-1","status":"publish","type":"product","link":"https:\/\/mikeladzenailstore.com\/sk\/produkt\/nuzky-pro-levaky-expert-11-1\/","title":{"rendered":"N\u016f\u017eky pro lev\u00e1ky Expert 11\/1"},"content":{"rendered":"<p>Profesion\u00e1ln\u00ed n\u016f\u017eky pro lev\u00e1ky s ru\u010dn\u011b brou\u0161en\u00fdmi \u010depelemi. Ultra tenk\u00e1 \u0161pi\u010dka k zast\u0159i\u017een\u00ed nehtov\u00e9 k\u016f\u017ei\u010dky. Velikost 11\/1 pro malou ruku.<\/p>\n<p>Vyrobeno z nerezov\u00e9 oceli\u00a0Stainless steel.<\/p>\n","protected":false},"excerpt":{"rendered":"<p>Profesion\u00e1ln\u00ed n\u016f\u017eky pro lev\u00e1ky s ru\u010dn\u011b brou\u0161en\u00fdmi \u010depelemi. Ultra tenk\u00e1 \u0161pi\u010dka k zast\u0159i\u017een\u00ed nehtov\u00e9 k\u016f\u017ei\u010dky. Velikost 11\/1 pro malou ruku. Vyrobeno z nerezov\u00e9 oceli\u00a0Stainless steel.<\/p>\n","protected":false},"featured_media":4199,"comment_status":"open","ping_status":"closed","template":"","meta":[],"pwb-brand":[],"product_brand":[],"product_cat":[684],"product_tag":[],"berocket_brand":[436],"class_list":{"0":"post-9614","1":"product","2":"type-product","3":"status-publish","4":"has-post-thumbnail","6":"product_cat-manikurni-nuzky","7":"berocket_brand-staleks","9":"first","10":"instock","11":"taxable","12":"shipping-taxable","13":"purchasable","14":"product-type-simple"},"acf":[],"brands":[],"_links":{"self":[{"href":"https:\/\/mikeladzenailstore.com\/sk\/wp-json\/wp\/v2\/product\/9614","targetHints":{"allow":["GET"]}}],"collection":[{"href":"https:\/\/mikeladzenailstore.com\/sk\/wp-json\/wp\/v2\/product"}],"about":[{"href":"https:\/\/mikeladzenailstore.com\/sk\/wp-json\/wp\/v2\/types\/product"}],"replies":[{"embeddable":true,"href":"https:\/\/mikeladzenailstore.com\/sk\/wp-json\/wp\/v2\/comments?post=9614"}],"version-history":[{"count":0,"href":"https:\/\/mikeladzenailstore.com\/sk\/wp-json\/wp\/v2\/product\/9614\/revisions"}],"wp:featuredmedia":[{"embeddable":true,"href":"https:\/\/mikeladzenailstore.com\/sk\/wp-json\/wp\/v2\/media\/4199"}],"wp:attachment":[{"href":"https:\/\/mikeladzenailstore.com\/sk\/wp-json\/wp\/v2\/media?parent=9614"}],"wp:term":[{"taxonomy":"pwb-brand","embeddable":true,"href":"https:\/\/mikeladzenailstore.com\/sk\/wp-json\/wp\/v2\/pwb-brand?post=9614"},{"taxonomy":"product_brand","embeddable":true,"href":"https:\/\/mikeladzenailstore.com\/sk\/wp-json\/wp\/v2\/product_brand?post=9614"},{"taxonomy":"product_cat","embeddable":true,"href":"https:\/\/mikeladzenailstore.com\/sk\/wp-json\/wp\/v2\/product_cat?post=9614"},{"taxonomy":"product_tag","embeddable":true,"href":"https:\/\/mikeladzenailstore.com\/sk\/wp-json\/wp\/v2\/product_tag?post=9614"},{"taxonomy":"berocket_brand","embeddable":true,"href":"https:\/\/mikeladzenailstore.com\/sk\/wp-json\/wp\/v2\/berocket_brand?post=9614"}],"curies":[{"name":"wp","href":"https:\/\/api.w.org\/{rel}","templated":true}]}}