{"id":9617,"date":"2025-11-15T11:58:45","date_gmt":"2025-11-15T11:58:45","guid":{"rendered":"https:\/\/mikeladzenailstore.com\/p\/stipky-na-kuzicku-expert-11-11\/"},"modified":"2026-01-12T11:40:21","modified_gmt":"2026-01-12T11:40:21","slug":"stipky-na-kuzicku-expert-11-11","status":"publish","type":"product","link":"https:\/\/mikeladzenailstore.com\/sk\/produkt\/stipky-na-kuzicku-expert-11-11\/","title":{"rendered":"\u0160tipky na k\u016f\u017ei\u010dku  Expert 11\/11"},"content":{"rendered":"<ul>\n<li>Profesion\u00e1ln\u00ed kle\u0161t\u011b na ple\u0165.<\/li>\n<li>D\u00e9lka \u010depele 11 mm, 14 mm.<\/li>\n<li>Rovn\u00e9 b\u0159ity bez sklonu.<\/li>\n<li>\u0158ezn\u00e1 \u010d\u00e1st s v\u00fdstupkem &#8222;pata&#8220;.<\/li>\n<li>Profesion\u00e1ln\u00ed v\u00edce\u00farov\u0148ov\u00e9 ru\u010dn\u00ed ost\u0159en\u00ed.<\/li>\n<li>Bezchybn\u00e1 ostrost a \u00fapln\u00e9 uzav\u0159en\u00ed b\u0159it\u016f.<\/li>\n<li>Zkr\u00e1cen\u00e9 rukojeti pro malou dla\u0148 se zvln\u011bn\u00fdmi dr\u00e1\u017ekami pro prsty.<\/li>\n<li>Pohodln\u00e9 um\u00edst\u011bn\u00ed a spolehliv\u00e1 fixace n\u00e1stroje v ruce b\u011bhem pou\u017e\u00edv\u00e1n\u00ed.<\/li>\n<li>Dvojit\u00e1 pru\u017eina je odoln\u00e1 a zaji\u0161\u0165uje m\u011bkk\u00fd tah n\u00e1stroje.<\/li>\n<li>Plynul\u00fd a snadn\u00fd tah n\u00e1stroje d\u00edky dokonal\u00e9mu ulo\u017een\u00ed a brou\u0161en\u00ed spojen\u00fdch rovin.<\/li>\n<li>Snadn\u00e1 a jednoduch\u00e1 obsluha n\u00e1stroje d\u00edky obr\u00e1cen\u00e9mu n\u00fdtu.<\/li>\n<li>Dodate\u010dn\u00e1 odolnost n\u00e1stroje proti korozi d\u00edky v\u00edcestup\u0148ov\u00e9mu le\u0161t\u011bn\u00ed pastou GOI.<\/li>\n<li>Vysokolegovan\u00e1 nerezov\u00e1 ocel.<\/li>\n<li>Odoln\u00fd v\u016f\u010di sterilizaci v such\u00e9 tepeln\u00e9 peci a autokl\u00e1vu.<\/li>\n<li>Lze podrobit dezinfekci speci\u00e1ln\u00edm prost\u0159edkem.<\/li>\n<li>Doporu\u010deno pro manik\u00faru.<\/li>\n<\/ul>\n","protected":false},"excerpt":{"rendered":"<p>Profesion\u00e1ln\u00ed kle\u0161t\u011b na ple\u0165. D\u00e9lka \u010depele 11 mm, 14 mm. Rovn\u00e9 b\u0159ity bez sklonu. \u0158ezn\u00e1 \u010d\u00e1st s v\u00fdstupkem &#8222;pata&#8220;. Profesion\u00e1ln\u00ed v\u00edce\u00farov\u0148ov\u00e9 ru\u010dn\u00ed ost\u0159en\u00ed. Bezchybn\u00e1 ostrost a \u00fapln\u00e9 uzav\u0159en\u00ed b\u0159it\u016f. Zkr\u00e1cen\u00e9 rukojeti pro malou dla\u0148 se zvln\u011bn\u00fdmi dr\u00e1\u017ekami pro prsty. Pohodln\u00e9 um\u00edst\u011bn\u00ed a spolehliv\u00e1 fixace n\u00e1stroje v ruce b\u011bhem pou\u017e\u00edv\u00e1n\u00ed. Dvojit\u00e1 pru\u017eina je odoln\u00e1 a zaji\u0161\u0165uje [&hellip;]<\/p>\n","protected":false},"featured_media":4205,"comment_status":"open","ping_status":"closed","template":"","meta":[],"pwb-brand":[],"product_brand":[],"product_cat":[687],"product_tag":[],"berocket_brand":[436],"class_list":{"0":"post-9617","1":"product","2":"type-product","3":"status-publish","4":"has-post-thumbnail","6":"product_cat-manikurni-klesticky","7":"berocket_brand-staleks","9":"first","10":"instock","11":"taxable","12":"shipping-taxable","13":"purchasable","14":"product-type-simple"},"acf":[],"brands":[],"_links":{"self":[{"href":"https:\/\/mikeladzenailstore.com\/sk\/wp-json\/wp\/v2\/product\/9617","targetHints":{"allow":["GET"]}}],"collection":[{"href":"https:\/\/mikeladzenailstore.com\/sk\/wp-json\/wp\/v2\/product"}],"about":[{"href":"https:\/\/mikeladzenailstore.com\/sk\/wp-json\/wp\/v2\/types\/product"}],"replies":[{"embeddable":true,"href":"https:\/\/mikeladzenailstore.com\/sk\/wp-json\/wp\/v2\/comments?post=9617"}],"version-history":[{"count":0,"href":"https:\/\/mikeladzenailstore.com\/sk\/wp-json\/wp\/v2\/product\/9617\/revisions"}],"wp:featuredmedia":[{"embeddable":true,"href":"https:\/\/mikeladzenailstore.com\/sk\/wp-json\/wp\/v2\/media\/4205"}],"wp:attachment":[{"href":"https:\/\/mikeladzenailstore.com\/sk\/wp-json\/wp\/v2\/media?parent=9617"}],"wp:term":[{"taxonomy":"pwb-brand","embeddable":true,"href":"https:\/\/mikeladzenailstore.com\/sk\/wp-json\/wp\/v2\/pwb-brand?post=9617"},{"taxonomy":"product_brand","embeddable":true,"href":"https:\/\/mikeladzenailstore.com\/sk\/wp-json\/wp\/v2\/product_brand?post=9617"},{"taxonomy":"product_cat","embeddable":true,"href":"https:\/\/mikeladzenailstore.com\/sk\/wp-json\/wp\/v2\/product_cat?post=9617"},{"taxonomy":"product_tag","embeddable":true,"href":"https:\/\/mikeladzenailstore.com\/sk\/wp-json\/wp\/v2\/product_tag?post=9617"},{"taxonomy":"berocket_brand","embeddable":true,"href":"https:\/\/mikeladzenailstore.com\/sk\/wp-json\/wp\/v2\/berocket_brand?post=9617"}],"curies":[{"name":"wp","href":"https:\/\/api.w.org\/{rel}","templated":true}]}}