{"id":9629,"date":"2025-11-15T11:58:34","date_gmt":"2025-11-15T11:58:34","guid":{"rendered":"https:\/\/mikeladzenailstore.com\/p\/pink-gel-polish-one-phase-%e2%84%966-jednofazovy-gel-lak\/"},"modified":"2025-11-15T11:58:34","modified_gmt":"2025-11-15T11:58:34","slug":"pink-gel-polish-one-phase-%e2%84%966-jednofazovy-gel-lak","status":"publish","type":"product","link":"https:\/\/mikeladzenailstore.com\/sk\/produkt\/pink-gel-polish-one-phase-%e2%84%966-jednofazovy-gel-lak\/","title":{"rendered":"Pink gel polish One Phase \u21166\u201d &#8211;   jednof\u00e1zov\u00fd gel lak"},"content":{"rendered":"<p>\u0158ada jednof\u00e1zov\u00fdch gel lak\u016f, kter\u00e9 nevy\u017eaduj\u00ed b\u00e1zi ani top coat, co\u017e v\u00fdrazn\u011b \u0161et\u0159\u00ed \u010das p\u0159i aplikaci.<\/p>\n<p>Nan\u00e1\u0161ej\u00ed se v jedn\u00e9 vrstv\u011b na zmatn\u011bn\u00fd a odma\u0161t\u011bn\u00fd nehet.<\/p>\n<p>Maj\u00ed vysokou viskozitu.<\/p>\n<\/p>\n<p>  One Phase \u21166 &#8211; jasn\u011b \u010derven\u00e1 oran\u017eov\u00e1<\/p>\n<\/p>\n<p>  Kryt\u00ed: 80 %<\/p>\n<p>  Vyvinut\u00fd speci\u00e1ln\u011b pro ide\u00e1ln\u00ed kryt\u00ed p\u0159i pedik\u00fa\u0159e<\/p>\n<p>  D\u00edky speci\u00e1ln\u00edmu slo\u017een\u00ed se rychle samovyrovn\u00e1v\u00e1 a nevytv\u00e1\u0159\u00ed tlak na nehtovou plot\u00e9nku po vytvrzen\u00ed<\/p>\n<p>  Obvykle sta\u010d\u00ed jedna vrstva, voliteln\u011b lze nan\u00e9st dv\u011b tenk\u00e9 vrstvy<\/p>\n<p>  Doba polymerizace: ka\u017ed\u00e1 vrstva 120 sekund<\/p>\n<p>  Vhodn\u00fd pro salonn\u00ed i dom\u00e1c\u00ed pou\u017eit\u00ed<\/p>\n<\/p>\n<p>N\u00e1vod k pou\u017eit\u00ed:<\/p>\n<p>\t1.\tJemn\u011b zmatn\u011bte nehet po cel\u00e9 plo\u0161e a upravte voln\u00fd okraj do po\u017eadovan\u00e9ho tvaru<\/p>\n<p>\t2.\tOdmast\u011bte nehtovou plot\u00e9nku pomoc\u00ed Nail Prep<\/p>\n<p>\t3.\tNaneste One Phase gel lak a vytvr\u010fte v LED lamp\u011b 48W po dobu 120 sekund<\/p>\n<p>\t4.\tPokud \u010dasto nos\u00edte uzav\u0159enou obuv, doporu\u010dujeme p\u0159et\u0159\u00edt palec topem, aby se zachoval lesk<\/p>\n<p>\t5.\tPro odstran\u011bn\u00ed pou\u017eijte fr\u00e9zku nebo Remover<\/p>\n","protected":false},"excerpt":{"rendered":"<p>\u0158ada jednof\u00e1zov\u00fdch gel lak\u016f, kter\u00e9 nevy\u017eaduj\u00ed b\u00e1zi ani top coat, co\u017e v\u00fdrazn\u011b \u0161et\u0159\u00ed \u010das p\u0159i aplikaci. Nan\u00e1\u0161ej\u00ed se v jedn\u00e9 vrstv\u011b na zmatn\u011bn\u00fd a odma\u0161t\u011bn\u00fd nehet. Maj\u00ed vysokou viskozitu. One Phase \u21166 &#8211; jasn\u011b \u010derven\u00e1 oran\u017eov\u00e1 Kryt\u00ed: 80 % Vyvinut\u00fd speci\u00e1ln\u011b pro ide\u00e1ln\u00ed kryt\u00ed p\u0159i pedik\u00fa\u0159e D\u00edky speci\u00e1ln\u00edmu slo\u017een\u00ed se rychle samovyrovn\u00e1v\u00e1 a nevytv\u00e1\u0159\u00ed tlak [&hellip;]<\/p>\n","protected":false},"featured_media":0,"comment_status":"open","ping_status":"open","template":"","meta":[],"pwb-brand":[],"product_brand":[],"product_cat":[704],"product_tag":[],"berocket_brand":[],"class_list":{"0":"post-9629","1":"product","2":"type-product","3":"status-publish","5":"product_cat-slevy","7":"first","8":"outofstock","9":"taxable","10":"shipping-taxable","11":"purchasable","12":"product-type-simple"},"acf":[],"brands":[],"_links":{"self":[{"href":"https:\/\/mikeladzenailstore.com\/sk\/wp-json\/wp\/v2\/product\/9629","targetHints":{"allow":["GET"]}}],"collection":[{"href":"https:\/\/mikeladzenailstore.com\/sk\/wp-json\/wp\/v2\/product"}],"about":[{"href":"https:\/\/mikeladzenailstore.com\/sk\/wp-json\/wp\/v2\/types\/product"}],"replies":[{"embeddable":true,"href":"https:\/\/mikeladzenailstore.com\/sk\/wp-json\/wp\/v2\/comments?post=9629"}],"version-history":[{"count":0,"href":"https:\/\/mikeladzenailstore.com\/sk\/wp-json\/wp\/v2\/product\/9629\/revisions"}],"wp:attachment":[{"href":"https:\/\/mikeladzenailstore.com\/sk\/wp-json\/wp\/v2\/media?parent=9629"}],"wp:term":[{"taxonomy":"pwb-brand","embeddable":true,"href":"https:\/\/mikeladzenailstore.com\/sk\/wp-json\/wp\/v2\/pwb-brand?post=9629"},{"taxonomy":"product_brand","embeddable":true,"href":"https:\/\/mikeladzenailstore.com\/sk\/wp-json\/wp\/v2\/product_brand?post=9629"},{"taxonomy":"product_cat","embeddable":true,"href":"https:\/\/mikeladzenailstore.com\/sk\/wp-json\/wp\/v2\/product_cat?post=9629"},{"taxonomy":"product_tag","embeddable":true,"href":"https:\/\/mikeladzenailstore.com\/sk\/wp-json\/wp\/v2\/product_tag?post=9629"},{"taxonomy":"berocket_brand","embeddable":true,"href":"https:\/\/mikeladzenailstore.com\/sk\/wp-json\/wp\/v2\/berocket_brand?post=9629"}],"curies":[{"name":"wp","href":"https:\/\/api.w.org\/{rel}","templated":true}]}}