{"id":9647,"date":"2025-11-15T11:58:34","date_gmt":"2025-11-15T11:58:34","guid":{"rendered":"https:\/\/mikeladzenailstore.com\/p\/moldy-na-francouzskou-manikuru-trendy-nails\/"},"modified":"2025-12-04T14:22:37","modified_gmt":"2025-12-04T14:22:37","slug":"moldy-na-francouzskou-manikuru-trendy-nails","status":"publish","type":"product","link":"https:\/\/mikeladzenailstore.com\/sk\/produkt\/moldy-na-francouzskou-manikuru-trendy-nails\/","title":{"rendered":"Moldy na francouzskou manik\u00faru Trendy nails"},"content":{"rendered":"<p>Moldy \/ \u0161ablony na francouzskou manik\u00faru jsou skv\u011bl\u00fdm pomocn\u00edkem pro vytvo\u0159en\u00ed dokonal\u00e9 a symetrick\u00e9 linie p\u0159i francouzsk\u00e9 manik\u00fa\u0159e.<\/p>\n<p>Vyroben\u00e9 z kvalitn\u00edho materi\u00e1lu, snadno se pou\u017e\u00edvaj\u00ed a p\u0159izp\u016fsob\u00ed se tvaru nehtu.<\/p>\n<p>Vhodn\u00e9 pro za\u010d\u00e1te\u010dn\u00edky i profesion\u00e1ly \u2013 urychluj\u00ed pr\u00e1ci a zaji\u0161\u0165uj\u00ed precizn\u00ed v\u00fdsledek.<\/p>\n","protected":false},"excerpt":{"rendered":"<p>Moldy \/ \u0161ablony na francouzskou manik\u00faru jsou skv\u011bl\u00fdm pomocn\u00edkem pro vytvo\u0159en\u00ed dokonal\u00e9 a symetrick\u00e9 linie p\u0159i francouzsk\u00e9 manik\u00fa\u0159e. Vyroben\u00e9 z kvalitn\u00edho materi\u00e1lu, snadno se pou\u017e\u00edvaj\u00ed a p\u0159izp\u016fsob\u00ed se tvaru nehtu. Vhodn\u00e9 pro za\u010d\u00e1te\u010dn\u00edky i profesion\u00e1ly \u2013 urychluj\u00ed pr\u00e1ci a zaji\u0161\u0165uj\u00ed precizn\u00ed v\u00fdsledek.<\/p>\n","protected":false},"featured_media":4171,"comment_status":"open","ping_status":"closed","template":"","meta":[],"pwb-brand":[],"product_brand":[],"product_cat":[196,648],"product_tag":[],"berocket_brand":[],"class_list":{"0":"post-9647","1":"product","2":"type-product","3":"status-publish","4":"has-post-thumbnail","6":"product_cat-modelaznehtu","7":"product_cat-upper-forms","9":"first","10":"instock","11":"taxable","12":"shipping-taxable","13":"purchasable","14":"product-type-simple"},"acf":[],"brands":[],"_links":{"self":[{"href":"https:\/\/mikeladzenailstore.com\/sk\/wp-json\/wp\/v2\/product\/9647","targetHints":{"allow":["GET"]}}],"collection":[{"href":"https:\/\/mikeladzenailstore.com\/sk\/wp-json\/wp\/v2\/product"}],"about":[{"href":"https:\/\/mikeladzenailstore.com\/sk\/wp-json\/wp\/v2\/types\/product"}],"replies":[{"embeddable":true,"href":"https:\/\/mikeladzenailstore.com\/sk\/wp-json\/wp\/v2\/comments?post=9647"}],"version-history":[{"count":0,"href":"https:\/\/mikeladzenailstore.com\/sk\/wp-json\/wp\/v2\/product\/9647\/revisions"}],"wp:featuredmedia":[{"embeddable":true,"href":"https:\/\/mikeladzenailstore.com\/sk\/wp-json\/wp\/v2\/media\/4171"}],"wp:attachment":[{"href":"https:\/\/mikeladzenailstore.com\/sk\/wp-json\/wp\/v2\/media?parent=9647"}],"wp:term":[{"taxonomy":"pwb-brand","embeddable":true,"href":"https:\/\/mikeladzenailstore.com\/sk\/wp-json\/wp\/v2\/pwb-brand?post=9647"},{"taxonomy":"product_brand","embeddable":true,"href":"https:\/\/mikeladzenailstore.com\/sk\/wp-json\/wp\/v2\/product_brand?post=9647"},{"taxonomy":"product_cat","embeddable":true,"href":"https:\/\/mikeladzenailstore.com\/sk\/wp-json\/wp\/v2\/product_cat?post=9647"},{"taxonomy":"product_tag","embeddable":true,"href":"https:\/\/mikeladzenailstore.com\/sk\/wp-json\/wp\/v2\/product_tag?post=9647"},{"taxonomy":"berocket_brand","embeddable":true,"href":"https:\/\/mikeladzenailstore.com\/sk\/wp-json\/wp\/v2\/berocket_brand?post=9647"}],"curies":[{"name":"wp","href":"https:\/\/api.w.org\/{rel}","templated":true}]}}