{"id":9656,"date":"2025-11-15T11:58:22","date_gmt":"2025-11-15T11:58:22","guid":{"rendered":"https:\/\/mikeladzenailstore.com\/p\/nuzky-asymmetric-sq-20-4\/"},"modified":"2026-01-11T11:35:35","modified_gmt":"2026-01-11T11:35:35","slug":"nuzky-asymmetric-sq-20-4","status":"publish","type":"product","link":"https:\/\/mikeladzenailstore.com\/sk\/produkt\/nuzky-asymmetric-sq-20-4\/","title":{"rendered":"N\u016f\u017eky Asymmetric SQ-20\/4"},"content":{"rendered":"<p>Popis produktu<\/p>\n<p>\u2022 Prvn\u00ed profesion\u00e1ln\u00ed manik\u00farov\u00e9 n\u016f\u017eky s inovativn\u00edmi asymetrick\u00fdmi v\u00edce\u00farov\u0148ov\u00fdmi krou\u017eky \u2013 design UNIQ SQ\u201120\/4 je sv\u011btovou novinkou v manik\u00fa\u0159e \ufffc \ufffc.<\/p>\n<p>\u2022 Unik\u00e1tn\u00ed konstrukce umo\u017e\u0148uje m\u011bnit techniky a styly pouze \u00fachopem, bez nutnosti m\u011bnit n\u00e1stroj \ufffc.<\/p>\n<p>\u2022 Asymetrick\u00e9 krou\u017eky \u2013 lev\u00fd kruh je um\u00edst\u011bn n\u00ed\u017ee, p\u0159izp\u016fsob\u00ed se ide\u00e1ln\u011b prst\u016fm; sni\u017euj\u00ed \u00fanavu ruky p\u0159i pr\u00e1ci \ufffc.<\/p>\n<p>\u2022 Ergonomick\u00e1 velikost otvor\u016f \u2013 navr\u017eeno pro pohodln\u00e9 dlouhodob\u00e9 pou\u017eit\u00ed ().<\/p>\n<p>\u2022 Ru\u010dn\u00ed ost\u0159en\u00ed zaru\u010duje precizn\u00ed a \u010dist\u00fd st\u0159ih \ufffc.<\/p>\n<p>\u2022 Dokonale vyle\u0161t\u011bn\u00fd povrch poskytuje zv\u00fd\u0161enou odolnost proti od\u011bru a korozi \ufffc.<\/p>\n<p>\u2022 Vysoce legovan\u00e1 nerezov\u00e1 ocel zaji\u0161\u0165uje odolnost a dlouhou \u017eivotnost \ufffc.<\/p>\n<p>\u2e3b<\/p>\n<p>Technick\u00e9 parametry<\/p>\n<p>\u2022 Celkov\u00e1 d\u00e9lka n\u016f\u017eek: 98\u2013105\u202fmm (\u00b11\u202fmm) \ufffc.<\/p>\n<p>\u2022 D\u00e9lka \u010depele: cca\u202f25\u202fmm (\u00b1\u202f1,2\u202fmm) \ufffc.<\/p>\n<p>\u2022 Hmotnost: cca\u202f0,1\u202fkg \ufffc.<\/p>\n<p>\u2022 Sterilizace a dezinfekce: odoln\u00e9 v\u016f\u010di autokl\u00e1vu, such\u00e9 peci a b\u011b\u017en\u00fdm dezinfek\u010dn\u00edm prost\u0159edk\u016fm bez ztr\u00e1ty kvality \ufffc.<\/p>\n<p>\u2e3b<\/p>\n<p>V\u00fdhody pro u\u017eivatele<\/p>\n<p>\u2022 Ni\u017e\u0161\u00ed \u00fanava ruky, d\u00edky hladk\u00e9mu chodu n\u016f\u017eek \u2013 ide\u00e1ln\u00ed pro dlouh\u00e9 pracovn\u00ed sm\u011bny ().<\/p>\n<p>\u2022 P\u0159izp\u016fsoben\u00ed ruk\u00e1m \u2013 model se spodn\u00edm lev\u00fdm kruhem je vhodn\u00fd pro st\u0159edn\u011b velk\u00e9 a\u017e velk\u00e9 ruce, ale doporu\u010duje se vyzkou\u0161et p\u0159ed koup\u00ed \ufffc.<\/p>\n<p>\u2022 Precizn\u00ed st\u0159ih, tenk\u00e9 ku\u017eelovit\u00e9 \u010depele s lehce zak\u0159iven\u00fdm koncem dokonale kop\u00edruj\u00ed tvar k\u016f\u017ei\u010dky, ani\u017e by ji po\u0161kodily \ufffc.<\/p>\n<p>\u2022 Odolnost v\u016f\u010di korozi d\u00edky vysoce kvalitn\u00ed u\u0161lechtil\u00e9 oceli a povrchov\u00e9 ochran\u011b ().<\/p>\n","protected":false},"excerpt":{"rendered":"<p>Popis produktu \u2022 Prvn\u00ed profesion\u00e1ln\u00ed manik\u00farov\u00e9 n\u016f\u017eky s inovativn\u00edmi asymetrick\u00fdmi v\u00edce\u00farov\u0148ov\u00fdmi krou\u017eky \u2013 design UNIQ SQ\u201120\/4 je sv\u011btovou novinkou v manik\u00fa\u0159e \ufffc \ufffc. \u2022 Unik\u00e1tn\u00ed konstrukce umo\u017e\u0148uje m\u011bnit techniky a styly pouze \u00fachopem, bez nutnosti m\u011bnit n\u00e1stroj \ufffc. \u2022 Asymetrick\u00e9 krou\u017eky \u2013 lev\u00fd kruh je um\u00edst\u011bn n\u00ed\u017ee, p\u0159izp\u016fsob\u00ed se ide\u00e1ln\u011b prst\u016fm; sni\u017euj\u00ed \u00fanavu ruky p\u0159i [&hellip;]<\/p>\n","protected":false},"featured_media":4134,"comment_status":"open","ping_status":"closed","template":"","meta":[],"pwb-brand":[],"product_brand":[],"product_cat":[684],"product_tag":[],"berocket_brand":[436],"class_list":{"0":"post-9656","1":"product","2":"type-product","3":"status-publish","4":"has-post-thumbnail","6":"product_cat-manikurni-nuzky","7":"berocket_brand-staleks","9":"first","10":"outofstock","11":"taxable","12":"shipping-taxable","13":"purchasable","14":"product-type-simple"},"acf":[],"brands":[],"_links":{"self":[{"href":"https:\/\/mikeladzenailstore.com\/sk\/wp-json\/wp\/v2\/product\/9656","targetHints":{"allow":["GET"]}}],"collection":[{"href":"https:\/\/mikeladzenailstore.com\/sk\/wp-json\/wp\/v2\/product"}],"about":[{"href":"https:\/\/mikeladzenailstore.com\/sk\/wp-json\/wp\/v2\/types\/product"}],"replies":[{"embeddable":true,"href":"https:\/\/mikeladzenailstore.com\/sk\/wp-json\/wp\/v2\/comments?post=9656"}],"version-history":[{"count":0,"href":"https:\/\/mikeladzenailstore.com\/sk\/wp-json\/wp\/v2\/product\/9656\/revisions"}],"wp:featuredmedia":[{"embeddable":true,"href":"https:\/\/mikeladzenailstore.com\/sk\/wp-json\/wp\/v2\/media\/4134"}],"wp:attachment":[{"href":"https:\/\/mikeladzenailstore.com\/sk\/wp-json\/wp\/v2\/media?parent=9656"}],"wp:term":[{"taxonomy":"pwb-brand","embeddable":true,"href":"https:\/\/mikeladzenailstore.com\/sk\/wp-json\/wp\/v2\/pwb-brand?post=9656"},{"taxonomy":"product_brand","embeddable":true,"href":"https:\/\/mikeladzenailstore.com\/sk\/wp-json\/wp\/v2\/product_brand?post=9656"},{"taxonomy":"product_cat","embeddable":true,"href":"https:\/\/mikeladzenailstore.com\/sk\/wp-json\/wp\/v2\/product_cat?post=9656"},{"taxonomy":"product_tag","embeddable":true,"href":"https:\/\/mikeladzenailstore.com\/sk\/wp-json\/wp\/v2\/product_tag?post=9656"},{"taxonomy":"berocket_brand","embeddable":true,"href":"https:\/\/mikeladzenailstore.com\/sk\/wp-json\/wp\/v2\/berocket_brand?post=9656"}],"curies":[{"name":"wp","href":"https:\/\/api.w.org\/{rel}","templated":true}]}}