{"id":9665,"date":"2025-11-15T11:58:22","date_gmt":"2025-11-15T11:58:22","guid":{"rendered":"https:\/\/mikeladzenailstore.com\/p\/pink-super-gel-flower-nude-%e2%84%9610\/"},"modified":"2026-01-01T17:42:33","modified_gmt":"2026-01-01T17:42:33","slug":"pink-super-gel-flower-nude-%e2%84%9610","status":"publish","type":"product","link":"https:\/\/mikeladzenailstore.com\/sk\/produkt\/pink-super-gel-flower-nude-%e2%84%9610\/","title":{"rendered":"Pink Super Gel Flower Nude \u211610"},"content":{"rendered":"<p>  Flower NUDE \u2013 p\u0159irozen\u00e1 kr\u00e1sa v ka\u017ed\u00e9 kapce<\/p>\n<\/p>\n<p>Kolekce pevn\u00fdch tekut\u00fdch gel\u016f Super Gel pro jemn\u00fd, romantick\u00fd a elegantn\u00ed vzhled.<\/p>\n<\/p>\n<p>Tento n\u011b\u017en\u00fd nude gel na nehty spojuje p\u0159irozenost a vyt\u0159\u00edbenost.<\/p>\n<p>Ztlumen\u00e9 odst\u00edny jemn\u011b podtrhnou kr\u00e1su rukou a dodaj\u00ed vzhledu lehkost.<\/p>\n<p>Delik\u00e1tn\u00ed su\u0161en\u00e9 kv\u011bty v gelu p\u0159id\u00e1vaj\u00ed n\u00e1dech romantiky a jedine\u010dnosti.<\/p>\n<\/p>\n<p>  Vlastnosti:<\/p>\n<p>\u2013 Siln\u00fd modela\u010dn\u00ed gel s \u0159\u00eddkou konzistenc\u00ed<\/p>\n<p>\u2013 Samonivela\u010dn\u00ed a snadno se nan\u00e1\u0161\u00ed<\/p>\n<p>\u2013 Skv\u011bl\u00fd pro model\u00e1\u017e jak\u00e9koliv d\u00e9lky a techniky<\/p>\n<p>\u2013 Vhodn\u00fd i pro pr\u00e1ci s horn\u00edmi formami<\/p>\n<p>\u2013 V\u00fdborn\u011b dr\u017e\u00ed tvar a oblouk<\/p>\n<p>\u2013 Neutr\u00e1ln\u00ed v\u016fn\u011b<\/p>\n<\/p>\n<p>  Odst\u00edn:&nbsp;Nebesky modr\u00fd s modr\u00fdmi su\u0161en\u00fdmi kv\u011bty<\/p>\n<p>  V\u00fdrobce: TOV \u201cPink Beauty Professional\u201d<\/p>\n<\/p>\n<p>\u2e3b<\/p>\n<\/p>\n<p> \ufe0f N\u00e1vod k pou\u017eit\u00ed:<\/p>\n<p>\t1.\tP\u0159ipravte nehtovou plot\u00e9nku (piln\u00edkem, buffrem, manik\u00fara)<\/p>\n<p>\t2.\tNaneste Nail prep, pot\u00e9 Ultrabond polosuch\u00fdm \u0161t\u011btcem<\/p>\n<p>\t3.\tAplikujte pot\u0159ebn\u00e9 mno\u017estv\u00ed gelu, vymodelujte tvar a d\u00e9lku<\/p>\n<p>\t4.\tVytvr\u010fte v lamp\u011b 2 minuty (LED\/UV)<\/p>\n<p>\t5.\tOdstra\u0148te v\u00fdpotek, p\u0159\u00edpadn\u011b zapilujte tvar<\/p>\n<p>\t6.\tOdstra\u0148te prach a p\u0159ekryjte topem<\/p>\n<p>\t7.\tZnovu vytvr\u010fte 2 minuty<\/p><\/p>\n","protected":false},"excerpt":{"rendered":"<p>Flower NUDE \u2013 p\u0159irozen\u00e1 kr\u00e1sa v ka\u017ed\u00e9 kapce Kolekce pevn\u00fdch tekut\u00fdch gel\u016f Super Gel pro jemn\u00fd, romantick\u00fd a elegantn\u00ed vzhled. Tento n\u011b\u017en\u00fd nude gel na nehty spojuje p\u0159irozenost a vyt\u0159\u00edbenost. Ztlumen\u00e9 odst\u00edny jemn\u011b podtrhnou kr\u00e1su rukou a dodaj\u00ed vzhledu lehkost. Delik\u00e1tn\u00ed su\u0161en\u00e9 kv\u011bty v gelu p\u0159id\u00e1vaj\u00ed n\u00e1dech romantiky a jedine\u010dnosti. Vlastnosti: \u2013 Siln\u00fd modela\u010dn\u00ed gel [&hellip;]<\/p>\n","protected":false},"featured_media":4143,"comment_status":"open","ping_status":"closed","template":"","meta":[],"pwb-brand":[],"product_brand":[],"product_cat":[652],"product_tag":[],"berocket_brand":[560],"class_list":{"0":"post-9665","1":"product","2":"type-product","3":"status-publish","4":"has-post-thumbnail","6":"product_cat-builder-gely-pink","7":"berocket_brand-pink","9":"first","10":"outofstock","11":"taxable","12":"shipping-taxable","13":"purchasable","14":"product-type-simple"},"acf":[],"brands":[],"_links":{"self":[{"href":"https:\/\/mikeladzenailstore.com\/sk\/wp-json\/wp\/v2\/product\/9665","targetHints":{"allow":["GET"]}}],"collection":[{"href":"https:\/\/mikeladzenailstore.com\/sk\/wp-json\/wp\/v2\/product"}],"about":[{"href":"https:\/\/mikeladzenailstore.com\/sk\/wp-json\/wp\/v2\/types\/product"}],"replies":[{"embeddable":true,"href":"https:\/\/mikeladzenailstore.com\/sk\/wp-json\/wp\/v2\/comments?post=9665"}],"version-history":[{"count":0,"href":"https:\/\/mikeladzenailstore.com\/sk\/wp-json\/wp\/v2\/product\/9665\/revisions"}],"wp:featuredmedia":[{"embeddable":true,"href":"https:\/\/mikeladzenailstore.com\/sk\/wp-json\/wp\/v2\/media\/4143"}],"wp:attachment":[{"href":"https:\/\/mikeladzenailstore.com\/sk\/wp-json\/wp\/v2\/media?parent=9665"}],"wp:term":[{"taxonomy":"pwb-brand","embeddable":true,"href":"https:\/\/mikeladzenailstore.com\/sk\/wp-json\/wp\/v2\/pwb-brand?post=9665"},{"taxonomy":"product_brand","embeddable":true,"href":"https:\/\/mikeladzenailstore.com\/sk\/wp-json\/wp\/v2\/product_brand?post=9665"},{"taxonomy":"product_cat","embeddable":true,"href":"https:\/\/mikeladzenailstore.com\/sk\/wp-json\/wp\/v2\/product_cat?post=9665"},{"taxonomy":"product_tag","embeddable":true,"href":"https:\/\/mikeladzenailstore.com\/sk\/wp-json\/wp\/v2\/product_tag?post=9665"},{"taxonomy":"berocket_brand","embeddable":true,"href":"https:\/\/mikeladzenailstore.com\/sk\/wp-json\/wp\/v2\/berocket_brand?post=9665"}],"curies":[{"name":"wp","href":"https:\/\/api.w.org\/{rel}","templated":true}]}}