{"id":9677,"date":"2025-11-15T11:58:22","date_gmt":"2025-11-15T11:58:22","guid":{"rendered":"https:\/\/mikeladzenailstore.com\/p\/pink-butter-liquid-gel-tekuty-modelacni-gel-v-odstinu-maslove-ruzove\/"},"modified":"2025-11-15T11:58:22","modified_gmt":"2025-11-15T11:58:22","slug":"pink-butter-liquid-gel-tekuty-modelacni-gel-v-odstinu-maslove-ruzove","status":"publish","type":"product","link":"https:\/\/mikeladzenailstore.com\/sk\/produkt\/pink-butter-liquid-gel-tekuty-modelacni-gel-v-odstinu-maslove-ruzove\/","title":{"rendered":"Pink \u201eButter\u201c Liquid Gel \u2013 tekut\u00fd modela\u010dn\u00ed gel v odst\u00ednu m\u00e1slov\u00e9 r\u016f\u017eov\u00e9"},"content":{"rendered":"<p>Butter \u2013 ml\u00e9\u010dn\u011b \u017elut\u00fd odst\u00edn m\u00e1sla<\/p>\n<\/p>\n<p>Tento pevn\u00fd modela\u010dn\u00ed gel je ide\u00e1ln\u00ed pro prodlu\u017eov\u00e1n\u00ed, zpevn\u011bn\u00ed nebo modelaci neht\u016f jak\u00e9koli d\u00e9lky a v jak\u00e9koli technice, v\u010detn\u011b pr\u00e1ce s horn\u00edmi formami.<\/p>\n<\/p>\n<p>  Konzistence: tekut\u00e1, rychle se samovyrovn\u00e1v\u00e1<\/p>\n<p>  Z\u00e1pach: neutr\u00e1ln\u00ed<\/p>\n<p>  Barva: ml\u00e9\u010dn\u011b \u017elut\u00e1 \u2013 barva m\u00e1sla<\/p>\n<p>  V\u00fdrobce: TOV \u201cPink Beauty Professional\u201d<\/p>\n<\/p>\n<p>Zp\u016fsob pou\u017eit\u00ed:<\/p>\n<p>\t1.\tP\u0159ipravte nehtovou plot\u00e9nku (mechanick\u00e9 opracov\u00e1n\u00ed piln\u00edkem nebo bufferem, manik\u00fara)<\/p>\n<p>\t2.\tNaneste Nail prep, pot\u00e9 t\u00e9m\u011b\u0159 such\u00fdm \u0161t\u011btcem Ultrabond<\/p>\n<p>\t3.\tAplikujte tenkou vrstvu pr\u016fhledn\u00e9 b\u00e1ze, vytvr\u010fte 1 minutu<\/p>\n<p>\t4.\tNaneste pot\u0159ebn\u00e9 mno\u017estv\u00ed gelu, vymodelujte po\u017eadovan\u00fd tvar a d\u00e9lku, vytvr\u010fte v lamp\u011b po dobu 2 minut<\/p>\n<p>\t5.\tOdstra\u0148te v\u00fdpotek, p\u0159\u00edpadn\u011b zapilujte tvar<\/p>\n<p>\t6.\tOdstra\u0148te prach kart\u00e1\u010dkem, p\u0159ekryjte topem a vytvr\u010fte 2 minuty<\/p><\/p>\n","protected":false},"excerpt":{"rendered":"<p>Butter \u2013 ml\u00e9\u010dn\u011b \u017elut\u00fd odst\u00edn m\u00e1sla Tento pevn\u00fd modela\u010dn\u00ed gel je ide\u00e1ln\u00ed pro prodlu\u017eov\u00e1n\u00ed, zpevn\u011bn\u00ed nebo modelaci neht\u016f jak\u00e9koli d\u00e9lky a v jak\u00e9koli technice, v\u010detn\u011b pr\u00e1ce s horn\u00edmi formami. Konzistence: tekut\u00e1, rychle se samovyrovn\u00e1v\u00e1 Z\u00e1pach: neutr\u00e1ln\u00ed Barva: ml\u00e9\u010dn\u011b \u017elut\u00e1 \u2013 barva m\u00e1sla V\u00fdrobce: TOV \u201cPink Beauty Professional\u201d Zp\u016fsob pou\u017eit\u00ed: 1. P\u0159ipravte nehtovou plot\u00e9nku (mechanick\u00e9 opracov\u00e1n\u00ed [&hellip;]<\/p>\n","protected":false},"featured_media":0,"comment_status":"open","ping_status":"open","template":"","meta":[],"pwb-brand":[],"product_brand":[],"product_cat":[168],"product_tag":[],"berocket_brand":[],"class_list":{"0":"post-9677","1":"product","2":"type-product","3":"status-publish","5":"product_cat-baze-a-topy-pro-manikuru-pedikuru","7":"first","8":"outofstock","9":"taxable","10":"shipping-taxable","11":"purchasable","12":"product-type-simple"},"acf":[],"brands":[],"_links":{"self":[{"href":"https:\/\/mikeladzenailstore.com\/sk\/wp-json\/wp\/v2\/product\/9677","targetHints":{"allow":["GET"]}}],"collection":[{"href":"https:\/\/mikeladzenailstore.com\/sk\/wp-json\/wp\/v2\/product"}],"about":[{"href":"https:\/\/mikeladzenailstore.com\/sk\/wp-json\/wp\/v2\/types\/product"}],"replies":[{"embeddable":true,"href":"https:\/\/mikeladzenailstore.com\/sk\/wp-json\/wp\/v2\/comments?post=9677"}],"version-history":[{"count":0,"href":"https:\/\/mikeladzenailstore.com\/sk\/wp-json\/wp\/v2\/product\/9677\/revisions"}],"wp:attachment":[{"href":"https:\/\/mikeladzenailstore.com\/sk\/wp-json\/wp\/v2\/media?parent=9677"}],"wp:term":[{"taxonomy":"pwb-brand","embeddable":true,"href":"https:\/\/mikeladzenailstore.com\/sk\/wp-json\/wp\/v2\/pwb-brand?post=9677"},{"taxonomy":"product_brand","embeddable":true,"href":"https:\/\/mikeladzenailstore.com\/sk\/wp-json\/wp\/v2\/product_brand?post=9677"},{"taxonomy":"product_cat","embeddable":true,"href":"https:\/\/mikeladzenailstore.com\/sk\/wp-json\/wp\/v2\/product_cat?post=9677"},{"taxonomy":"product_tag","embeddable":true,"href":"https:\/\/mikeladzenailstore.com\/sk\/wp-json\/wp\/v2\/product_tag?post=9677"},{"taxonomy":"berocket_brand","embeddable":true,"href":"https:\/\/mikeladzenailstore.com\/sk\/wp-json\/wp\/v2\/berocket_brand?post=9677"}],"curies":[{"name":"wp","href":"https:\/\/api.w.org\/{rel}","templated":true}]}}