{"id":9686,"date":"2025-11-15T11:58:07","date_gmt":"2025-11-15T11:58:07","guid":{"rendered":"https:\/\/mikeladzenailstore.com\/p\/jednorazove-bile-pilniky-expert-dfe-40-180-soft-base-30-ks\/"},"modified":"2026-01-13T22:17:16","modified_gmt":"2026-01-13T22:17:16","slug":"jednorazove-bile-pilniky-expert-dfe-40-180-soft-base-30-ks","status":"publish","type":"product","link":"https:\/\/mikeladzenailstore.com\/sk\/produkt\/jednorazove-bile-pilniky-expert-dfe-40-180-soft-base-30-ks\/","title":{"rendered":"JEDNOR\u00c1ZOV\u00c9 B\u00cdL\u00c9 PILN\u00cdKY EXPERT DFE-40-180 SOFT BASE (30 KS)"},"content":{"rendered":"<p>Vym\u011bniteln\u00e9 samolepic\u00ed piln\u00edky ve tvaru p\u016flm\u011bs\u00edce Expert White. Doporu\u010dujeme pro jednor\u00e1zov\u00e9 pou\u017eit\u00ed.<\/p>\n<p>Po\u010det kus\u016f v balen\u00ed: 30 ks<\/p>\n","protected":false},"excerpt":{"rendered":"<p>Vym\u011bniteln\u00e9 samolepic\u00ed piln\u00edky ve tvaru p\u016flm\u011bs\u00edce Expert White. Doporu\u010dujeme pro jednor\u00e1zov\u00e9 pou\u017eit\u00ed. Po\u010det kus\u016f v balen\u00ed: 30 ks<\/p>\n","protected":false},"featured_media":4115,"comment_status":"open","ping_status":"closed","template":"","meta":[],"pwb-brand":[],"product_brand":[],"product_cat":[505],"product_tag":[],"berocket_brand":[436],"class_list":{"0":"post-9686","1":"product","2":"type-product","3":"status-publish","4":"has-post-thumbnail","6":"product_cat-brusiva","7":"berocket_brand-staleks","9":"first","10":"instock","11":"taxable","12":"shipping-taxable","13":"purchasable","14":"product-type-simple"},"acf":[],"brands":[],"_links":{"self":[{"href":"https:\/\/mikeladzenailstore.com\/sk\/wp-json\/wp\/v2\/product\/9686","targetHints":{"allow":["GET"]}}],"collection":[{"href":"https:\/\/mikeladzenailstore.com\/sk\/wp-json\/wp\/v2\/product"}],"about":[{"href":"https:\/\/mikeladzenailstore.com\/sk\/wp-json\/wp\/v2\/types\/product"}],"replies":[{"embeddable":true,"href":"https:\/\/mikeladzenailstore.com\/sk\/wp-json\/wp\/v2\/comments?post=9686"}],"version-history":[{"count":0,"href":"https:\/\/mikeladzenailstore.com\/sk\/wp-json\/wp\/v2\/product\/9686\/revisions"}],"wp:featuredmedia":[{"embeddable":true,"href":"https:\/\/mikeladzenailstore.com\/sk\/wp-json\/wp\/v2\/media\/4115"}],"wp:attachment":[{"href":"https:\/\/mikeladzenailstore.com\/sk\/wp-json\/wp\/v2\/media?parent=9686"}],"wp:term":[{"taxonomy":"pwb-brand","embeddable":true,"href":"https:\/\/mikeladzenailstore.com\/sk\/wp-json\/wp\/v2\/pwb-brand?post=9686"},{"taxonomy":"product_brand","embeddable":true,"href":"https:\/\/mikeladzenailstore.com\/sk\/wp-json\/wp\/v2\/product_brand?post=9686"},{"taxonomy":"product_cat","embeddable":true,"href":"https:\/\/mikeladzenailstore.com\/sk\/wp-json\/wp\/v2\/product_cat?post=9686"},{"taxonomy":"product_tag","embeddable":true,"href":"https:\/\/mikeladzenailstore.com\/sk\/wp-json\/wp\/v2\/product_tag?post=9686"},{"taxonomy":"berocket_brand","embeddable":true,"href":"https:\/\/mikeladzenailstore.com\/sk\/wp-json\/wp\/v2\/berocket_brand?post=9686"}],"curies":[{"name":"wp","href":"https:\/\/api.w.org\/{rel}","templated":true}]}}