{"id":9689,"date":"2025-11-15T11:58:07","date_gmt":"2025-11-15T11:58:07","guid":{"rendered":"https:\/\/mikeladzenailstore.com\/p\/bile-jednorazove-pilniky-papmam-rovny-20-180w-25-ks\/"},"modified":"2025-11-15T11:58:07","modified_gmt":"2025-11-15T11:58:07","slug":"bile-jednorazove-pilniky-papmam-rovny-20-180w-25-ks","status":"publish","type":"product","link":"https:\/\/mikeladzenailstore.com\/sk\/produkt\/bile-jednorazove-pilniky-papmam-rovny-20-180w-25-ks\/","title":{"rendered":"B\u00cdL\u00c9 JEDNOR\u00c1ZOV\u00c9 PILN\u00cdKY PAPMAM ROVN\u00dd 20-180W (25 KS)"},"content":{"rendered":"<p>B\u00edl\u00fd n\u00e1hradn\u00ed brusn\u00fd pap\u00edr pro kolekci piln\u00edk\u016f PapMam. <\/p>\n<\/p>\n<p>Po\u010det kus\u016f v balen\u00ed: 25 ks <\/p>\n<p>Hrubost piln\u00edku: 180<\/p>\n","protected":false},"excerpt":{"rendered":"<p>B\u00edl\u00fd n\u00e1hradn\u00ed brusn\u00fd pap\u00edr pro kolekci piln\u00edk\u016f PapMam. Po\u010det kus\u016f v balen\u00ed: 25 ks Hrubost piln\u00edku: 180<\/p>\n","protected":false},"featured_media":0,"comment_status":"open","ping_status":"open","template":"","meta":[],"pwb-brand":[],"product_brand":[],"product_cat":[704],"product_tag":[],"berocket_brand":[],"class_list":{"0":"post-9689","1":"product","2":"type-product","3":"status-publish","5":"product_cat-slevy","7":"first","8":"instock","9":"taxable","10":"shipping-taxable","11":"purchasable","12":"product-type-simple"},"acf":[],"brands":[],"_links":{"self":[{"href":"https:\/\/mikeladzenailstore.com\/sk\/wp-json\/wp\/v2\/product\/9689","targetHints":{"allow":["GET"]}}],"collection":[{"href":"https:\/\/mikeladzenailstore.com\/sk\/wp-json\/wp\/v2\/product"}],"about":[{"href":"https:\/\/mikeladzenailstore.com\/sk\/wp-json\/wp\/v2\/types\/product"}],"replies":[{"embeddable":true,"href":"https:\/\/mikeladzenailstore.com\/sk\/wp-json\/wp\/v2\/comments?post=9689"}],"version-history":[{"count":0,"href":"https:\/\/mikeladzenailstore.com\/sk\/wp-json\/wp\/v2\/product\/9689\/revisions"}],"wp:attachment":[{"href":"https:\/\/mikeladzenailstore.com\/sk\/wp-json\/wp\/v2\/media?parent=9689"}],"wp:term":[{"taxonomy":"pwb-brand","embeddable":true,"href":"https:\/\/mikeladzenailstore.com\/sk\/wp-json\/wp\/v2\/pwb-brand?post=9689"},{"taxonomy":"product_brand","embeddable":true,"href":"https:\/\/mikeladzenailstore.com\/sk\/wp-json\/wp\/v2\/product_brand?post=9689"},{"taxonomy":"product_cat","embeddable":true,"href":"https:\/\/mikeladzenailstore.com\/sk\/wp-json\/wp\/v2\/product_cat?post=9689"},{"taxonomy":"product_tag","embeddable":true,"href":"https:\/\/mikeladzenailstore.com\/sk\/wp-json\/wp\/v2\/product_tag?post=9689"},{"taxonomy":"berocket_brand","embeddable":true,"href":"https:\/\/mikeladzenailstore.com\/sk\/wp-json\/wp\/v2\/berocket_brand?post=9689"}],"curies":[{"name":"wp","href":"https:\/\/api.w.org\/{rel}","templated":true}]}}