{"id":9707,"date":"2025-11-15T11:58:07","date_gmt":"2025-11-15T11:58:07","guid":{"rendered":"https:\/\/mikeladzenailstore.com\/p\/no-tpo-no-hema-gel-souffle-raspberry-trendy-nails-15-ml\/"},"modified":"2026-03-04T13:49:42","modified_gmt":"2026-03-04T13:49:42","slug":"no-tpo-no-hema-gel-souffle-raspberry-trendy-nails-15-ml","status":"publish","type":"product","link":"https:\/\/mikeladzenailstore.com\/sk\/produkt\/no-tpo-no-hema-gel-souffle-raspberry-trendy-nails-15-ml\/","title":{"rendered":"Gel souffl\u00e9 RASPBERRY Trendy nails 15 ml"},"content":{"rendered":"<h2 data-start=\"61\" data-end=\"121\"><strong data-start=\"64\" data-end=\"119\">Raspberry \u2013 Gel Souffl\u00e9 R\u016f\u017eov\u00fd s Rafinovan\u00fdm Leskem<\/strong><\/h2>\n<p data-start=\"123\" data-end=\"322\">Konstruk\u010dn\u00ed gel v <strong data-start=\"141\" data-end=\"189\">r\u016f\u017eov\u00e9m odst\u00ednu s jemn\u00fdmi malinov\u00fdmi odlesky<\/strong>, kter\u00fd kombinuje <strong data-start=\"207\" data-end=\"231\">eleganci a osobitost<\/strong>. Ide\u00e1ln\u00ed pro ty, kdo cht\u011bj\u00ed, aby jejich nehty byly <strong data-start=\"283\" data-end=\"319\">modern\u00ed, stylov\u00e9 a sofistikovan\u00e9<\/strong>.<\/p>\n<p data-start=\"324\" data-end=\"428\">Jeho <strong data-start=\"329\" data-end=\"369\">textura souffl\u00e9 je stabiln\u00ed a p\u0159esn\u00e1<\/strong>, co\u017e umo\u017e\u0148uje <strong data-start=\"384\" data-end=\"410\">kontrolovanou modelaci<\/strong>, perfektn\u00ed pro:<\/p>\n<ul data-start=\"429\" data-end=\"493\">\n<li data-start=\"429\" data-end=\"450\">\n<p data-start=\"431\" data-end=\"450\">dopln\u011bn\u00ed (refill)<\/p>\n<\/li>\n<li data-start=\"451\" data-end=\"477\">\n<p data-start=\"453\" data-end=\"477\">modelaci a prodlou\u017een\u00ed<\/p>\n<\/li>\n<li data-start=\"478\" data-end=\"493\">\n<p data-start=\"480\" data-end=\"493\">tenk\u00e9 kryt\u00ed<\/p>\n<\/li>\n<\/ul>\n<p data-start=\"495\" data-end=\"621\">Odst\u00edn <strong data-start=\"502\" data-end=\"515\">Raspberry<\/strong> dod\u00e1v\u00e1 hloubku a rafinovanost ka\u017ed\u00e9 struktu\u0159e, tak\u017ee nehty p\u016fsob\u00ed <strong data-start=\"582\" data-end=\"618\">jedine\u010dn\u011b, sv\u011b\u017ee a profesion\u00e1ln\u011b<\/strong>.<\/p>\n<ul data-start=\"623\" data-end=\"814\">\n<li data-start=\"623\" data-end=\"671\">\n<p data-start=\"625\" data-end=\"671\"><strong data-start=\"625\" data-end=\"644\">Snadn\u00e1 aplikace<\/strong>: hebk\u00e1, poddajn\u00e1 textura<\/p>\n<\/li>\n<li data-start=\"672\" data-end=\"745\">\n<p data-start=\"674\" data-end=\"745\"><strong data-start=\"674\" data-end=\"703\">Vhodn\u00e9 pro r\u016fzn\u00e9 techniky<\/strong>: \u0161ablony, dual form, dopln\u011bn\u00ed a korekce<\/p>\n<\/li>\n<li data-start=\"746\" data-end=\"814\">\n<p data-start=\"748\" data-end=\"814\"><strong data-start=\"748\" data-end=\"768\">Bezpe\u010dn\u00e9 slo\u017een\u00ed<\/strong>: bez HEMA a TPO, vhodn\u00e9 i pro citliv\u00e9 nehty<\/p>\n<\/li>\n<\/ul>\n<p data-start=\"816\" data-end=\"880\"><strong data-start=\"816\" data-end=\"829\">Raspberry<\/strong> \u2013 r\u016f\u017eov\u00e1 s charakterem pro nehty, kter\u00e9 zaujmou.<\/p>\n<h2 data-start=\"131\" data-end=\"173\"><strong data-start=\"134\" data-end=\"171\">Gel Souffl\u00e9 \u2013 kolekce \u201eIce Cream\u201c<\/strong><\/h2>\n<p data-start=\"175\" data-end=\"392\">Gel Souffl\u00e9 je speci\u00e1ln\u00ed modelovac\u00ed gel s kr\u00e9movo-\u017eel\u00e9 konzistenc\u00ed, p\u0159ipom\u00ednaj\u00edc\u00ed nad\u00fdchan\u00e9 dezertn\u00ed sufl\u00e9. Perfektn\u011b zpev\u0148uje a modeluje nehty, a\u0165 u\u017e pro p\u0159irozenou manik\u00faru, prodlou\u017een\u00ed nebo strukturovan\u00e9 designy.<\/p>\n<h3 data-start=\"394\" data-end=\"459\"><strong data-start=\"398\" data-end=\"457\">Kolekce Ice Cream obsahuje 5 jemn\u00fdch, sv\u011btl\u00fdch odst\u00edn\u016f:<\/strong><\/h3>\n<p data-start=\"460\" data-end=\"516\"><strong data-start=\"460\" data-end=\"514\">Nutty, Pistachio, Raspberry, Bubble Gum, Blueberry<\/strong><\/p>\n<p data-start=\"518\" data-end=\"650\">Ka\u017ed\u00fd odst\u00edn je lehce transparentn\u00ed s perle\u0165ov\u00fdm leskem a jemn\u00fdm st\u0159\u00edbrn\u00fdm shimmerem, kter\u00fd dod\u00e1v\u00e1 neht\u016fm decentn\u00ed t\u0159pytiv\u00fd efekt.<\/p>\n<h3 data-start=\"652\" data-end=\"695\"><strong data-start=\"656\" data-end=\"693\">Bezpe\u010dn\u00e9 a hypoalergenn\u00ed slo\u017een\u00ed:<\/strong><\/h3>\n<ul data-start=\"696\" data-end=\"825\">\n<li data-start=\"696\" data-end=\"762\">\n<p data-start=\"698\" data-end=\"762\"><strong data-start=\"698\" data-end=\"717\">HEMA &amp; TPO FREE<\/strong> \u2013 minimalizuje riziko alergi\u00ed a podr\u00e1\u017ed\u011bn\u00ed<\/p>\n<\/li>\n<li data-start=\"763\" data-end=\"825\">\n<p data-start=\"765\" data-end=\"825\">Neobsahuje agresivn\u00ed monomery \u2013 vhodn\u00e9 i pro citliv\u00e9 nehty<\/p>\n<\/li>\n<\/ul>\n<h3 data-start=\"827\" data-end=\"855\"><strong data-start=\"831\" data-end=\"853\">Hlavn\u00ed vlastnosti:<\/strong><\/h3>\n<ul data-start=\"856\" data-end=\"1242\">\n<li data-start=\"856\" data-end=\"897\">\n<p data-start=\"858\" data-end=\"897\">Hust\u00e1, ale lehk\u00e1 a tv\u00e1rn\u00e1 konzistence<\/p>\n<\/li>\n<li data-start=\"898\" data-end=\"959\">\n<p data-start=\"900\" data-end=\"959\">Nest\u00e9k\u00e1 a perfektn\u011b dr\u017e\u00ed tvar \u2013 ide\u00e1ln\u00ed i pro za\u010d\u00e1te\u010dn\u00edky<\/p>\n<\/li>\n<li data-start=\"960\" data-end=\"1005\">\n<p data-start=\"962\" data-end=\"1005\">\u201eM\u011bkk\u00e1\u201c textura, snadno se nab\u00edr\u00e1 \u0161t\u011btcem<\/p>\n<\/li>\n<li data-start=\"1006\" data-end=\"1065\">\n<p data-start=\"1008\" data-end=\"1065\">M\u00edrn\u011b samovyrovn\u00e1vac\u00ed, ale pomalej\u0161\u00ed pro v\u011bt\u0161\u00ed kontrolu<\/p>\n<\/li>\n<li data-start=\"1066\" data-end=\"1110\">\n<p data-start=\"1068\" data-end=\"1110\">Dr\u017e\u00ed tvar a C-oblouk b\u011bhem cel\u00e9 modelace<\/p>\n<\/li>\n<li data-start=\"1111\" data-end=\"1178\">\n<p data-start=\"1113\" data-end=\"1178\">Doporu\u010dujeme nan\u00e1\u0161et v tenk\u00fdch vrstv\u00e1ch, aby nedo\u0161lo k prask\u00e1n\u00ed<\/p>\n<\/li>\n<li data-start=\"1179\" data-end=\"1242\">\n<p data-start=\"1181\" data-end=\"1242\">Nest\u00e9k\u00e1 do bo\u010dn\u00edch val\u016f \u2013 umo\u017e\u0148uje precizn\u00ed a klidnou pr\u00e1ci<\/p>\n<\/li>\n<\/ul>\n<h3 data-start=\"1244\" data-end=\"1262\"><strong data-start=\"1248\" data-end=\"1260\">Pou\u017eit\u00ed:<\/strong><\/h3>\n<ul data-start=\"1263\" data-end=\"1398\">\n<li data-start=\"1263\" data-end=\"1306\">\n<p data-start=\"1265\" data-end=\"1306\">Prodlou\u017een\u00ed voln\u00e9ho okraje \u201ena vzduchu\u201c<\/p>\n<\/li>\n<li data-start=\"1307\" data-end=\"1336\">\n<p data-start=\"1309\" data-end=\"1336\">Zpevn\u011bn\u00ed p\u0159\u00edrodn\u00edho nehtu<\/p>\n<\/li>\n<li data-start=\"1337\" data-end=\"1373\">\n<p data-start=\"1339\" data-end=\"1373\">Modelace na \u0161ablony i dual forms<\/p>\n<\/li>\n<li data-start=\"1374\" data-end=\"1398\">\n<p data-start=\"1376\" data-end=\"1398\">Francouzsk\u00e1 manik\u00fara<\/p>\n<\/li>\n<\/ul>\n<h3 data-start=\"1400\" data-end=\"1425\"><strong data-start=\"1404\" data-end=\"1423\">Doba vytvrzen\u00ed:<\/strong><\/h3>\n<ul data-start=\"1426\" data-end=\"1560\">\n<li data-start=\"1426\" data-end=\"1460\">\n<p data-start=\"1428\" data-end=\"1460\">Fixace dual formy: 2\u20133 sekundy<\/p>\n<\/li>\n<li data-start=\"1461\" data-end=\"1495\">\n<p data-start=\"1463\" data-end=\"1495\">Fixace C-oblouku: 15\u201320 sekund<\/p>\n<\/li>\n<li data-start=\"1496\" data-end=\"1560\">\n<p data-start=\"1498\" data-end=\"1560\">Pln\u00e9 vytvrzen\u00ed: 60\u2013120 sekund (v z\u00e1vislosti na v\u00fdkonu lampy)<\/p>\n<\/li>\n<\/ul>\n<p data-start=\"1562\" data-end=\"1738\">Gel Souffl\u00e9 z kolekce <strong data-start=\"1584\" data-end=\"1597\">Ice Cream<\/strong> je ide\u00e1ln\u00ed volba pro nehtov\u00e9 stylisty, kte\u0159\u00ed cht\u011bj\u00ed m\u00edt <strong data-start=\"1654\" data-end=\"1735\">maxim\u00e1ln\u00ed kontrolu nad materi\u00e1lem, precizn\u00ed pr\u00e1ci a minim\u00e1ln\u00ed mno\u017estv\u00ed prachu<\/strong>.<\/p>\n","protected":false},"excerpt":{"rendered":"<p>Raspberry \u2013 Gel Souffl\u00e9 R\u016f\u017eov\u00fd s Rafinovan\u00fdm Leskem Konstruk\u010dn\u00ed gel v r\u016f\u017eov\u00e9m odst\u00ednu s jemn\u00fdmi malinov\u00fdmi odlesky, kter\u00fd kombinuje eleganci a osobitost. Ide\u00e1ln\u00ed pro ty, kdo cht\u011bj\u00ed, aby jejich nehty byly modern\u00ed, stylov\u00e9 a sofistikovan\u00e9. Jeho textura souffl\u00e9 je stabiln\u00ed a p\u0159esn\u00e1, co\u017e umo\u017e\u0148uje kontrolovanou modelaci, perfektn\u00ed pro: dopln\u011bn\u00ed (refill) modelaci a prodlou\u017een\u00ed tenk\u00e9 kryt\u00ed [&hellip;]<\/p>\n","protected":false},"featured_media":4128,"comment_status":"open","ping_status":"closed","template":"","meta":[],"pwb-brand":[],"product_brand":[],"product_cat":[496,579],"product_tag":[],"berocket_brand":[437],"class_list":{"0":"post-9707","1":"product","2":"type-product","3":"status-publish","4":"has-post-thumbnail","6":"product_cat-bestseller","7":"product_cat-gel-souffle-trendy-nails","8":"berocket_brand-trendy-nails","10":"first","11":"instock","12":"taxable","13":"shipping-taxable","14":"purchasable","15":"product-type-simple"},"acf":[],"brands":[],"_links":{"self":[{"href":"https:\/\/mikeladzenailstore.com\/sk\/wp-json\/wp\/v2\/product\/9707","targetHints":{"allow":["GET"]}}],"collection":[{"href":"https:\/\/mikeladzenailstore.com\/sk\/wp-json\/wp\/v2\/product"}],"about":[{"href":"https:\/\/mikeladzenailstore.com\/sk\/wp-json\/wp\/v2\/types\/product"}],"replies":[{"embeddable":true,"href":"https:\/\/mikeladzenailstore.com\/sk\/wp-json\/wp\/v2\/comments?post=9707"}],"version-history":[{"count":0,"href":"https:\/\/mikeladzenailstore.com\/sk\/wp-json\/wp\/v2\/product\/9707\/revisions"}],"wp:featuredmedia":[{"embeddable":true,"href":"https:\/\/mikeladzenailstore.com\/sk\/wp-json\/wp\/v2\/media\/4128"}],"wp:attachment":[{"href":"https:\/\/mikeladzenailstore.com\/sk\/wp-json\/wp\/v2\/media?parent=9707"}],"wp:term":[{"taxonomy":"pwb-brand","embeddable":true,"href":"https:\/\/mikeladzenailstore.com\/sk\/wp-json\/wp\/v2\/pwb-brand?post=9707"},{"taxonomy":"product_brand","embeddable":true,"href":"https:\/\/mikeladzenailstore.com\/sk\/wp-json\/wp\/v2\/product_brand?post=9707"},{"taxonomy":"product_cat","embeddable":true,"href":"https:\/\/mikeladzenailstore.com\/sk\/wp-json\/wp\/v2\/product_cat?post=9707"},{"taxonomy":"product_tag","embeddable":true,"href":"https:\/\/mikeladzenailstore.com\/sk\/wp-json\/wp\/v2\/product_tag?post=9707"},{"taxonomy":"berocket_brand","embeddable":true,"href":"https:\/\/mikeladzenailstore.com\/sk\/wp-json\/wp\/v2\/berocket_brand?post=9707"}],"curies":[{"name":"wp","href":"https:\/\/api.w.org\/{rel}","templated":true}]}}