{"id":9719,"date":"2025-11-15T11:57:54","date_gmt":"2025-11-15T11:57:54","guid":{"rendered":"https:\/\/mikeladzenailstore.com\/p\/no-tpo-no-hema-modeling-gel-fifi-trendy-nails-15-ml\/"},"modified":"2026-03-12T20:07:54","modified_gmt":"2026-03-12T20:07:54","slug":"no-tpo-no-hema-modeling-gel-fifi-trendy-nails-15-ml","status":"publish","type":"product","link":"https:\/\/mikeladzenailstore.com\/sk\/produkt\/no-tpo-no-hema-modeling-gel-fifi-trendy-nails-15-ml\/","title":{"rendered":"Modeling gel FIFI  Trendy nails 15 ml"},"content":{"rendered":"<p data-start=\"58\" data-end=\"154\"><strong data-start=\"58\" data-end=\"66\">FiFi<\/strong> je <strong data-start=\"70\" data-end=\"98\">jemn\u00fd lila-lavandov\u00fd gel<\/strong>, ur\u010den\u00fd pro ty, kdo cht\u011bj\u00ed <strong data-start=\"126\" data-end=\"151\">vkusn\u00e9 a \u017eensk\u00e9 nehty<\/strong>.<\/p>\n<p data-start=\"156\" data-end=\"252\">Jeho <strong data-start=\"161\" data-end=\"197\">kr\u00e9mov\u00e1, samovyrovn\u00e1vac\u00ed textura<\/strong> zaji\u0161\u0165uje <strong data-start=\"208\" data-end=\"249\">snadnou aplikaci a perfektn\u00ed v\u00fdsledky<\/strong>.<\/p>\n<p data-start=\"254\" data-end=\"382\">Ide\u00e1ln\u00ed pro <strong data-start=\"266\" data-end=\"314\">tenk\u00e9 kryt\u00ed, refill i strukturovan\u00e9 modelace<\/strong>.<br data-start=\"315\" data-end=\"318\" \/>Formule <strong data-start=\"326\" data-end=\"344\">bez HEMA a TPO<\/strong>, vhodn\u00e1 i pro <strong data-start=\"359\" data-end=\"379\">citliv\u00e9 klientky<\/strong>.<\/p>\n<p>Kolekce ml\u00e9\u010dn\u00fdch modelovac\u00edch gel\u016f Poofy Land<\/p>\n<p>Poofy Land je univerz\u00e1ln\u00ed modelovac\u00ed gel v jemn\u00fdch ml\u00e9\u010dn\u00fdch t\u00f3nech, ide\u00e1ln\u00ed pro ty nejn\u011b\u017en\u011bj\u0161\u00ed nehtov\u00e9 designy.<\/p>\n<p>\u2705 Vhodn\u00fd pro:<\/p>\n<p>\u2022 Klasick\u00e9 i klenut\u00e9 tvary<\/p>\n<p>\u2022 Svatebn\u00ed, nude a jemn\u00e9 designy<\/p>\n<p>\u2022 Za\u010d\u00e1te\u010dn\u00edky i profesion\u00e1ly<\/p>\n<p>\u2e3b<\/p>\n<p>Hlavn\u00ed vlastnosti:<\/p>\n<p>\u2022 St\u0159edn\u011b \u0159\u00eddk\u00e1 konzistence (bl\u00ed\u017ee k \u0159\u00eddk\u00e9), samovyrovn\u00e1vac\u00ed<\/p>\n<p>\u2022 Pevn\u00fd, tvrd\u00fd a odoln\u00fd v\u016f\u010di stresu<\/p>\n<p>\u2022 Skv\u011ble dr\u017e\u00ed oblouk po celou dobu no\u0161en\u00ed<\/p>\n<p>\u2022 Polotransparentn\u00ed \u2014 ve siln\u011bj\u0161\u00ed vrstv\u011b nebo s ml\u00e9\u010dn\u00fdm podkladem kryje nehtov\u00e9 l\u016f\u017eko<\/p>\n<p>\u2022 Nep\u011bn\u00ed p\u0159i pr\u00e1ci<\/p>\n<p>\u2022 M\u00edrn\u011b se t\u00e1hne za \u0161t\u011btcem \u2013 pohodln\u00fd p\u0159i nan\u00e1\u0161en\u00ed<\/p>\n<p>\u2022 Bezpe\u010dn\u00e9 slo\u017een\u00ed \u2014 bez HEMA a TPO<\/p>\n<p>\u2022 P\u0159i vytvrzen\u00ed m\u016f\u017ee zp\u016fsobit tepeln\u00e9 pnut\u00ed<\/p>\n<p>\u2022 V tenk\u00e9 vrstv\u011b elastick\u00fd, ve st\u0159edn\u011b siln\u00e9 \u2014 tvrd\u00fd<\/p>\n<p>\u2e3b<\/p>\n<p>Ur\u010den\u00ed:<\/p>\n<p>\u2022 Zpevn\u011bn\u00ed p\u0159\u00edrodn\u00edch neht\u016f<\/p>\n<p>\u2022 Modelace klasick\u00fdch i klenut\u00fdch tvar\u016f (na \u0161ablony nebo horn\u00ed formy)<\/p>\n<p>\u2022 Pou\u017eit\u00ed jako z\u00e1kladn\u00ed vrstva v technice bez pilov\u00e1n\u00ed<\/p>\n<p>\u2e3b<\/p>\n<p>Tipy pro pr\u00e1ci:<\/p>\n<p>\u2022 T\u0159\u00edf\u00e1zov\u00fd syst\u00e9m \u2014 v\u017edy pou\u017e\u00edvejte z\u00e1kladn\u00ed b\u00e1zi<\/p>\n<p>\u2022 Pro pohodln\u011bj\u0161\u00ed pr\u00e1ci odstra\u0148te v\u00fdpotek z b\u00e1ze<\/p>\n<p>\u2022 Neaplikujte p\u0159\u00edli\u0161 bl\u00edzko ke k\u016f\u017ei\u010dce \u2013 zachovejte jemn\u00fd p\u0159echod, aby se p\u0159ede\u0161lo odchlip\u016fm<\/p>\n<p>\u2022 P\u0159i zpev\u0148ov\u00e1n\u00ed p\u0159\u00edrodn\u00edch neht\u016f (zejm\u00e9na \u010dtvercov\u00fdch nebo n\u00e1chyln\u00fdch ke kroucen\u00ed) vypilujte vnit\u0159n\u00ed \u010d\u00e1st voln\u00e9ho okraje o 1\u20131,5 mm<\/p>\n<p>\u2022 Nevrstv\u011bte p\u0159\u00edli\u0161 tence \u2013 zvl\u00e1\u0161t\u011b v bo\u010dn\u00edch z\u00f3n\u00e1ch, dodr\u017eujte z\u00e1sady architektury nehtu<\/p>\n<p>\u2e3b<\/p>\n<p>Vytvrzov\u00e1n\u00ed:<\/p>\n<p>\u2022 LED: 120\u2013180 s<\/p>\n<p>\u2022 UV: 120 s<\/p>\n<p>\u2022 P\u0159ichytit oblouk: 3\u20135 s<\/p>\n<p>\u2022 \u010cas pro tvarov\u00e1n\u00ed oblouku: 10\u201315 s<\/p>\n","protected":false},"excerpt":{"rendered":"<p>FiFi je jemn\u00fd lila-lavandov\u00fd gel, ur\u010den\u00fd pro ty, kdo cht\u011bj\u00ed vkusn\u00e9 a \u017eensk\u00e9 nehty. Jeho kr\u00e9mov\u00e1, samovyrovn\u00e1vac\u00ed textura zaji\u0161\u0165uje snadnou aplikaci a perfektn\u00ed v\u00fdsledky. Ide\u00e1ln\u00ed pro tenk\u00e9 kryt\u00ed, refill i strukturovan\u00e9 modelace.Formule bez HEMA a TPO, vhodn\u00e1 i pro citliv\u00e9 klientky. Kolekce ml\u00e9\u010dn\u00fdch modelovac\u00edch gel\u016f Poofy Land Poofy Land je univerz\u00e1ln\u00ed modelovac\u00ed gel v jemn\u00fdch [&hellip;]<\/p>\n","protected":false},"featured_media":4095,"comment_status":"open","ping_status":"closed","template":"","meta":[],"pwb-brand":[],"product_brand":[],"product_cat":[656],"product_tag":[],"berocket_brand":[437],"class_list":{"0":"post-9719","1":"product","2":"type-product","3":"status-publish","4":"has-post-thumbnail","6":"product_cat-modeling-gel-trendy-nails","7":"berocket_brand-trendy-nails","9":"first","10":"instock","11":"taxable","12":"shipping-taxable","13":"purchasable","14":"product-type-simple"},"acf":[],"brands":[],"_links":{"self":[{"href":"https:\/\/mikeladzenailstore.com\/sk\/wp-json\/wp\/v2\/product\/9719","targetHints":{"allow":["GET"]}}],"collection":[{"href":"https:\/\/mikeladzenailstore.com\/sk\/wp-json\/wp\/v2\/product"}],"about":[{"href":"https:\/\/mikeladzenailstore.com\/sk\/wp-json\/wp\/v2\/types\/product"}],"replies":[{"embeddable":true,"href":"https:\/\/mikeladzenailstore.com\/sk\/wp-json\/wp\/v2\/comments?post=9719"}],"version-history":[{"count":0,"href":"https:\/\/mikeladzenailstore.com\/sk\/wp-json\/wp\/v2\/product\/9719\/revisions"}],"wp:featuredmedia":[{"embeddable":true,"href":"https:\/\/mikeladzenailstore.com\/sk\/wp-json\/wp\/v2\/media\/4095"}],"wp:attachment":[{"href":"https:\/\/mikeladzenailstore.com\/sk\/wp-json\/wp\/v2\/media?parent=9719"}],"wp:term":[{"taxonomy":"pwb-brand","embeddable":true,"href":"https:\/\/mikeladzenailstore.com\/sk\/wp-json\/wp\/v2\/pwb-brand?post=9719"},{"taxonomy":"product_brand","embeddable":true,"href":"https:\/\/mikeladzenailstore.com\/sk\/wp-json\/wp\/v2\/product_brand?post=9719"},{"taxonomy":"product_cat","embeddable":true,"href":"https:\/\/mikeladzenailstore.com\/sk\/wp-json\/wp\/v2\/product_cat?post=9719"},{"taxonomy":"product_tag","embeddable":true,"href":"https:\/\/mikeladzenailstore.com\/sk\/wp-json\/wp\/v2\/product_tag?post=9719"},{"taxonomy":"berocket_brand","embeddable":true,"href":"https:\/\/mikeladzenailstore.com\/sk\/wp-json\/wp\/v2\/berocket_brand?post=9719"}],"curies":[{"name":"wp","href":"https:\/\/api.w.org\/{rel}","templated":true}]}}