{"id":9728,"date":"2025-11-15T11:57:54","date_gmt":"2025-11-15T11:57:54","guid":{"rendered":"https:\/\/mikeladzenailstore.com\/p\/bile-pilniky-pro-pedikuru-pododisc-staleks-pro-m-180\/"},"modified":"2026-01-12T18:53:27","modified_gmt":"2026-01-12T18:53:27","slug":"bile-pilniky-pro-pedikuru-pododisc-staleks-pro-m-180","status":"publish","type":"product","link":"https:\/\/mikeladzenailstore.com\/sk\/produkt\/bile-pilniky-pro-pedikuru-pododisc-staleks-pro-m-180\/","title":{"rendered":"B\u00cdL\u00c9 PILN\u00cdKY PRO PEDIK\u00daRU PODODISC STALEKS PRO M\/180"},"content":{"rendered":"<p>DETAILN\u00cd POPIS PRODUKTU<\/p>\n<\/p>\n<p>KL\u00cd\u010cOV\u00c9 VLASTNOSTI: <\/p>\n<\/p>\n<p>vysoce kvalitn\u00ed brusivo m\u00e1 m\u011bkkou, odolnou strukturu; p\u0159edb\u011b\u017en\u00e9 o\u0161et\u0159en\u00ed chodidel oleji nebo jin\u00fdmi prost\u0159edky nem\u00e1 vliv na vlastnosti piln\u00edku<\/p>\n<p>siln\u00e1 p\u011bnov\u00e1 z\u00e1kladna zabra\u0148uje p\u0159eh\u0159\u00edv\u00e1n\u00ed o\u0161et\u0159ovan\u00e9 oblasti, vytv\u00e1\u0159\u00ed efekt tlumen\u00ed n\u00e1raz\u016f<\/p>\n<p>spolehliv\u00e1 lepic\u00ed z\u00e1kladna zaru\u010duje pevnou fixaci piln\u00edku a zaji\u0161\u0165uje bezpe\u010dnost procedury<\/p>\n<p>25 kus\u016f jednor\u00e1zov\u00fdch piln\u00edk\u016f v balen\u00ed<\/p>\n","protected":false},"excerpt":{"rendered":"<p>DETAILN\u00cd POPIS PRODUKTU KL\u00cd\u010cOV\u00c9 VLASTNOSTI: vysoce kvalitn\u00ed brusivo m\u00e1 m\u011bkkou, odolnou strukturu; p\u0159edb\u011b\u017en\u00e9 o\u0161et\u0159en\u00ed chodidel oleji nebo jin\u00fdmi prost\u0159edky nem\u00e1 vliv na vlastnosti piln\u00edku siln\u00e1 p\u011bnov\u00e1 z\u00e1kladna zabra\u0148uje p\u0159eh\u0159\u00edv\u00e1n\u00ed o\u0161et\u0159ovan\u00e9 oblasti, vytv\u00e1\u0159\u00ed efekt tlumen\u00ed n\u00e1raz\u016f spolehliv\u00e1 lepic\u00ed z\u00e1kladna zaru\u010duje pevnou fixaci piln\u00edku a zaji\u0161\u0165uje bezpe\u010dnost procedury 25 kus\u016f jednor\u00e1zov\u00fdch piln\u00edk\u016f v balen\u00ed<\/p>\n","protected":false},"featured_media":4099,"comment_status":"open","ping_status":"closed","template":"","meta":[],"pwb-brand":[],"product_brand":[],"product_cat":[205],"product_tag":[],"berocket_brand":[436],"class_list":{"0":"post-9728","1":"product","2":"type-product","3":"status-publish","4":"has-post-thumbnail","6":"product_cat-pedikura","7":"berocket_brand-staleks","9":"first","10":"outofstock","11":"taxable","12":"shipping-taxable","13":"purchasable","14":"product-type-simple"},"acf":[],"brands":[],"_links":{"self":[{"href":"https:\/\/mikeladzenailstore.com\/sk\/wp-json\/wp\/v2\/product\/9728","targetHints":{"allow":["GET"]}}],"collection":[{"href":"https:\/\/mikeladzenailstore.com\/sk\/wp-json\/wp\/v2\/product"}],"about":[{"href":"https:\/\/mikeladzenailstore.com\/sk\/wp-json\/wp\/v2\/types\/product"}],"replies":[{"embeddable":true,"href":"https:\/\/mikeladzenailstore.com\/sk\/wp-json\/wp\/v2\/comments?post=9728"}],"version-history":[{"count":0,"href":"https:\/\/mikeladzenailstore.com\/sk\/wp-json\/wp\/v2\/product\/9728\/revisions"}],"wp:featuredmedia":[{"embeddable":true,"href":"https:\/\/mikeladzenailstore.com\/sk\/wp-json\/wp\/v2\/media\/4099"}],"wp:attachment":[{"href":"https:\/\/mikeladzenailstore.com\/sk\/wp-json\/wp\/v2\/media?parent=9728"}],"wp:term":[{"taxonomy":"pwb-brand","embeddable":true,"href":"https:\/\/mikeladzenailstore.com\/sk\/wp-json\/wp\/v2\/pwb-brand?post=9728"},{"taxonomy":"product_brand","embeddable":true,"href":"https:\/\/mikeladzenailstore.com\/sk\/wp-json\/wp\/v2\/product_brand?post=9728"},{"taxonomy":"product_cat","embeddable":true,"href":"https:\/\/mikeladzenailstore.com\/sk\/wp-json\/wp\/v2\/product_cat?post=9728"},{"taxonomy":"product_tag","embeddable":true,"href":"https:\/\/mikeladzenailstore.com\/sk\/wp-json\/wp\/v2\/product_tag?post=9728"},{"taxonomy":"berocket_brand","embeddable":true,"href":"https:\/\/mikeladzenailstore.com\/sk\/wp-json\/wp\/v2\/berocket_brand?post=9728"}],"curies":[{"name":"wp","href":"https:\/\/api.w.org\/{rel}","templated":true}]}}