{"id":9737,"date":"2025-11-15T11:57:54","date_gmt":"2025-11-15T11:57:54","guid":{"rendered":"https:\/\/mikeladzenailstore.com\/p\/pusher-staleks-smart-ps-51-2\/"},"modified":"2026-01-11T15:23:00","modified_gmt":"2026-01-11T15:23:00","slug":"pusher-staleks-smart-ps-51-2","status":"publish","type":"product","link":"https:\/\/mikeladzenailstore.com\/sk\/produkt\/pusher-staleks-smart-ps-51-2\/","title":{"rendered":"Pusher STALEKS SMART PS-51\/2"},"content":{"rendered":"<p>Pusher STALEKS z \u0159ady Smart se dv\u011bma r\u016fzn\u00fdmi pracovn\u00edmi \u010d\u00e1stmi. Prvn\u00ed \u010d\u00e1st zaoblen\u00e9ho \u0161irok\u00e9ho zatla\u010dova\u010de je ur\u010dena ke zved\u00e1n\u00ed a zatla\u010dov\u00e1n\u00ed k\u016f\u017ei\u010dky. Druh\u00e1 \u010d\u00e1st pusheru se pou\u017e\u00edv\u00e1 k o\u010di\u0161t\u011bn\u00ed nehtov\u00e9 plot\u00e9nky od pterygie.<\/p>\n","protected":false},"excerpt":{"rendered":"<p>Pusher STALEKS z \u0159ady Smart se dv\u011bma r\u016fzn\u00fdmi pracovn\u00edmi \u010d\u00e1stmi. Prvn\u00ed \u010d\u00e1st zaoblen\u00e9ho \u0161irok\u00e9ho zatla\u010dova\u010de je ur\u010dena ke zved\u00e1n\u00ed a zatla\u010dov\u00e1n\u00ed k\u016f\u017ei\u010dky. Druh\u00e1 \u010d\u00e1st pusheru se pou\u017e\u00edv\u00e1 k o\u010di\u0161t\u011bn\u00ed nehtov\u00e9 plot\u00e9nky od pterygie.<\/p>\n","protected":false},"featured_media":4108,"comment_status":"open","ping_status":"closed","template":"","meta":[],"pwb-brand":[],"product_brand":[],"product_cat":[696],"product_tag":[],"berocket_brand":[436],"class_list":{"0":"post-9737","1":"product","2":"type-product","3":"status-publish","4":"has-post-thumbnail","6":"product_cat-pusery","7":"berocket_brand-staleks","9":"first","10":"instock","11":"taxable","12":"shipping-taxable","13":"purchasable","14":"product-type-simple"},"acf":[],"brands":[],"_links":{"self":[{"href":"https:\/\/mikeladzenailstore.com\/sk\/wp-json\/wp\/v2\/product\/9737","targetHints":{"allow":["GET"]}}],"collection":[{"href":"https:\/\/mikeladzenailstore.com\/sk\/wp-json\/wp\/v2\/product"}],"about":[{"href":"https:\/\/mikeladzenailstore.com\/sk\/wp-json\/wp\/v2\/types\/product"}],"replies":[{"embeddable":true,"href":"https:\/\/mikeladzenailstore.com\/sk\/wp-json\/wp\/v2\/comments?post=9737"}],"version-history":[{"count":0,"href":"https:\/\/mikeladzenailstore.com\/sk\/wp-json\/wp\/v2\/product\/9737\/revisions"}],"wp:featuredmedia":[{"embeddable":true,"href":"https:\/\/mikeladzenailstore.com\/sk\/wp-json\/wp\/v2\/media\/4108"}],"wp:attachment":[{"href":"https:\/\/mikeladzenailstore.com\/sk\/wp-json\/wp\/v2\/media?parent=9737"}],"wp:term":[{"taxonomy":"pwb-brand","embeddable":true,"href":"https:\/\/mikeladzenailstore.com\/sk\/wp-json\/wp\/v2\/pwb-brand?post=9737"},{"taxonomy":"product_brand","embeddable":true,"href":"https:\/\/mikeladzenailstore.com\/sk\/wp-json\/wp\/v2\/product_brand?post=9737"},{"taxonomy":"product_cat","embeddable":true,"href":"https:\/\/mikeladzenailstore.com\/sk\/wp-json\/wp\/v2\/product_cat?post=9737"},{"taxonomy":"product_tag","embeddable":true,"href":"https:\/\/mikeladzenailstore.com\/sk\/wp-json\/wp\/v2\/product_tag?post=9737"},{"taxonomy":"berocket_brand","embeddable":true,"href":"https:\/\/mikeladzenailstore.com\/sk\/wp-json\/wp\/v2\/berocket_brand?post=9737"}],"curies":[{"name":"wp","href":"https:\/\/api.w.org\/{rel}","templated":true}]}}