{"id":9743,"date":"2025-11-15T11:57:42","date_gmt":"2025-11-15T11:57:42","guid":{"rendered":"https:\/\/mikeladzenailstore.com\/p\/pusher-shaber-od-aliny-protsyuk-8-mm\/"},"modified":"2026-01-11T13:04:22","modified_gmt":"2026-01-11T13:04:22","slug":"pusher-shaber-od-aliny-protsyuk-8-mm","status":"publish","type":"product","link":"https:\/\/mikeladzenailstore.com\/sk\/produkt\/pusher-shaber-od-aliny-protsyuk-8-mm\/","title":{"rendered":"Pusher Shaber (od Aliny Protsyuk) 8 mm"},"content":{"rendered":"<p>Pusher Shaber od Aliny Prociuk byl vytvo\u0159en pro pr\u00e1ci s nejn\u00e1ro\u010dn\u011bj\u0161\u00ed k\u016f\u017ei\u010dkou. Spr\u00e1vn\u00e9 upevn\u011bn\u00ed tohoto n\u00e1stroje zabere jen n\u011bkolik sekund a umo\u017e\u0148uje pr\u00e1ci bez poran\u011bn\u00ed a po\u0161kozen\u00ed.<\/p>\n<p>\u0160\u00ed\u0159ka lopatky: 8 mm<\/p>\n<p>Celkov\u00e1 d\u00e9lka: 128 mm<\/p>\n","protected":false},"excerpt":{"rendered":"<p>Pusher Shaber od Aliny Prociuk byl vytvo\u0159en pro pr\u00e1ci s nejn\u00e1ro\u010dn\u011bj\u0161\u00ed k\u016f\u017ei\u010dkou. Spr\u00e1vn\u00e9 upevn\u011bn\u00ed tohoto n\u00e1stroje zabere jen n\u011bkolik sekund a umo\u017e\u0148uje pr\u00e1ci bez poran\u011bn\u00ed a po\u0161kozen\u00ed. \u0160\u00ed\u0159ka lopatky: 8 mm Celkov\u00e1 d\u00e9lka: 128 mm<\/p>\n","protected":false},"featured_media":4075,"comment_status":"open","ping_status":"closed","template":"","meta":[],"pwb-brand":[],"product_brand":[],"product_cat":[696],"product_tag":[],"berocket_brand":[],"class_list":{"0":"post-9743","1":"product","2":"type-product","3":"status-publish","4":"has-post-thumbnail","6":"product_cat-pusery","8":"first","9":"instock","10":"taxable","11":"shipping-taxable","12":"purchasable","13":"product-type-simple"},"acf":[],"brands":[],"_links":{"self":[{"href":"https:\/\/mikeladzenailstore.com\/sk\/wp-json\/wp\/v2\/product\/9743","targetHints":{"allow":["GET"]}}],"collection":[{"href":"https:\/\/mikeladzenailstore.com\/sk\/wp-json\/wp\/v2\/product"}],"about":[{"href":"https:\/\/mikeladzenailstore.com\/sk\/wp-json\/wp\/v2\/types\/product"}],"replies":[{"embeddable":true,"href":"https:\/\/mikeladzenailstore.com\/sk\/wp-json\/wp\/v2\/comments?post=9743"}],"version-history":[{"count":0,"href":"https:\/\/mikeladzenailstore.com\/sk\/wp-json\/wp\/v2\/product\/9743\/revisions"}],"wp:featuredmedia":[{"embeddable":true,"href":"https:\/\/mikeladzenailstore.com\/sk\/wp-json\/wp\/v2\/media\/4075"}],"wp:attachment":[{"href":"https:\/\/mikeladzenailstore.com\/sk\/wp-json\/wp\/v2\/media?parent=9743"}],"wp:term":[{"taxonomy":"pwb-brand","embeddable":true,"href":"https:\/\/mikeladzenailstore.com\/sk\/wp-json\/wp\/v2\/pwb-brand?post=9743"},{"taxonomy":"product_brand","embeddable":true,"href":"https:\/\/mikeladzenailstore.com\/sk\/wp-json\/wp\/v2\/product_brand?post=9743"},{"taxonomy":"product_cat","embeddable":true,"href":"https:\/\/mikeladzenailstore.com\/sk\/wp-json\/wp\/v2\/product_cat?post=9743"},{"taxonomy":"product_tag","embeddable":true,"href":"https:\/\/mikeladzenailstore.com\/sk\/wp-json\/wp\/v2\/product_tag?post=9743"},{"taxonomy":"berocket_brand","embeddable":true,"href":"https:\/\/mikeladzenailstore.com\/sk\/wp-json\/wp\/v2\/berocket_brand?post=9743"}],"curies":[{"name":"wp","href":"https:\/\/api.w.org\/{rel}","templated":true}]}}