{"id":9755,"date":"2025-11-15T11:57:42","date_gmt":"2025-11-15T11:57:42","guid":{"rendered":"https:\/\/mikeladzenailstore.com\/p\/no-tpo-no-hema-garnet-trendy-nails-no-tpo\/"},"modified":"2026-04-15T19:26:50","modified_gmt":"2026-04-15T19:26:50","slug":"no-tpo-no-hema-garnet-trendy-nails-no-tpo","status":"publish","type":"product","link":"https:\/\/mikeladzenailstore.com\/sk\/produkt\/no-tpo-no-hema-garnet-trendy-nails-no-tpo\/","title":{"rendered":"Nail polish Garnet Trendy nails"},"content":{"rendered":"<p data-start=\"0\" data-end=\"215\">Dokonal\u00e1 rovnov\u00e1ha mezi sv\u011btlem a st\u00ednem. Intenzivn\u00ed, harmonick\u00e1 a v\u0161estrann\u00e1 \u010derven\u00e1, kter\u00e1 nikdy neztr\u00e1c\u00ed sv\u00e9 kouzlo. Pro osobnosti, kter\u00e9 hledaj\u00ed rafinovanost, ani\u017e by se vzdaly toho, \u017ee z\u016fstanou nezapomenuteln\u00e9.<\/p>\n<p data-start=\"217\" data-end=\"314\">Inovativn\u00ed slo\u017een\u00ed bez HEMA, Di-HEMA a TPO spojuje profesion\u00e1ln\u00ed v\u00fdkon a respekt ke zdrav\u00ed nehtu.<\/p>\n<p data-start=\"316\" data-end=\"571\" data-is-last-node=\"\" data-is-only-node=\"\">Vysoce pigmentovan\u00fd a kryc\u00ed ji\u017e v prvn\u00ed vrstv\u011b<br data-start=\"362\" data-end=\"365\" \/>St\u0159edn\u011b hust\u00e1 konzistence pro snadnou, rychlou a rovnom\u011brnou aplikaci<br data-start=\"434\" data-end=\"437\" data-is-only-node=\"\" \/>Nest\u00e9k\u00e1 a neposouv\u00e1 se b\u011bhem nan\u00e1\u0161en\u00ed<br data-start=\"474\" data-end=\"477\" \/>V\u00fddr\u017e bez zved\u00e1n\u00ed d\u00e9le ne\u017e 4 t\u00fddny<br data-start=\"511\" data-end=\"514\" \/>Elastick\u00fd a odoln\u00fd<br data-start=\"532\" data-end=\"535\" \/>Lahvi\u010dka 8 ml s praktick\u00fdm \u0161t\u011bte\u010dkem<\/p>\n","protected":false},"excerpt":{"rendered":"<p>Dokonal\u00e1 rovnov\u00e1ha mezi sv\u011btlem a st\u00ednem. Intenzivn\u00ed, harmonick\u00e1 a v\u0161estrann\u00e1 \u010derven\u00e1, kter\u00e1 nikdy neztr\u00e1c\u00ed sv\u00e9 kouzlo. Pro osobnosti, kter\u00e9 hledaj\u00ed rafinovanost, ani\u017e by se vzdaly toho, \u017ee z\u016fstanou nezapomenuteln\u00e9. Inovativn\u00ed slo\u017een\u00ed bez HEMA, Di-HEMA a TPO spojuje profesion\u00e1ln\u00ed v\u00fdkon a respekt ke zdrav\u00ed nehtu. Vysoce pigmentovan\u00fd a kryc\u00ed ji\u017e v prvn\u00ed vrstv\u011bSt\u0159edn\u011b hust\u00e1 konzistence pro [&hellip;]<\/p>\n","protected":false},"featured_media":17242,"comment_status":"open","ping_status":"closed","template":"","meta":[],"pwb-brand":[],"product_brand":[],"product_cat":[660],"product_tag":[],"berocket_brand":[437],"class_list":{"0":"post-9755","1":"product","2":"type-product","3":"status-publish","4":"has-post-thumbnail","6":"product_cat-gel-polish-trendy-nails","7":"berocket_brand-trendy-nails","9":"first","10":"instock","11":"taxable","12":"shipping-taxable","13":"purchasable","14":"product-type-simple"},"acf":[],"brands":[],"_links":{"self":[{"href":"https:\/\/mikeladzenailstore.com\/sk\/wp-json\/wp\/v2\/product\/9755","targetHints":{"allow":["GET"]}}],"collection":[{"href":"https:\/\/mikeladzenailstore.com\/sk\/wp-json\/wp\/v2\/product"}],"about":[{"href":"https:\/\/mikeladzenailstore.com\/sk\/wp-json\/wp\/v2\/types\/product"}],"replies":[{"embeddable":true,"href":"https:\/\/mikeladzenailstore.com\/sk\/wp-json\/wp\/v2\/comments?post=9755"}],"version-history":[{"count":1,"href":"https:\/\/mikeladzenailstore.com\/sk\/wp-json\/wp\/v2\/product\/9755\/revisions"}],"predecessor-version":[{"id":21143,"href":"https:\/\/mikeladzenailstore.com\/sk\/wp-json\/wp\/v2\/product\/9755\/revisions\/21143"}],"wp:featuredmedia":[{"embeddable":true,"href":"https:\/\/mikeladzenailstore.com\/sk\/wp-json\/wp\/v2\/media\/17242"}],"wp:attachment":[{"href":"https:\/\/mikeladzenailstore.com\/sk\/wp-json\/wp\/v2\/media?parent=9755"}],"wp:term":[{"taxonomy":"pwb-brand","embeddable":true,"href":"https:\/\/mikeladzenailstore.com\/sk\/wp-json\/wp\/v2\/pwb-brand?post=9755"},{"taxonomy":"product_brand","embeddable":true,"href":"https:\/\/mikeladzenailstore.com\/sk\/wp-json\/wp\/v2\/product_brand?post=9755"},{"taxonomy":"product_cat","embeddable":true,"href":"https:\/\/mikeladzenailstore.com\/sk\/wp-json\/wp\/v2\/product_cat?post=9755"},{"taxonomy":"product_tag","embeddable":true,"href":"https:\/\/mikeladzenailstore.com\/sk\/wp-json\/wp\/v2\/product_tag?post=9755"},{"taxonomy":"berocket_brand","embeddable":true,"href":"https:\/\/mikeladzenailstore.com\/sk\/wp-json\/wp\/v2\/berocket_brand?post=9755"}],"curies":[{"name":"wp","href":"https:\/\/api.w.org\/{rel}","templated":true}]}}