{"id":9761,"date":"2025-11-15T11:57:42","date_gmt":"2025-11-15T11:57:42","guid":{"rendered":"https:\/\/mikeladzenailstore.com\/p\/no-tpo-no-hema-chilli-trendy-nails-no-tpo\/"},"modified":"2026-03-04T18:01:01","modified_gmt":"2026-03-04T18:01:01","slug":"no-tpo-no-hema-chilli-trendy-nails-no-tpo","status":"publish","type":"product","link":"https:\/\/mikeladzenailstore.com\/sk\/produkt\/no-tpo-no-hema-chilli-trendy-nails-no-tpo\/","title":{"rendered":"Nail polish Chilli Trendy nails"},"content":{"rendered":"<p data-start=\"0\" data-end=\"199\">Z\u00e1\u0159iv\u00e1 a jisk\u0159iv\u00e1 \u010derven\u00e1, jako paprsek slunce, kter\u00fd zah\u0159eje v zim\u011b. Vibrantn\u00ed, odv\u00e1\u017en\u00e1 a sv\u016fdn\u00e1, rozz\u00e1\u0159\u00ed ka\u017ed\u00fd t\u00f3n pleti a p\u0159itahuje pohledy bez dovolen\u00ed. Pro ty, kte\u0159\u00ed si v\u017edy troufnou o n\u011bco v\u00edc.<\/p>\n<p data-start=\"201\" data-end=\"298\">Inovativn\u00ed slo\u017een\u00ed bez HEMA, Di-HEMA a TPO spojuje profesion\u00e1ln\u00ed v\u00fdkon a respekt ke zdrav\u00ed nehtu.<\/p>\n<p data-start=\"300\" data-end=\"555\" data-is-last-node=\"\" data-is-only-node=\"\">Vysoce pigmentovan\u00fd a kryc\u00ed ji\u017e v prvn\u00ed vrstv\u011b<br data-start=\"346\" data-end=\"349\" \/>St\u0159edn\u011b hust\u00e1 konzistence pro snadnou, rychlou a rovnom\u011brnou aplikaci<br data-start=\"418\" data-end=\"421\" data-is-only-node=\"\" \/>Nest\u00e9k\u00e1 a neposouv\u00e1 se b\u011bhem nan\u00e1\u0161en\u00ed<br data-start=\"458\" data-end=\"461\" \/>V\u00fddr\u017e bez zved\u00e1n\u00ed d\u00e9le ne\u017e 4 t\u00fddny<br data-start=\"495\" data-end=\"498\" \/>Elastick\u00fd a odoln\u00fd<br data-start=\"516\" data-end=\"519\" \/>Lahvi\u010dka 8 ml s praktick\u00fdm \u0161t\u011bte\u010dkem<\/p>\n","protected":false},"excerpt":{"rendered":"<p>Z\u00e1\u0159iv\u00e1 a jisk\u0159iv\u00e1 \u010derven\u00e1, jako paprsek slunce, kter\u00fd zah\u0159eje v zim\u011b. Vibrantn\u00ed, odv\u00e1\u017en\u00e1 a sv\u016fdn\u00e1, rozz\u00e1\u0159\u00ed ka\u017ed\u00fd t\u00f3n pleti a p\u0159itahuje pohledy bez dovolen\u00ed. Pro ty, kte\u0159\u00ed si v\u017edy troufnou o n\u011bco v\u00edc. Inovativn\u00ed slo\u017een\u00ed bez HEMA, Di-HEMA a TPO spojuje profesion\u00e1ln\u00ed v\u00fdkon a respekt ke zdrav\u00ed nehtu. Vysoce pigmentovan\u00fd a kryc\u00ed ji\u017e v prvn\u00ed [&hellip;]<\/p>\n","protected":false},"featured_media":17231,"comment_status":"open","ping_status":"closed","template":"","meta":[],"pwb-brand":[],"product_brand":[],"product_cat":[660],"product_tag":[],"berocket_brand":[437],"class_list":{"0":"post-9761","1":"product","2":"type-product","3":"status-publish","4":"has-post-thumbnail","6":"product_cat-gel-polish-trendy-nails","7":"berocket_brand-trendy-nails","9":"first","10":"instock","11":"taxable","12":"shipping-taxable","13":"purchasable","14":"product-type-simple"},"acf":[],"brands":[],"_links":{"self":[{"href":"https:\/\/mikeladzenailstore.com\/sk\/wp-json\/wp\/v2\/product\/9761","targetHints":{"allow":["GET"]}}],"collection":[{"href":"https:\/\/mikeladzenailstore.com\/sk\/wp-json\/wp\/v2\/product"}],"about":[{"href":"https:\/\/mikeladzenailstore.com\/sk\/wp-json\/wp\/v2\/types\/product"}],"replies":[{"embeddable":true,"href":"https:\/\/mikeladzenailstore.com\/sk\/wp-json\/wp\/v2\/comments?post=9761"}],"version-history":[{"count":0,"href":"https:\/\/mikeladzenailstore.com\/sk\/wp-json\/wp\/v2\/product\/9761\/revisions"}],"wp:featuredmedia":[{"embeddable":true,"href":"https:\/\/mikeladzenailstore.com\/sk\/wp-json\/wp\/v2\/media\/17231"}],"wp:attachment":[{"href":"https:\/\/mikeladzenailstore.com\/sk\/wp-json\/wp\/v2\/media?parent=9761"}],"wp:term":[{"taxonomy":"pwb-brand","embeddable":true,"href":"https:\/\/mikeladzenailstore.com\/sk\/wp-json\/wp\/v2\/pwb-brand?post=9761"},{"taxonomy":"product_brand","embeddable":true,"href":"https:\/\/mikeladzenailstore.com\/sk\/wp-json\/wp\/v2\/product_brand?post=9761"},{"taxonomy":"product_cat","embeddable":true,"href":"https:\/\/mikeladzenailstore.com\/sk\/wp-json\/wp\/v2\/product_cat?post=9761"},{"taxonomy":"product_tag","embeddable":true,"href":"https:\/\/mikeladzenailstore.com\/sk\/wp-json\/wp\/v2\/product_tag?post=9761"},{"taxonomy":"berocket_brand","embeddable":true,"href":"https:\/\/mikeladzenailstore.com\/sk\/wp-json\/wp\/v2\/berocket_brand?post=9761"}],"curies":[{"name":"wp","href":"https:\/\/api.w.org\/{rel}","templated":true}]}}