{"id":9764,"date":"2025-11-15T11:57:42","date_gmt":"2025-11-15T11:57:42","guid":{"rendered":"https:\/\/mikeladzenailstore.com\/p\/acrylic-liquid-trendy-nails\/"},"modified":"2025-11-15T11:57:42","modified_gmt":"2025-11-15T11:57:42","slug":"acrylic-liquid-trendy-nails","status":"publish","type":"product","link":"https:\/\/mikeladzenailstore.com\/sk\/produkt\/acrylic-liquid-trendy-nails\/","title":{"rendered":"Acrylic liquid Trendy nails"},"content":{"rendered":"<p>P\u0159\u00edpravek pro pr\u00e1ci s akrylgelem.<\/p>\n<p>Neobsahuje aceton, co\u017e zaji\u0161\u0165uje dlouhou v\u00fddr\u017e bez odchlipov\u00e1n\u00ed a naru\u0161en\u00ed materi\u00e1lu.<\/p><\/p>\n","protected":false},"excerpt":{"rendered":"<p>P\u0159\u00edpravek pro pr\u00e1ci s akrylgelem. Neobsahuje aceton, co\u017e zaji\u0161\u0165uje dlouhou v\u00fddr\u017e bez odchlipov\u00e1n\u00ed a naru\u0161en\u00ed materi\u00e1lu.<\/p>\n","protected":false},"featured_media":4091,"comment_status":"open","ping_status":"open","template":"","meta":[],"pwb-brand":[],"product_brand":[],"product_cat":[497],"product_tag":[],"berocket_brand":[],"class_list":{"0":"post-9764","1":"product","2":"type-product","3":"status-publish","4":"has-post-thumbnail","6":"product_cat-specialni-prostredky","8":"first","9":"instock","10":"taxable","11":"shipping-taxable","12":"purchasable","13":"product-type-simple"},"acf":[],"brands":[],"_links":{"self":[{"href":"https:\/\/mikeladzenailstore.com\/sk\/wp-json\/wp\/v2\/product\/9764","targetHints":{"allow":["GET"]}}],"collection":[{"href":"https:\/\/mikeladzenailstore.com\/sk\/wp-json\/wp\/v2\/product"}],"about":[{"href":"https:\/\/mikeladzenailstore.com\/sk\/wp-json\/wp\/v2\/types\/product"}],"replies":[{"embeddable":true,"href":"https:\/\/mikeladzenailstore.com\/sk\/wp-json\/wp\/v2\/comments?post=9764"}],"version-history":[{"count":0,"href":"https:\/\/mikeladzenailstore.com\/sk\/wp-json\/wp\/v2\/product\/9764\/revisions"}],"wp:featuredmedia":[{"embeddable":true,"href":"https:\/\/mikeladzenailstore.com\/sk\/wp-json\/wp\/v2\/media\/4091"}],"wp:attachment":[{"href":"https:\/\/mikeladzenailstore.com\/sk\/wp-json\/wp\/v2\/media?parent=9764"}],"wp:term":[{"taxonomy":"pwb-brand","embeddable":true,"href":"https:\/\/mikeladzenailstore.com\/sk\/wp-json\/wp\/v2\/pwb-brand?post=9764"},{"taxonomy":"product_brand","embeddable":true,"href":"https:\/\/mikeladzenailstore.com\/sk\/wp-json\/wp\/v2\/product_brand?post=9764"},{"taxonomy":"product_cat","embeddable":true,"href":"https:\/\/mikeladzenailstore.com\/sk\/wp-json\/wp\/v2\/product_cat?post=9764"},{"taxonomy":"product_tag","embeddable":true,"href":"https:\/\/mikeladzenailstore.com\/sk\/wp-json\/wp\/v2\/product_tag?post=9764"},{"taxonomy":"berocket_brand","embeddable":true,"href":"https:\/\/mikeladzenailstore.com\/sk\/wp-json\/wp\/v2\/berocket_brand?post=9764"}],"curies":[{"name":"wp","href":"https:\/\/api.w.org\/{rel}","templated":true}]}}