{"id":9776,"date":"2025-11-15T11:57:31","date_gmt":"2025-11-15T11:57:31","guid":{"rendered":"https:\/\/mikeladzenailstore.com\/p\/builder-gel-white-no-tpo-no-hema-jz-nails-group-50-ml\/"},"modified":"2025-11-15T11:57:31","modified_gmt":"2025-11-15T11:57:31","slug":"builder-gel-white-no-tpo-no-hema-jz-nails-group-50-ml","status":"publish","type":"product","link":"https:\/\/mikeladzenailstore.com\/sk\/produkt\/builder-gel-white-no-tpo-no-hema-jz-nails-group-50-ml\/","title":{"rendered":"Builder gel \u201cWhite\u201d  no TPO\/no hema JZ Nails Group 50 ml"},"content":{"rendered":"<p>Builder Gel pro salonn\u00ed model\u00e1\u017e.<\/p>\n<p>Dlouho o\u010dek\u00e1van\u00fd b\u00edl\u00fd (ml\u00e9\u010dn\u00fd) je ide\u00e1ln\u00ed pro techniku bez pilov\u00e1n\u00ed, po polymerizaci ne\u017eloutne. N\u00edzkoteplotn\u00ed. \u00dapln\u00e1 polymerace 90 s LED\/UV 365 nm.<\/p>\n<\/p>\n<p>Slo\u017een\u00ed:<\/p>\n<p>DI-HEMA TRIMETHYLHEXYL DICARBAMATE, ISOBORNYL METHACRYLATE, PEG-9 TRIMETHYLOLPROPANE TRIACRYLATE, HYDROXYCYCLOHEXYL PHENYL KETONE, SILICA, BENZOYL ISOPROPANOL, PEG-9 DIMETHACRYLATE.<\/p>\n<p>+\/- (M\u016e\u017dE OBSAHOVAT): CI 77891 (TITANIUM DIOXIDE), CI 77491 (IRON OXIDES), CI 77492 (IRON OXIDES), CI 47005.<\/p>\n","protected":false},"excerpt":{"rendered":"<p>Builder Gel pro salonn\u00ed model\u00e1\u017e. Dlouho o\u010dek\u00e1van\u00fd b\u00edl\u00fd (ml\u00e9\u010dn\u00fd) je ide\u00e1ln\u00ed pro techniku bez pilov\u00e1n\u00ed, po polymerizaci ne\u017eloutne. N\u00edzkoteplotn\u00ed. \u00dapln\u00e1 polymerace 90 s LED\/UV 365 nm. Slo\u017een\u00ed: DI-HEMA TRIMETHYLHEXYL DICARBAMATE, ISOBORNYL METHACRYLATE, PEG-9 TRIMETHYLOLPROPANE TRIACRYLATE, HYDROXYCYCLOHEXYL PHENYL KETONE, SILICA, BENZOYL ISOPROPANOL, PEG-9 DIMETHACRYLATE. +\/- (M\u016e\u017dE OBSAHOVAT): CI 77891 (TITANIUM DIOXIDE), CI 77491 (IRON OXIDES), CI [&hellip;]<\/p>\n","protected":false},"featured_media":0,"comment_status":"open","ping_status":"closed","template":"","meta":[],"pwb-brand":[],"product_brand":[],"product_cat":[168],"product_tag":[],"berocket_brand":[],"class_list":{"0":"post-9776","1":"product","2":"type-product","3":"status-publish","5":"product_cat-baze-a-topy-pro-manikuru-pedikuru","7":"first","8":"instock","9":"taxable","10":"shipping-taxable","11":"purchasable","12":"product-type-simple"},"acf":[],"brands":[],"_links":{"self":[{"href":"https:\/\/mikeladzenailstore.com\/sk\/wp-json\/wp\/v2\/product\/9776","targetHints":{"allow":["GET"]}}],"collection":[{"href":"https:\/\/mikeladzenailstore.com\/sk\/wp-json\/wp\/v2\/product"}],"about":[{"href":"https:\/\/mikeladzenailstore.com\/sk\/wp-json\/wp\/v2\/types\/product"}],"replies":[{"embeddable":true,"href":"https:\/\/mikeladzenailstore.com\/sk\/wp-json\/wp\/v2\/comments?post=9776"}],"version-history":[{"count":0,"href":"https:\/\/mikeladzenailstore.com\/sk\/wp-json\/wp\/v2\/product\/9776\/revisions"}],"wp:attachment":[{"href":"https:\/\/mikeladzenailstore.com\/sk\/wp-json\/wp\/v2\/media?parent=9776"}],"wp:term":[{"taxonomy":"pwb-brand","embeddable":true,"href":"https:\/\/mikeladzenailstore.com\/sk\/wp-json\/wp\/v2\/pwb-brand?post=9776"},{"taxonomy":"product_brand","embeddable":true,"href":"https:\/\/mikeladzenailstore.com\/sk\/wp-json\/wp\/v2\/product_brand?post=9776"},{"taxonomy":"product_cat","embeddable":true,"href":"https:\/\/mikeladzenailstore.com\/sk\/wp-json\/wp\/v2\/product_cat?post=9776"},{"taxonomy":"product_tag","embeddable":true,"href":"https:\/\/mikeladzenailstore.com\/sk\/wp-json\/wp\/v2\/product_tag?post=9776"},{"taxonomy":"berocket_brand","embeddable":true,"href":"https:\/\/mikeladzenailstore.com\/sk\/wp-json\/wp\/v2\/berocket_brand?post=9776"}],"curies":[{"name":"wp","href":"https:\/\/api.w.org\/{rel}","templated":true}]}}