{"id":9785,"date":"2025-11-15T11:57:31","date_gmt":"2025-11-15T11:57:31","guid":{"rendered":"https:\/\/mikeladzenailstore.com\/p\/no-tpo-dream-base-glamour-trendy-nails-15-ml\/"},"modified":"2026-02-23T12:32:51","modified_gmt":"2026-02-23T12:32:51","slug":"no-tpo-dream-base-glamour-trendy-nails-15-ml","status":"publish","type":"product","link":"https:\/\/mikeladzenailstore.com\/sk\/produkt\/no-tpo-dream-base-glamour-trendy-nails-15-ml\/","title":{"rendered":"Dream base Glamour Trendy nails 15 ml"},"content":{"rendered":"<p>Dream Base HEMA FREE \/ TPO FREE<\/p>\n<p>Dream Base je ide\u00e1ln\u00ed volbou pro ty, kte\u0159\u00ed cht\u011bj\u00ed dlouhotrvaj\u00edc\u00ed povlak bez rizika pro zdrav\u00ed neht\u016f. M\u00e1 st\u0159edn\u00ed konzistenci, se kterou se pohodln\u011b pracuje mistr\u016fm r\u016fzn\u00e9 \u00farovn\u011b kvalifikace. Slo\u017een\u00ed je vhodn\u00e9 i pro nejcitliv\u011bj\u0161\u00ed nehty, proto\u017ee b\u00e1ze neobsahuje HEMA ani TPO, co\u017e v\u00fdrazn\u011b sni\u017euje riziko alergick\u00fdch reakc\u00ed a nepohodl\u00ed. Jedn\u00e1 se o bezkyselinov\u00fd produkt.<\/p>\n<p>D\u00edky vysok\u00fdm adhezivn\u00edm vlastnostem a elasticit\u011b poskytuje Dream Base a\u017e 4 t\u00fddny perfektn\u00edho no\u0161en\u00ed. P\u0159izp\u016fsobuje se pohybu p\u0159\u00edrodn\u00edho nehtu, co\u017e zabra\u0148uje tvorb\u011b prasklin a zaji\u0161\u0165uje dlouhou \u017eivotnost v\u00fdsledku.<\/p>\n<p>Doba polymerace: 120\u2013180 sekund v z\u00e1vislosti na barv\u011b b\u00e1ze a v\u00fdkonu lampy.<\/p>\n<p>Pou\u017eit\u00ed:<\/p>\n<p>\u2022 Samostatn\u00fd kamufl\u00e1\u017en\u00ed povlak pro p\u0159\u00edrodn\u00ed nehty.<\/p>\n<p>\u2022 Z\u00e1kladn\u00ed vrstva pod gel lak pro dokonal\u00e9 spojen\u00ed a odolnost.<\/p>\n<p>\u2022 Z\u00e1klad pod prodlu\u017eov\u00e1n\u00ed neht\u016f pro vytvo\u0159en\u00ed pevn\u00e9 b\u00e1ze a dlouhodob\u00e9ho v\u00fdsledku.<\/p>\n<p>V\u00fdhody:<\/p>\n<p>\u2022 Bezpe\u010dn\u00e9 slo\u017een\u00ed: neobsahuje HEMA ani TPO, ide\u00e1ln\u00ed pro citlivou poko\u017eku.<\/p>\n<p>\u2022 Vysok\u00e1 adheze: spolehliv\u00e9 spojen\u00ed s nehtovou plot\u00e9nkou.<\/p>\n<p>\u2022 Univerz\u00e1lnost: vhodn\u00e1 pro jednobarevn\u00e9 povlaky, jako z\u00e1klad pod gel lak i pro prodlu\u017eov\u00e1n\u00ed.<\/p>\n<p>\u2022 Snadn\u00e1 aplikace: samonivela\u010dn\u00ed, nest\u00e9k\u00e1, ide\u00e1ln\u00ed pro mistry v\u0161ech \u00farovn\u00ed.<\/p>\n","protected":false},"excerpt":{"rendered":"<p>Dream Base HEMA FREE \/ TPO FREE Dream Base je ide\u00e1ln\u00ed volbou pro ty, kte\u0159\u00ed cht\u011bj\u00ed dlouhotrvaj\u00edc\u00ed povlak bez rizika pro zdrav\u00ed neht\u016f. M\u00e1 st\u0159edn\u00ed konzistenci, se kterou se pohodln\u011b pracuje mistr\u016fm r\u016fzn\u00e9 \u00farovn\u011b kvalifikace. Slo\u017een\u00ed je vhodn\u00e9 i pro nejcitliv\u011bj\u0161\u00ed nehty, proto\u017ee b\u00e1ze neobsahuje HEMA ani TPO, co\u017e v\u00fdrazn\u011b sni\u017euje riziko alergick\u00fdch reakc\u00ed a [&hellip;]<\/p>\n","protected":false},"featured_media":4061,"comment_status":"open","ping_status":"closed","template":"","meta":[],"pwb-brand":[],"product_brand":[],"product_cat":[532,714],"product_tag":[],"berocket_brand":[437],"class_list":{"0":"post-9785","1":"product","2":"type-product","3":"status-publish","4":"has-post-thumbnail","6":"product_cat-novinky","7":"product_cat-cover-base-trendy-nails","8":"berocket_brand-trendy-nails","10":"first","11":"instock","12":"taxable","13":"shipping-taxable","14":"purchasable","15":"product-type-simple"},"acf":[],"brands":[],"_links":{"self":[{"href":"https:\/\/mikeladzenailstore.com\/sk\/wp-json\/wp\/v2\/product\/9785","targetHints":{"allow":["GET"]}}],"collection":[{"href":"https:\/\/mikeladzenailstore.com\/sk\/wp-json\/wp\/v2\/product"}],"about":[{"href":"https:\/\/mikeladzenailstore.com\/sk\/wp-json\/wp\/v2\/types\/product"}],"replies":[{"embeddable":true,"href":"https:\/\/mikeladzenailstore.com\/sk\/wp-json\/wp\/v2\/comments?post=9785"}],"version-history":[{"count":0,"href":"https:\/\/mikeladzenailstore.com\/sk\/wp-json\/wp\/v2\/product\/9785\/revisions"}],"wp:featuredmedia":[{"embeddable":true,"href":"https:\/\/mikeladzenailstore.com\/sk\/wp-json\/wp\/v2\/media\/4061"}],"wp:attachment":[{"href":"https:\/\/mikeladzenailstore.com\/sk\/wp-json\/wp\/v2\/media?parent=9785"}],"wp:term":[{"taxonomy":"pwb-brand","embeddable":true,"href":"https:\/\/mikeladzenailstore.com\/sk\/wp-json\/wp\/v2\/pwb-brand?post=9785"},{"taxonomy":"product_brand","embeddable":true,"href":"https:\/\/mikeladzenailstore.com\/sk\/wp-json\/wp\/v2\/product_brand?post=9785"},{"taxonomy":"product_cat","embeddable":true,"href":"https:\/\/mikeladzenailstore.com\/sk\/wp-json\/wp\/v2\/product_cat?post=9785"},{"taxonomy":"product_tag","embeddable":true,"href":"https:\/\/mikeladzenailstore.com\/sk\/wp-json\/wp\/v2\/product_tag?post=9785"},{"taxonomy":"berocket_brand","embeddable":true,"href":"https:\/\/mikeladzenailstore.com\/sk\/wp-json\/wp\/v2\/berocket_brand?post=9785"}],"curies":[{"name":"wp","href":"https:\/\/api.w.org\/{rel}","templated":true}]}}