{"id":9800,"date":"2025-11-15T11:57:20","date_gmt":"2025-11-15T11:57:20","guid":{"rendered":"https:\/\/mikeladzenailstore.com\/p\/dream-base-hollywood-trendy-nails-30-ml\/"},"modified":"2026-04-15T18:55:07","modified_gmt":"2026-04-15T18:55:07","slug":"dream-base-hollywood-trendy-nails-30-ml","status":"publish","type":"product","link":"https:\/\/mikeladzenailstore.com\/sk\/produkt\/dream-base-hollywood-trendy-nails-30-ml\/","title":{"rendered":"Dream base Hollywood Trendy nails"},"content":{"rendered":"<p data-start=\"0\" data-end=\"169\">Odhalte p\u0159irozenou kr\u00e1su sv\u00fdch neht\u016f s <strong data-start=\"39\" data-end=\"78\">Dream Base Trendy Nails \u2013 Hollywood<\/strong> \u2013 samovyrovn\u00e1vac\u00ed semipermanentn\u00ed b\u00e1z\u00ed nov\u00e9 generace, ide\u00e1ln\u00ed pro zpevn\u011bn\u00ed bez pilov\u00e1n\u00ed.<\/p>\n<p data-start=\"171\" data-end=\"316\">Jej\u00ed kr\u00e9mov\u00e1, elastick\u00e1 a odoln\u00e1 textura se nan\u00e1\u0161\u00ed jako pohlazen\u00ed a zahal\u00ed nehet do intenzivn\u00edho, elegantn\u00edho a univerz\u00e1ln\u00edho r\u016f\u017eov\u00e9ho odst\u00ednu.<\/p>\n<p data-start=\"318\" data-end=\"441\" data-is-last-node=\"\" data-is-only-node=\"\">Bezpe\u010dn\u00e9 slo\u017een\u00ed bez HEMA a TPO je \u0161etrn\u00e9 i k citliv\u00fdm neht\u016fm a zaru\u010duje dokonalou v\u00fddr\u017e a\u017e 4 t\u00fddny pln\u00e9 lesku a odolnosti.<\/p>\n","protected":false},"excerpt":{"rendered":"<p>Odhalte p\u0159irozenou kr\u00e1su sv\u00fdch neht\u016f s Dream Base Trendy Nails \u2013 Hollywood \u2013 samovyrovn\u00e1vac\u00ed semipermanentn\u00ed b\u00e1z\u00ed nov\u00e9 generace, ide\u00e1ln\u00ed pro zpevn\u011bn\u00ed bez pilov\u00e1n\u00ed. Jej\u00ed kr\u00e9mov\u00e1, elastick\u00e1 a odoln\u00e1 textura se nan\u00e1\u0161\u00ed jako pohlazen\u00ed a zahal\u00ed nehet do intenzivn\u00edho, elegantn\u00edho a univerz\u00e1ln\u00edho r\u016f\u017eov\u00e9ho odst\u00ednu. Bezpe\u010dn\u00e9 slo\u017een\u00ed bez HEMA a TPO je \u0161etrn\u00e9 i k citliv\u00fdm neht\u016fm [&hellip;]<\/p>\n","protected":false},"featured_media":4041,"comment_status":"open","ping_status":"closed","template":"","meta":[],"pwb-brand":[],"product_brand":[],"product_cat":[714],"product_tag":[],"berocket_brand":[437],"class_list":{"0":"post-9800","1":"product","2":"type-product","3":"status-publish","4":"has-post-thumbnail","6":"product_cat-cover-base-trendy-nails","7":"berocket_brand-trendy-nails","9":"first","10":"instock","11":"taxable","12":"shipping-taxable","13":"purchasable","14":"product-type-variable"},"acf":[],"brands":[],"_links":{"self":[{"href":"https:\/\/mikeladzenailstore.com\/sk\/wp-json\/wp\/v2\/product\/9800","targetHints":{"allow":["GET"]}}],"collection":[{"href":"https:\/\/mikeladzenailstore.com\/sk\/wp-json\/wp\/v2\/product"}],"about":[{"href":"https:\/\/mikeladzenailstore.com\/sk\/wp-json\/wp\/v2\/types\/product"}],"replies":[{"embeddable":true,"href":"https:\/\/mikeladzenailstore.com\/sk\/wp-json\/wp\/v2\/comments?post=9800"}],"version-history":[{"count":1,"href":"https:\/\/mikeladzenailstore.com\/sk\/wp-json\/wp\/v2\/product\/9800\/revisions"}],"predecessor-version":[{"id":21088,"href":"https:\/\/mikeladzenailstore.com\/sk\/wp-json\/wp\/v2\/product\/9800\/revisions\/21088"}],"wp:featuredmedia":[{"embeddable":true,"href":"https:\/\/mikeladzenailstore.com\/sk\/wp-json\/wp\/v2\/media\/4041"}],"wp:attachment":[{"href":"https:\/\/mikeladzenailstore.com\/sk\/wp-json\/wp\/v2\/media?parent=9800"}],"wp:term":[{"taxonomy":"pwb-brand","embeddable":true,"href":"https:\/\/mikeladzenailstore.com\/sk\/wp-json\/wp\/v2\/pwb-brand?post=9800"},{"taxonomy":"product_brand","embeddable":true,"href":"https:\/\/mikeladzenailstore.com\/sk\/wp-json\/wp\/v2\/product_brand?post=9800"},{"taxonomy":"product_cat","embeddable":true,"href":"https:\/\/mikeladzenailstore.com\/sk\/wp-json\/wp\/v2\/product_cat?post=9800"},{"taxonomy":"product_tag","embeddable":true,"href":"https:\/\/mikeladzenailstore.com\/sk\/wp-json\/wp\/v2\/product_tag?post=9800"},{"taxonomy":"berocket_brand","embeddable":true,"href":"https:\/\/mikeladzenailstore.com\/sk\/wp-json\/wp\/v2\/berocket_brand?post=9800"}],"curies":[{"name":"wp","href":"https:\/\/api.w.org\/{rel}","templated":true}]}}