{"id":9830,"date":"2025-11-15T11:57:08","date_gmt":"2025-11-15T11:57:08","guid":{"rendered":"https:\/\/mikeladzenailstore.com\/p\/dream-base-belle-no-tpo-no-hema-trendy-nails-15-ml\/"},"modified":"2026-04-15T18:35:10","modified_gmt":"2026-04-15T18:35:10","slug":"dream-base-belle-no-tpo-no-hema-trendy-nails-15-ml","status":"publish","type":"product","link":"https:\/\/mikeladzenailstore.com\/sk\/produkt\/dream-base-belle-no-tpo-no-hema-trendy-nails-15-ml\/","title":{"rendered":"Dream base Belle Trendy nails"},"content":{"rendered":"<p data-start=\"0\" data-end=\"60\">Inovativn\u00ed samovyrovn\u00e1vac\u00ed b\u00e1ze pro zpevn\u011bn\u00ed bez pilov\u00e1n\u00ed.<\/p>\n<p data-start=\"62\" data-end=\"245\"><strong data-start=\"62\" data-end=\"82\">Dream Base Belle<\/strong> m\u00e1 pudrov\u00fd odst\u00edn, kter\u00fd je perfektn\u00ed pro ka\u017ed\u00fd t\u00f3n pleti. D\u00edky kr\u00e9mov\u00e9, samovyrovn\u00e1vac\u00ed textu\u0159e je navr\u017eena pro maxim\u00e1ln\u011b snadnou aplikaci bez nutnosti pilov\u00e1n\u00ed.<\/p>\n<p data-start=\"247\" data-end=\"588\"><strong data-start=\"247\" data-end=\"269\">Hlavn\u00ed vlastnosti:<\/strong><br data-start=\"269\" data-end=\"272\" \/>\u2022 Univerz\u00e1ln\u00ed b\u00e1ze: ide\u00e1ln\u00ed pro zpevn\u011bn\u00ed p\u0159\u00edrodn\u00edch neht\u016f, pro prodlou\u017een\u00ed se strukturou i jako podklad pro v\u0161echny model\u00e1\u017en\u00ed syst\u00e9my.<br data-start=\"406\" data-end=\"409\" \/>\u2022 Elastick\u00e1 a odoln\u00e1, zaji\u0161\u0165uje vynikaj\u00edc\u00ed p\u0159ilnavost i na problematick\u00fdch nehtech.<br data-start=\"492\" data-end=\"495\" \/>\u2022 Lahvi\u010dka 15 ml s praktick\u00fdm \u0161t\u011bte\u010dkem pro p\u0159esnou aplikaci nebo kel\u00edmek 30 ml bez \u0161t\u011bte\u010dku.<\/p>\n<p data-start=\"590\" data-end=\"938\" data-is-last-node=\"\" data-is-only-node=\"\"><strong data-start=\"590\" data-end=\"608\">Hlavn\u00ed v\u00fdhody:<\/strong><br data-start=\"608\" data-end=\"611\" \/>\u2022 Vynikaj\u00edc\u00ed v\u00fddr\u017e v\u00edce ne\u017e 4 t\u00fddny bez zved\u00e1n\u00ed.<br data-start=\"659\" data-end=\"662\" \/>\u2022 Nevytv\u00e1\u0159\u00ed pocit p\u00e1len\u00ed b\u011bhem polymerizace.<br data-start=\"706\" data-end=\"709\" \/>\u2022 Stabiln\u00ed a flexibiln\u00ed, vhodn\u00e1 pro v\u0161echny typy neht\u016f.<br data-start=\"764\" data-end=\"767\" \/>\u2022 Samovyrovn\u00e1vac\u00ed, bez nutnosti pilov\u00e1n\u00ed.<br data-start=\"808\" data-end=\"811\" \/>\u2022 Bez primeru: nevy\u017eaduje pou\u017eit\u00ed primeru a neobsahuje kyseliny.<br data-start=\"875\" data-end=\"878\" \/>\u2022 Snadno odstraniteln\u00e1 pomoc\u00ed Removeru, fr\u00e9zky nebo piln\u00edku.<\/p>\n","protected":false},"excerpt":{"rendered":"<p>Inovativn\u00ed samovyrovn\u00e1vac\u00ed b\u00e1ze pro zpevn\u011bn\u00ed bez pilov\u00e1n\u00ed. Dream Base Belle m\u00e1 pudrov\u00fd odst\u00edn, kter\u00fd je perfektn\u00ed pro ka\u017ed\u00fd t\u00f3n pleti. D\u00edky kr\u00e9mov\u00e9, samovyrovn\u00e1vac\u00ed textu\u0159e je navr\u017eena pro maxim\u00e1ln\u011b snadnou aplikaci bez nutnosti pilov\u00e1n\u00ed. Hlavn\u00ed vlastnosti:\u2022 Univerz\u00e1ln\u00ed b\u00e1ze: ide\u00e1ln\u00ed pro zpevn\u011bn\u00ed p\u0159\u00edrodn\u00edch neht\u016f, pro prodlou\u017een\u00ed se strukturou i jako podklad pro v\u0161echny model\u00e1\u017en\u00ed syst\u00e9my.\u2022 Elastick\u00e1 a [&hellip;]<\/p>\n","protected":false},"featured_media":4028,"comment_status":"open","ping_status":"closed","template":"","meta":[],"pwb-brand":[],"product_brand":[],"product_cat":[714],"product_tag":[],"berocket_brand":[437],"class_list":{"0":"post-9830","1":"product","2":"type-product","3":"status-publish","4":"has-post-thumbnail","6":"product_cat-cover-base-trendy-nails","7":"berocket_brand-trendy-nails","9":"first","10":"outofstock","11":"taxable","12":"shipping-taxable","13":"purchasable","14":"product-type-variable"},"acf":[],"brands":[],"_links":{"self":[{"href":"https:\/\/mikeladzenailstore.com\/sk\/wp-json\/wp\/v2\/product\/9830","targetHints":{"allow":["GET"]}}],"collection":[{"href":"https:\/\/mikeladzenailstore.com\/sk\/wp-json\/wp\/v2\/product"}],"about":[{"href":"https:\/\/mikeladzenailstore.com\/sk\/wp-json\/wp\/v2\/types\/product"}],"replies":[{"embeddable":true,"href":"https:\/\/mikeladzenailstore.com\/sk\/wp-json\/wp\/v2\/comments?post=9830"}],"version-history":[{"count":1,"href":"https:\/\/mikeladzenailstore.com\/sk\/wp-json\/wp\/v2\/product\/9830\/revisions"}],"predecessor-version":[{"id":21055,"href":"https:\/\/mikeladzenailstore.com\/sk\/wp-json\/wp\/v2\/product\/9830\/revisions\/21055"}],"wp:featuredmedia":[{"embeddable":true,"href":"https:\/\/mikeladzenailstore.com\/sk\/wp-json\/wp\/v2\/media\/4028"}],"wp:attachment":[{"href":"https:\/\/mikeladzenailstore.com\/sk\/wp-json\/wp\/v2\/media?parent=9830"}],"wp:term":[{"taxonomy":"pwb-brand","embeddable":true,"href":"https:\/\/mikeladzenailstore.com\/sk\/wp-json\/wp\/v2\/pwb-brand?post=9830"},{"taxonomy":"product_brand","embeddable":true,"href":"https:\/\/mikeladzenailstore.com\/sk\/wp-json\/wp\/v2\/product_brand?post=9830"},{"taxonomy":"product_cat","embeddable":true,"href":"https:\/\/mikeladzenailstore.com\/sk\/wp-json\/wp\/v2\/product_cat?post=9830"},{"taxonomy":"product_tag","embeddable":true,"href":"https:\/\/mikeladzenailstore.com\/sk\/wp-json\/wp\/v2\/product_tag?post=9830"},{"taxonomy":"berocket_brand","embeddable":true,"href":"https:\/\/mikeladzenailstore.com\/sk\/wp-json\/wp\/v2\/berocket_brand?post=9830"}],"curies":[{"name":"wp","href":"https:\/\/api.w.org\/{rel}","templated":true}]}}